{"id":320,"date":"2023-02-10T02:10:33","date_gmt":"2023-02-10T02:10:33","guid":{"rendered":"https:\/\/blazevuedigi.com\/?page_id=320"},"modified":"2023-04-23T06:11:59","modified_gmt":"2023-04-23T06:11:59","slug":"web-design-development","status":"publish","type":"page","link":"https:\/\/blazevuedigi.com\/de\/web-design-development\/","title":{"rendered":"Webdesign &amp; Entwicklung"},"content":{"rendered":"<div data-elementor-type=\"wp-page\" data-elementor-id=\"320\" class=\"elementor elementor-320\">\n\t\t\t\t\t\t<section class=\"elementor-section elementor-top-section elementor-element elementor-element-1048c868 innerpage_banner elementor-section-boxed elementor-section-height-default elementor-section-height-default\" data-id=\"1048c868\" data-element_type=\"section\" data-settings=\"{&quot;background_background&quot;:&quot;classic&quot;}\">\n\t\t\t\t\t\t\t<div class=\"elementor-background-overlay\"><\/div>\n\t\t\t\t\t\t\t<div class=\"elementor-container elementor-column-gap-default\">\n\t\t\t\t\t<div class=\"elementor-column elementor-col-100 elementor-top-column elementor-element elementor-element-5d77ba23\" data-id=\"5d77ba23\" data-element_type=\"column\">\n\t\t\t<div class=\"elementor-widget-wrap elementor-element-populated\">\n\t\t\t\t\t\t<div class=\"elementor-element elementor-element-15c4584 elementor-widget elementor-widget-heading\" data-id=\"15c4584\" data-element_type=\"widget\" data-widget_type=\"heading.default\">\n\t\t\t\t<div class=\"elementor-widget-container\">\n\t\t\t<style>\/*! elementor - v3.23.0 - 05-08-2024 *\/\n.elementor-heading-title{padding:0;margin:0;line-height:1}.elementor-widget-heading .elementor-heading-title[class*=elementor-size-]>a{color:inherit;font-size:inherit;line-height:inherit}.elementor-widget-heading .elementor-heading-title.elementor-size-small{font-size:15px}.elementor-widget-heading .elementor-heading-title.elementor-size-medium{font-size:19px}.elementor-widget-heading .elementor-heading-title.elementor-size-large{font-size:29px}.elementor-widget-heading .elementor-heading-title.elementor-size-xl{font-size:39px}.elementor-widget-heading .elementor-heading-title.elementor-size-xxl{font-size:59px}<\/style><h1 class=\"elementor-heading-title elementor-size-default\">Webdesign &amp; Entwicklung<\/h1>\t\t<\/div>\n\t\t\t\t<\/div>\n\t\t\t\t\t<\/div>\n\t\t<\/div>\n\t\t\t\t\t<\/div>\n\t\t<\/section>\n\t\t\t\t<section class=\"elementor-section elementor-top-section elementor-element elementor-element-2469416e cardiology_content elementor-section-boxed elementor-section-height-default elementor-section-height-default\" data-id=\"2469416e\" data-element_type=\"section\">\n\t\t\t\t\t\t<div class=\"elementor-container elementor-column-gap-default\">\n\t\t\t\t\t<div class=\"elementor-column elementor-col-100 elementor-top-column elementor-element elementor-element-5f131b69\" data-id=\"5f131b69\" data-element_type=\"column\">\n\t\t\t<div class=\"elementor-widget-wrap elementor-element-populated\">\n\t\t\t\t\t\t<div class=\"elementor-element elementor-element-432faadb elementor-widget elementor-widget-text-editor\" data-id=\"432faadb\" data-element_type=\"widget\" data-widget_type=\"text-editor.default\">\n\t\t\t\t<div class=\"elementor-widget-container\">\n\t\t\t<style>\/*! elementor - v3.23.0 - 05-08-2024 *\/\n.elementor-widget-text-editor.elementor-drop-cap-view-stacked .elementor-drop-cap{background-color:#69727d;color:#fff}.elementor-widget-text-editor.elementor-drop-cap-view-framed .elementor-drop-cap{color:#69727d;border:3px solid;background-color:transparent}.elementor-widget-text-editor:not(.elementor-drop-cap-view-default) .elementor-drop-cap{margin-top:8px}.elementor-widget-text-editor:not(.elementor-drop-cap-view-default) .elementor-drop-cap-letter{width:1em;height:1em}.elementor-widget-text-editor .elementor-drop-cap{float:left;text-align:center;line-height:1;font-size:50px}.elementor-widget-text-editor .elementor-drop-cap-letter{display:inline-block}<\/style>\t\t\t\t<p>Unser Team aus erfahrenen Webdesignern und Entwicklern arbeitet zusammen, um optisch ansprechende und einfach zu bedienende Websites zu erstellen. Wir verwenden die neuesten Technologie- und Designtrends, um sicherzustellen, dass Ihre Website aktuell und leistungsoptimiert ist. Unser Team arbeitet mit Ihnen zusammen, um Ihre Gesch\u00e4ftsziele, Ihr Zielpublikum und Ihre Markenidentit\u00e4t zu verstehen, um eine Website zu erstellen, die Ihr Unternehmen genau repr\u00e4sentiert.<\/p><p>Unsere Dienstleistungen im Bereich Webdesign und -entwicklung umfassen:<\/p>\t\t\t\t\t\t<\/div>\n\t\t\t\t<\/div>\n\t\t\t\t<section class=\"elementor-section elementor-inner-section elementor-element elementor-element-1996a56 elementor-section-boxed elementor-section-height-default elementor-section-height-default\" data-id=\"1996a56\" data-element_type=\"section\">\n\t\t\t\t\t\t<div class=\"elementor-container elementor-column-gap-default\">\n\t\t\t\t\t<div class=\"elementor-column elementor-col-33 elementor-inner-column elementor-element elementor-element-e0d2958 speciality_box\" data-id=\"e0d2958\" data-element_type=\"column\">\n\t\t\t<div class=\"elementor-widget-wrap elementor-element-populated\">\n\t\t\t\t\t\t<div class=\"elementor-element elementor-element-6f37712 elementor-widget elementor-widget-text-editor\" data-id=\"6f37712\" data-element_type=\"widget\" data-widget_type=\"text-editor.default\">\n\t\t\t\t<div class=\"elementor-widget-container\">\n\t\t\t\t\t\t\t<h5>Website design<\/h5><p>Erstellen Sie ein individuelles Design f\u00fcr Ihre Website, das Ihre einzigartige Markenidentit\u00e4t widerspiegelt.<\/p>\t\t\t\t\t\t<\/div>\n\t\t\t\t<\/div>\n\t\t\t\t\t<\/div>\n\t\t<\/div>\n\t\t\t\t<div class=\"elementor-column elementor-col-33 elementor-inner-column elementor-element elementor-element-f7a4478 speciality_box\" data-id=\"f7a4478\" data-element_type=\"column\">\n\t\t\t<div class=\"elementor-widget-wrap elementor-element-populated\">\n\t\t\t\t\t\t<div class=\"elementor-element elementor-element-aaea920 elementor-widget elementor-widget-text-editor\" data-id=\"aaea920\" data-element_type=\"widget\" data-widget_type=\"text-editor.default\">\n\t\t\t\t<div class=\"elementor-widget-container\">\n\t\t\t\t\t\t\t<h5>Webseitenentwicklung<\/h5><p>Unser Entwicklungsteam verwendet die neueste Technologie, um Ihre Website zum Leben zu erwecken und sicherzustellen, dass Ihre Website schnell, sicher und benutzerfreundlich ist.<\/p>\t\t\t\t\t\t<\/div>\n\t\t\t\t<\/div>\n\t\t\t\t\t<\/div>\n\t\t<\/div>\n\t\t\t\t<div class=\"elementor-column elementor-col-33 elementor-inner-column elementor-element elementor-element-1039b25 speciality_box\" data-id=\"1039b25\" data-element_type=\"column\">\n\t\t\t<div class=\"elementor-widget-wrap elementor-element-populated\">\n\t\t\t\t\t\t<div class=\"elementor-element elementor-element-201c734 elementor-widget elementor-widget-text-editor\" data-id=\"201c734\" data-element_type=\"widget\" data-widget_type=\"text-editor.default\">\n\t\t\t\t<div class=\"elementor-widget-container\">\n\t\t\t\t\t\t\t<h5>E-Commerce-Entwicklung<\/h5><p>Wir sind darauf spezialisiert, benutzerfreundliche, sichere und verkaufsoptimierte E-Commerce-Websites zu entwickeln.<\/p>\t\t\t\t\t\t<\/div>\n\t\t\t\t<\/div>\n\t\t\t\t\t<\/div>\n\t\t<\/div>\n\t\t\t\t\t<\/div>\n\t\t<\/section>\n\t\t\t\t<section class=\"elementor-section elementor-inner-section elementor-element elementor-element-1002a25 elementor-section-boxed elementor-section-height-default elementor-section-height-default\" data-id=\"1002a25\" data-element_type=\"section\">\n\t\t\t\t\t\t<div class=\"elementor-container elementor-column-gap-default\">\n\t\t\t\t\t<div class=\"elementor-column elementor-col-33 elementor-inner-column elementor-element elementor-element-943c951 speciality_box\" data-id=\"943c951\" data-element_type=\"column\">\n\t\t\t<div class=\"elementor-widget-wrap elementor-element-populated\">\n\t\t\t\t\t\t<div class=\"elementor-element elementor-element-c9c94e9 elementor-widget elementor-widget-text-editor\" data-id=\"c9c94e9\" data-element_type=\"widget\" data-widget_type=\"text-editor.default\">\n\t\t\t\t<div class=\"elementor-widget-container\">\n\t\t\t\t\t\t\t<h5>Responsives Design f\u00fcr Mobilger\u00e4te<\/h5><p>Unsere Website ist so konzipiert, dass sie auf Mobilger\u00e4te reagiert. Das bedeutet, dass sie auf jedem Ger\u00e4t gut aussehen, vom Desktop bis zum Smartphone.<\/p>\t\t\t\t\t\t<\/div>\n\t\t\t\t<\/div>\n\t\t\t\t\t<\/div>\n\t\t<\/div>\n\t\t\t\t<div class=\"elementor-column elementor-col-33 elementor-inner-column elementor-element elementor-element-55b4530 speciality_box\" data-id=\"55b4530\" data-element_type=\"column\">\n\t\t\t<div class=\"elementor-widget-wrap elementor-element-populated\">\n\t\t\t\t\t\t<div class=\"elementor-element elementor-element-13d470b elementor-widget elementor-widget-text-editor\" data-id=\"13d470b\" data-element_type=\"widget\" data-widget_type=\"text-editor.default\">\n\t\t\t\t<div class=\"elementor-widget-container\">\n\t\t\t\t\t\t\t<h5>Content-Management-Systeme (CMS)<\/h5><p>Wir bieten CMS-L\u00f6sungen wie WordPress und Drupal an, mit denen Sie Ihre Website-Inhalte einfach verwalten k\u00f6nnen.<\/p>\t\t\t\t\t\t<\/div>\n\t\t\t\t<\/div>\n\t\t\t\t\t<\/div>\n\t\t<\/div>\n\t\t\t\t<div class=\"elementor-column elementor-col-33 elementor-inner-column elementor-element elementor-element-f080ade speciality_box speciality_box_last\" data-id=\"f080ade\" data-element_type=\"column\">\n\t\t\t<div class=\"elementor-widget-wrap elementor-element-populated\">\n\t\t\t\t\t\t<div class=\"elementor-element elementor-element-b324dca elementor-widget elementor-widget-text-editor\" data-id=\"b324dca\" data-element_type=\"widget\" data-widget_type=\"text-editor.default\">\n\t\t\t\t<div class=\"elementor-widget-container\">\n\t\t\t\t\t\t\t<h5>Suchmaschinenoptimierung (SEO)<\/h5><p>Wir verwenden SEO-Techniken, damit Ihre Website auf den Ergebnisseiten von Suchmaschinen (SERPs) h\u00f6her erscheint.<\/p><p>\u00a0<\/p>\t\t\t\t\t\t<\/div>\n\t\t\t\t<\/div>\n\t\t\t\t\t<\/div>\n\t\t<\/div>\n\t\t\t\t\t<\/div>\n\t\t<\/section>\n\t\t\t\t<div class=\"elementor-element elementor-element-1906f5c elementor-widget elementor-widget-text-editor\" data-id=\"1906f5c\" data-element_type=\"widget\" data-widget_type=\"text-editor.default\">\n\t\t\t\t<div class=\"elementor-widget-container\">\n\t\t\t\t\t\t\t<p><span style=\"background-color: var(--ast-global-color-5); color: var( --e-global-color-text ); font-style: inherit; font-weight: inherit;\">Bei Blazevue Digi Solutions bem\u00fchen wir uns, qualitativ hochwertige Webdesign- und Entwicklungsdienste anzubieten, die unseren Kunden helfen, ihre Gesch\u00e4ftsziele zu erreichen. Kontaktieren Sie uns noch heute, um mehr dar\u00fcber zu erfahren, wie wir Ihrem Unternehmen zum Online-Erfolg verhelfen k\u00f6nnen.<\/span><br><\/p>\t\t\t\t\t\t<\/div>\n\t\t\t\t<\/div>\n\t\t\t\t\t<\/div>\n\t\t<\/div>\n\t\t\t\t\t<\/div>\n\t\t<\/section>\n\t\t\t\t<section class=\"elementor-section elementor-top-section elementor-element elementor-element-0ff0d9e elementor-section-boxed elementor-section-height-default elementor-section-height-default\" data-id=\"0ff0d9e\" data-element_type=\"section\">\n\t\t\t\t\t\t<div class=\"elementor-container elementor-column-gap-default\">\n\t\t\t\t\t<div class=\"elementor-column elementor-col-100 elementor-top-column elementor-element elementor-element-f28a724\" data-id=\"f28a724\" data-element_type=\"column\">\n\t\t\t<div class=\"elementor-widget-wrap elementor-element-populated\">\n\t\t\t\t\t\t<section class=\"elementor-section elementor-inner-section elementor-element elementor-element-2b49cfcb evaluate_cta elementor-section-content-middle elementor-section-boxed elementor-section-height-default elementor-section-height-default\" data-id=\"2b49cfcb\" data-element_type=\"section\" data-settings=\"{&quot;background_background&quot;:&quot;classic&quot;}\">\n\t\t\t\t\t\t<div class=\"elementor-container elementor-column-gap-default\">\n\t\t\t\t\t<div class=\"elementor-column elementor-col-50 elementor-inner-column elementor-element elementor-element-46cb820a\" data-id=\"46cb820a\" data-element_type=\"column\">\n\t\t\t<div class=\"elementor-widget-wrap elementor-element-populated\">\n\t\t\t\t\t\t<div class=\"elementor-element elementor-element-bf24f3f elementor-widget elementor-widget-image\" data-id=\"bf24f3f\" data-element_type=\"widget\" data-widget_type=\"image.default\">\n\t\t\t\t<div class=\"elementor-widget-container\">\n\t\t\t<style>\/*! elementor - v3.23.0 - 05-08-2024 *\/\n.elementor-widget-image{text-align:center}.elementor-widget-image a{display:inline-block}.elementor-widget-image a img[src$=\".svg\"]{width:48px}.elementor-widget-image img{vertical-align:middle;display:inline-block}<\/style>\t\t\t\t\t\t\t\t\t\t<img decoding=\"async\" width=\"127\" height=\"122\" src=\"https:\/\/blazevuedigi.com\/wp-content\/uploads\/2023\/01\/illustrationletstalk.png\" class=\"attachment-large size-large wp-image-202\" alt=\"\" \/>\t\t\t\t\t\t\t\t\t\t\t\t\t<\/div>\n\t\t\t\t<\/div>\n\t\t\t\t\t<\/div>\n\t\t<\/div>\n\t\t\t\t<div class=\"elementor-column elementor-col-50 elementor-inner-column elementor-element elementor-element-32404dc9\" data-id=\"32404dc9\" data-element_type=\"column\">\n\t\t\t<div class=\"elementor-widget-wrap elementor-element-populated\">\n\t\t\t\t\t\t<div class=\"elementor-element elementor-element-6ef87d7e elementor-widget elementor-widget-heading\" data-id=\"6ef87d7e\" data-element_type=\"widget\" data-widget_type=\"heading.default\">\n\t\t\t\t<div class=\"elementor-widget-container\">\n\t\t\t<h5 class=\"elementor-heading-title elementor-size-default\">M\u00f6chten Sie Blazevue Digi testen?<\/h5>\t\t<\/div>\n\t\t\t\t<\/div>\n\t\t\t\t<div class=\"elementor-element elementor-element-1c3d3395 elementor-widget elementor-widget-text-editor\" data-id=\"1c3d3395\" data-element_type=\"widget\" data-widget_type=\"text-editor.default\">\n\t\t\t\t<div class=\"elementor-widget-container\">\n\t\t\t\t\t\t\t<p>Setzen Sie sich mit uns in Verbindung und wir k\u00f6nnen Sie in k\u00fcrzester Zeit starten. So einfach ist das!<\/p>\t\t\t\t\t\t<\/div>\n\t\t\t\t<\/div>\n\t\t\t\t<div class=\"elementor-element elementor-element-130b6907 elementor-widget elementor-widget-button\" data-id=\"130b6907\" data-element_type=\"widget\" data-widget_type=\"button.default\">\n\t\t\t\t<div class=\"elementor-widget-container\">\n\t\t\t\t\t<div class=\"elementor-button-wrapper\">\n\t\t\t<a class=\"elementor-button elementor-button-link elementor-size-md\" href=\"https:\/\/blazevuedigi.com\/de\/contact-us\/\">\n\t\t\t\t\t\t<span class=\"elementor-button-content-wrapper\">\n\t\t\t\t\t\t\t\t\t<span class=\"elementor-button-text\">Lass uns reden<\/span>\n\t\t\t\t\t<\/span>\n\t\t\t\t\t<\/a>\n\t\t<\/div>\n\t\t\t\t<\/div>\n\t\t\t\t<\/div>\n\t\t\t\t\t<\/div>\n\t\t<\/div>\n\t\t\t\t\t<\/div>\n\t\t<\/section>\n\t\t\t\t\t<\/div>\n\t\t<\/div>\n\t\t\t\t\t<\/div>\n\t\t<\/section>\n\t\t\t\t<\/div>","protected":false},"excerpt":{"rendered":"<p>Web Design &#038; Development Our team of experienced web designers and developers work together to create visually appealing and easy-to-use websites. We use the latest technology and design trends to ensure your website is up-to-date and optimized for performance. Our team works with you to understand your business goals, target audience and brand identity to [&hellip;]<\/p>","protected":false},"author":1,"featured_media":0,"parent":0,"menu_order":0,"comment_status":"closed","ping_status":"closed","template":"","meta":{"inline_featured_image":false,"site-sidebar-layout":"no-sidebar","site-content-layout":"page-builder","ast-site-content-layout":"","site-content-style":"default","site-sidebar-style":"default","ast-global-header-display":"","ast-banner-title-visibility":"","ast-main-header-display":"","ast-hfb-above-header-display":"","ast-hfb-below-header-display":"","ast-hfb-mobile-header-display":"","site-post-title":"disabled","ast-breadcrumbs-content":"","ast-featured-img":"disabled","footer-sml-layout":"","theme-transparent-header-meta":"","adv-header-id-meta":"","stick-header-meta":"","header-above-stick-meta":"","header-main-stick-meta":"","header-below-stick-meta":"","astra-migrate-meta-layouts":"default","ast-page-background-enabled":"default","ast-page-background-meta":{"desktop":{"background-color":"var(--ast-global-color-4)","background-image":"","background-repeat":"repeat","background-position":"center center","background-size":"auto","background-attachment":"scroll","background-type":"","background-media":"","overlay-type":"","overlay-color":"","overlay-opacity":"","overlay-gradient":""},"tablet":{"background-color":"","background-image":"","background-repeat":"repeat","background-position":"center center","background-size":"auto","background-attachment":"scroll","background-type":"","background-media":"","overlay-type":"","overlay-color":"","overlay-opacity":"","overlay-gradient":""},"mobile":{"background-color":"","background-image":"","background-repeat":"repeat","background-position":"center center","background-size":"auto","background-attachment":"scroll","background-type":"","background-media":"","overlay-type":"","overlay-color":"","overlay-opacity":"","overlay-gradient":""}},"ast-content-background-meta":{"desktop":{"background-color":"var(--ast-global-color-5)","background-image":"","background-repeat":"repeat","background-position":"center center","background-size":"auto","background-attachment":"scroll","background-type":"","background-media":"","overlay-type":"","overlay-color":"","overlay-opacity":"","overlay-gradient":""},"tablet":{"background-color":"var(--ast-global-color-5)","background-image":"","background-repeat":"repeat","background-position":"center center","background-size":"auto","background-attachment":"scroll","background-type":"","background-media":"","overlay-type":"","overlay-color":"","overlay-opacity":"","overlay-gradient":""},"mobile":{"background-color":"var(--ast-global-color-5)","background-image":"","background-repeat":"repeat","background-position":"center center","background-size":"auto","background-attachment":"scroll","background-type":"","background-media":"","overlay-type":"","overlay-color":"","overlay-opacity":"","overlay-gradient":""}},"footnotes":""},"class_list":["post-320","page","type-page","status-publish","hentry"],"yoast_head":"<!-- This site is optimized with the Yoast SEO plugin v23.3 - https:\/\/yoast.com\/wordpress\/plugins\/seo\/ -->\n<title>Web Design &amp; Development - Blazevue<\/title>\n<meta name=\"robots\" content=\"index, follow, max-snippet:-1, max-image-preview:large, max-video-preview:-1\" \/>\n<link rel=\"canonical\" href=\"https:\/\/blazevuedigi.com\/de\/web-design-development\/\" \/>\n<meta property=\"og:locale\" content=\"de_DE\" \/>\n<meta property=\"og:type\" content=\"article\" \/>\n<meta property=\"og:title\" content=\"Web Design &amp; Development - Blazevue\" \/>\n<meta property=\"og:description\" content=\"Web Design &#038; Development Our team of experienced web designers and developers work together to create visually appealing and easy-to-use websites. We use the latest technology and design trends to ensure your website is up-to-date and optimized for performance. Our team works with you to understand your business goals, target audience and brand identity to [&hellip;]\" \/>\n<meta property=\"og:url\" content=\"https:\/\/blazevuedigi.com\/de\/web-design-development\/\" \/>\n<meta property=\"og:site_name\" content=\"Blazevue\" \/>\n<meta property=\"article:publisher\" content=\"https:\/\/www.facebook.com\/profile.php?id=100089035842494\" \/>\n<meta property=\"article:modified_time\" content=\"2023-04-23T06:11:59+00:00\" \/>\n<meta property=\"og:image\" content=\"https:\/\/blazevuedigi.com\/wp-content\/uploads\/2023\/01\/illustrationletstalk.png\" \/>\n<meta name=\"twitter:card\" content=\"summary_large_image\" \/>\n<meta name=\"twitter:site\" content=\"@blazevue\" \/>\n<meta name=\"twitter:label1\" content=\"Gesch\u00e4tzte Lesezeit\" \/>\n\t<meta name=\"twitter:data1\" content=\"2\u00a0Minuten\" \/>\n<script type=\"application\/ld+json\" class=\"yoast-schema-graph\">{\"@context\":\"https:\/\/schema.org\",\"@graph\":[{\"@type\":\"WebPage\",\"@id\":\"https:\/\/blazevuedigi.com\/web-design-development\/\",\"url\":\"https:\/\/blazevuedigi.com\/web-design-development\/\",\"name\":\"Web Design & Development - Blazevue\",\"isPartOf\":{\"@id\":\"https:\/\/blazevuedigi.com\/#website\"},\"primaryImageOfPage\":{\"@id\":\"https:\/\/blazevuedigi.com\/web-design-development\/#primaryimage\"},\"image\":{\"@id\":\"https:\/\/blazevuedigi.com\/web-design-development\/#primaryimage\"},\"thumbnailUrl\":\"https:\/\/blazevuedigi.com\/wp-content\/uploads\/2023\/01\/illustrationletstalk.png\",\"datePublished\":\"2023-02-10T02:10:33+00:00\",\"dateModified\":\"2023-04-23T06:11:59+00:00\",\"breadcrumb\":{\"@id\":\"https:\/\/blazevuedigi.com\/web-design-development\/#breadcrumb\"},\"inLanguage\":\"de\",\"potentialAction\":[{\"@type\":\"ReadAction\",\"target\":[\"https:\/\/blazevuedigi.com\/web-design-development\/\"]}]},{\"@type\":\"ImageObject\",\"inLanguage\":\"de\",\"@id\":\"https:\/\/blazevuedigi.com\/web-design-development\/#primaryimage\",\"url\":\"https:\/\/blazevuedigi.com\/wp-content\/uploads\/2023\/01\/illustrationletstalk.png\",\"contentUrl\":\"https:\/\/blazevuedigi.com\/wp-content\/uploads\/2023\/01\/illustrationletstalk.png\"},{\"@type\":\"BreadcrumbList\",\"@id\":\"https:\/\/blazevuedigi.com\/web-design-development\/#breadcrumb\",\"itemListElement\":[{\"@type\":\"ListItem\",\"position\":1,\"name\":\"Home\",\"item\":\"https:\/\/blazevuedigi.com\/\"},{\"@type\":\"ListItem\",\"position\":2,\"name\":\"Web Design &#038; Development\"}]},{\"@type\":\"WebSite\",\"@id\":\"https:\/\/blazevuedigi.com\/#website\",\"url\":\"https:\/\/blazevuedigi.com\/\",\"name\":\"Blazevue\",\"description\":\"\",\"publisher\":{\"@id\":\"https:\/\/blazevuedigi.com\/#organization\"},\"potentialAction\":[{\"@type\":\"SearchAction\",\"target\":{\"@type\":\"EntryPoint\",\"urlTemplate\":\"https:\/\/blazevuedigi.com\/?s={search_term_string}\"},\"query-input\":\"required name=search_term_string\"}],\"inLanguage\":\"de\"},{\"@type\":\"Organization\",\"@id\":\"https:\/\/blazevuedigi.com\/#organization\",\"name\":\"Blazevue\",\"url\":\"https:\/\/blazevuedigi.com\/\",\"logo\":{\"@type\":\"ImageObject\",\"inLanguage\":\"de\",\"@id\":\"https:\/\/blazevuedigi.com\/#\/schema\/logo\/image\/\",\"url\":\"https:\/\/blazevuedigi.com\/wp-content\/uploads\/2023\/05\/blazevuedigi-logo.svg\",\"contentUrl\":\"https:\/\/blazevuedigi.com\/wp-content\/uploads\/2023\/05\/blazevuedigi-logo.svg\",\"width\":161,\"height\":50,\"caption\":\"Blazevue\"},\"image\":{\"@id\":\"https:\/\/blazevuedigi.com\/#\/schema\/logo\/image\/\"},\"sameAs\":[\"https:\/\/www.facebook.com\/profile.php?id=100089035842494\",\"https:\/\/x.com\/blazevue\",\"https:\/\/medium.com\/@blazevue4u\",\"https:\/\/www.linkedin.com\/in\/blazevue-inc-10846726b\/\"]}]}<\/script>\n<!-- \/ Yoast SEO plugin. -->","yoast_head_json":{"title":"Web Design & Development - Blazevue","robots":{"index":"index","follow":"follow","max-snippet":"max-snippet:-1","max-image-preview":"max-image-preview:large","max-video-preview":"max-video-preview:-1"},"canonical":"https:\/\/blazevuedigi.com\/de\/web-design-development\/","og_locale":"de_DE","og_type":"article","og_title":"Web Design & Development - Blazevue","og_description":"Web Design &#038; Development Our team of experienced web designers and developers work together to create visually appealing and easy-to-use websites. We use the latest technology and design trends to ensure your website is up-to-date and optimized for performance. Our team works with you to understand your business goals, target audience and brand identity to [&hellip;]","og_url":"https:\/\/blazevuedigi.com\/de\/web-design-development\/","og_site_name":"Blazevue","article_publisher":"https:\/\/www.facebook.com\/profile.php?id=100089035842494","article_modified_time":"2023-04-23T06:11:59+00:00","og_image":[{"url":"https:\/\/blazevuedigi.com\/wp-content\/uploads\/2023\/01\/illustrationletstalk.png"}],"twitter_card":"summary_large_image","twitter_site":"@blazevue","twitter_misc":{"Gesch\u00e4tzte Lesezeit":"2\u00a0Minuten"},"schema":{"@context":"https:\/\/schema.org","@graph":[{"@type":"WebPage","@id":"https:\/\/blazevuedigi.com\/web-design-development\/","url":"https:\/\/blazevuedigi.com\/web-design-development\/","name":"Web Design & Development - Blazevue","isPartOf":{"@id":"https:\/\/blazevuedigi.com\/#website"},"primaryImageOfPage":{"@id":"https:\/\/blazevuedigi.com\/web-design-development\/#primaryimage"},"image":{"@id":"https:\/\/blazevuedigi.com\/web-design-development\/#primaryimage"},"thumbnailUrl":"https:\/\/blazevuedigi.com\/wp-content\/uploads\/2023\/01\/illustrationletstalk.png","datePublished":"2023-02-10T02:10:33+00:00","dateModified":"2023-04-23T06:11:59+00:00","breadcrumb":{"@id":"https:\/\/blazevuedigi.com\/web-design-development\/#breadcrumb"},"inLanguage":"de","potentialAction":[{"@type":"ReadAction","target":["https:\/\/blazevuedigi.com\/web-design-development\/"]}]},{"@type":"ImageObject","inLanguage":"de","@id":"https:\/\/blazevuedigi.com\/web-design-development\/#primaryimage","url":"https:\/\/blazevuedigi.com\/wp-content\/uploads\/2023\/01\/illustrationletstalk.png","contentUrl":"https:\/\/blazevuedigi.com\/wp-content\/uploads\/2023\/01\/illustrationletstalk.png"},{"@type":"BreadcrumbList","@id":"https:\/\/blazevuedigi.com\/web-design-development\/#breadcrumb","itemListElement":[{"@type":"ListItem","position":1,"name":"Home","item":"https:\/\/blazevuedigi.com\/"},{"@type":"ListItem","position":2,"name":"Web Design &#038; Development"}]},{"@type":"WebSite","@id":"https:\/\/blazevuedigi.com\/#website","url":"https:\/\/blazevuedigi.com\/","name":"Blazevue","description":"","publisher":{"@id":"https:\/\/blazevuedigi.com\/#organization"},"potentialAction":[{"@type":"SearchAction","target":{"@type":"EntryPoint","urlTemplate":"https:\/\/blazevuedigi.com\/?s={search_term_string}"},"query-input":"required name=search_term_string"}],"inLanguage":"de"},{"@type":"Organization","@id":"https:\/\/blazevuedigi.com\/#organization","name":"Blazevue","url":"https:\/\/blazevuedigi.com\/","logo":{"@type":"ImageObject","inLanguage":"de","@id":"https:\/\/blazevuedigi.com\/#\/schema\/logo\/image\/","url":"https:\/\/blazevuedigi.com\/wp-content\/uploads\/2023\/05\/blazevuedigi-logo.svg","contentUrl":"https:\/\/blazevuedigi.com\/wp-content\/uploads\/2023\/05\/blazevuedigi-logo.svg","width":161,"height":50,"caption":"Blazevue"},"image":{"@id":"https:\/\/blazevuedigi.com\/#\/schema\/logo\/image\/"},"sameAs":["https:\/\/www.facebook.com\/profile.php?id=100089035842494","https:\/\/x.com\/blazevue","https:\/\/medium.com\/@blazevue4u","https:\/\/www.linkedin.com\/in\/blazevue-inc-10846726b\/"]}]}},"_links":{"self":[{"href":"https:\/\/blazevuedigi.com\/de\/wp-json\/wp\/v2\/pages\/320"}],"collection":[{"href":"https:\/\/blazevuedigi.com\/de\/wp-json\/wp\/v2\/pages"}],"about":[{"href":"https:\/\/blazevuedigi.com\/de\/wp-json\/wp\/v2\/types\/page"}],"author":[{"embeddable":true,"href":"https:\/\/blazevuedigi.com\/de\/wp-json\/wp\/v2\/users\/1"}],"replies":[{"embeddable":true,"href":"https:\/\/blazevuedigi.com\/de\/wp-json\/wp\/v2\/comments?post=320"}],"version-history":[{"count":46,"href":"https:\/\/blazevuedigi.com\/de\/wp-json\/wp\/v2\/pages\/320\/revisions"}],"predecessor-version":[{"id":1814,"href":"https:\/\/blazevuedigi.com\/de\/wp-json\/wp\/v2\/pages\/320\/revisions\/1814"}],"wp:attachment":[{"href":"https:\/\/blazevuedigi.com\/de\/wp-json\/wp\/v2\/media?parent=320"}],"curies":[{"name":"wp","href":"https:\/\/api.w.org\/{rel}","templated":true}]}}