{"id":484,"date":"2023-02-20T15:44:55","date_gmt":"2023-02-20T15:44:55","guid":{"rendered":"https:\/\/blazevuedigi.com\/?page_id=484"},"modified":"2023-04-16T03:59:07","modified_gmt":"2023-04-16T03:59:07","slug":"privacy-policy","status":"publish","type":"page","link":"https:\/\/blazevuedigi.com\/de\/privacy-policy\/","title":{"rendered":"Datenschutz-Bestimmungen"},"content":{"rendered":"<div data-elementor-type=\"wp-page\" data-elementor-id=\"484\" class=\"elementor elementor-484\">\n\t\t\t\t\t\t<section class=\"elementor-section elementor-top-section elementor-element elementor-element-69b2a105 elementor-section-boxed elementor-section-height-default elementor-section-height-default\" data-id=\"69b2a105\" data-element_type=\"section\">\n\t\t\t\t\t\t<div class=\"elementor-container elementor-column-gap-default\">\n\t\t\t\t\t<div class=\"elementor-column elementor-col-100 elementor-top-column elementor-element elementor-element-33fa8d7d\" data-id=\"33fa8d7d\" data-element_type=\"column\">\n\t\t\t<div class=\"elementor-widget-wrap elementor-element-populated\">\n\t\t\t\t\t\t<div class=\"elementor-element elementor-element-6bcf3b03 elementor-widget elementor-widget-text-editor\" data-id=\"6bcf3b03\" data-element_type=\"widget\" data-widget_type=\"text-editor.default\">\n\t\t\t\t<div class=\"elementor-widget-container\">\n\t\t\t<style>\/*! elementor - v3.23.0 - 05-08-2024 *\/\n.elementor-widget-text-editor.elementor-drop-cap-view-stacked .elementor-drop-cap{background-color:#69727d;color:#fff}.elementor-widget-text-editor.elementor-drop-cap-view-framed .elementor-drop-cap{color:#69727d;border:3px solid;background-color:transparent}.elementor-widget-text-editor:not(.elementor-drop-cap-view-default) .elementor-drop-cap{margin-top:8px}.elementor-widget-text-editor:not(.elementor-drop-cap-view-default) .elementor-drop-cap-letter{width:1em;height:1em}.elementor-widget-text-editor .elementor-drop-cap{float:left;text-align:center;line-height:1;font-size:50px}.elementor-widget-text-editor .elementor-drop-cap-letter{display:inline-block}<\/style>\t\t\t\t<h1>Datenschutz-Bestimmungen<\/h1><p>\u00a0<\/p><h5>Datum des Inkrafttretens: 2. April 2023<\/h5><p>Blazevue Digi Solutions verpflichtet sich, Ihre Privatsph\u00e4re zu sch\u00fctzen. Diese Datenschutzrichtlinie erl\u00e4utert, wie wir Ihre personenbezogenen Daten im Zusammenhang mit unseren Diensten erfassen, verwenden, offenlegen und sch\u00fctzen. Diese Datenschutzrichtlinie ist in unsere Allgemeinen Gesch\u00e4ftsbedingungen aufgenommen und unterliegt den darin festgelegten Bedingungen.<\/p><h4>1. INFORMATIONEN, DIE WIR SAMMELN UND WIE WIR SIE VERWENDEN<\/h4><p>Wir sammeln Informationen von Benutzern unserer Dienste auf verschiedene Weise:<\/p><p>a) Pers\u00f6nliche Informationen. Wir k\u00f6nnen personenbezogene Daten \u00fcber Sie erfassen, wie z. B. Ihren Namen, Ihre E-Mail-Adresse und Ihre Telefonnummer. Wir k\u00f6nnen diese Informationen verwenden, um Ihnen unsere Dienste bereitzustellen, mit Ihnen \u00fcber Ihr Konto und Ihre Dienste zu kommunizieren, Ihnen Marketingmaterialien zuzusenden und Feedback von Ihnen einzuholen.<\/p><p>b) Nicht personenbezogene Daten. Wir k\u00f6nnen nicht personenbezogene Daten \u00fcber Sie erfassen, wie z. B. Ihre IP-Adresse, Ger\u00e4tetyp, Browsertyp und Informationen zur Website-Nutzung. Wir k\u00f6nnen diese Informationen verwenden, um unsere Dienste zu verwalten, Trends zu analysieren und demografische Informationen \u00fcber unsere Benutzer zu sammeln.<\/p><p>c) Cookies und Web-Beacons. Wir k\u00f6nnen Cookies und Web Beacons verwenden, um Informationen \u00fcber Ihre Nutzung unserer Dienste zu sammeln. Ein Cookie ist eine kleine Datei, die auf Ihrem Computer oder Mobilger\u00e4t gespeichert wird, wenn Sie eine Website besuchen. Ein Web-Beacon ist eine kleine Bilddatei, die in eine Webseite oder E-Mail eingebettet ist und uns erm\u00f6glicht, Ihre Nutzung unserer Dienste zu verfolgen. Wir k\u00f6nnen Cookies und Web Beacons verwenden, um Ihre Erfahrung mit unseren Diensten zu personalisieren, Nutzungsanalysen zu sammeln und gezielte Werbung bereitzustellen.<\/p><h4>2. WIE WIR IHRE INFORMATIONEN WEITERGEBEN<\/h4><p>Wir verkaufen, handeln oder vermieten Ihre personenbezogenen Daten nicht an Dritte. Wir k\u00f6nnen Ihre personenbezogenen Daten an Drittanbieter weitergeben, die in unserem Auftrag Dienstleistungen wie Hosting, Marketing und Analysen erbringen. Diese Dienstleister haben nur zur Erf\u00fcllung ihrer Aufgaben Zugriff auf Ihre personenbezogenen Daten und sind vertraglich verpflichtet, die Vertraulichkeit und Sicherheit Ihrer personenbezogenen Daten zu wahren.<\/p><p>Wir k\u00f6nnen Ihre personenbezogenen Daten auch offenlegen, wenn wir in gutem Glauben davon ausgehen, dass eine solche Offenlegung erforderlich ist, um (a) geltende Gesetze oder Vorschriften einzuhalten, (b) auf eine rechtm\u00e4\u00dfige Anfrage einer Regierungsbeh\u00f6rde zu reagieren, (c) unsere Rechte und unser Eigentum zu sch\u00fctzen oder die Sicherheit oder die unserer Kunden oder anderer, (d) m\u00f6gliches Fehlverhalten in Verbindung mit unseren Dienstleistungen verhindern oder untersuchen, (e) unsere Allgemeinen Gesch\u00e4ftsbedingungen durchsetzen oder (f) auf einen Notfall reagieren.<\/p><h4>3. IHRE WAHL<\/h4><p>Sie haben das Recht, auf Ihre personenbezogenen Daten zuzugreifen, sie zu korrigieren, zu \u00e4ndern oder zu l\u00f6schen. Sie k\u00f6nnen den Erhalt von Marketingmitteilungen von uns auch ablehnen, indem Sie den Anweisungen in der Mitteilung folgen.<\/p><h4>4. SICHERHEIT UND SPEICHERUNG IHRER INFORMATIONEN<\/h4><p>Wir ergreifen angemessene Ma\u00dfnahmen, um Ihre personenbezogenen Daten vor unbefugtem Zugriff und unbefugter Nutzung zu sch\u00fctzen. Wir verwenden branchen\u00fcbliche Sicherheitsprotokolle und -technologien, um Ihre Daten zu sch\u00fctzen. Allerdings ist keine Daten\u00fcbertragung \u00fcber das Internet vollkommen sicher, und wir k\u00f6nnen die Sicherheit Ihrer personenbezogenen Daten nicht garantieren.<\/p><p>Wir bewahren Ihre personenbezogenen Daten so lange auf, wie es zur Erf\u00fcllung der Zwecke, f\u00fcr die sie erhoben wurden, und zur Einhaltung geltender Gesetze oder Vorschriften erforderlich ist.<\/p><h4>5. KINDER<\/h4><p>Unsere Dienste sind nicht f\u00fcr Kinder unter 13 Jahren bestimmt, und wir erfassen oder erbitten wissentlich keine personenbezogenen Daten von Personen unter 13 Jahren.<\/p><h4>6. \u00c4NDERUNGEN AN DIESER DATENSCHUTZERKL\u00c4RUNG<\/h4><p>Wir k\u00f6nnen diese Datenschutzrichtlinie von Zeit zu Zeit aktualisieren, um \u00c4nderungen an unseren Praktiken oder Diensten widerzuspiegeln. Wir werden Sie \u00fcber wesentliche \u00c4nderungen dieser Datenschutzrichtlinie informieren, indem wir die neue Datenschutzrichtlinie auf unserer Website ver\u00f6ffentlichen und das \u201eDatum des Inkrafttretens\u201c oben in dieser Datenschutzrichtlinie aktualisieren. Sie sollten diese Datenschutzrichtlinie regelm\u00e4\u00dfig \u00fcberpr\u00fcfen, um dar\u00fcber informiert zu bleiben, wie wir Ihre Daten sch\u00fctzen.<\/p><h4>7. KONTAKTIEREN SIE UNS<\/h4><p>Wenn Sie Fragen, Kommentare oder Bedenken zu dieser Datenschutzrichtlinie oder unseren Praktiken haben, kontaktieren Sie uns bitte unter info@blazevuedigi.com.<\/p><p>\u00a0<\/p>\t\t\t\t\t\t<\/div>\n\t\t\t\t<\/div>\n\t\t\t\t\t<\/div>\n\t\t<\/div>\n\t\t\t\t\t<\/div>\n\t\t<\/section>\n\t\t\t\t<section class=\"elementor-section elementor-top-section elementor-element elementor-element-3f11c4d elementor-section-boxed elementor-section-height-default elementor-section-height-default\" data-id=\"3f11c4d\" data-element_type=\"section\">\n\t\t\t\t\t\t<div class=\"elementor-container elementor-column-gap-default\">\n\t\t\t\t\t<div class=\"elementor-column elementor-col-100 elementor-top-column elementor-element elementor-element-1b70441\" data-id=\"1b70441\" data-element_type=\"column\">\n\t\t\t<div class=\"elementor-widget-wrap elementor-element-populated\">\n\t\t\t\t\t\t<section class=\"elementor-section elementor-inner-section elementor-element elementor-element-3ce41bdb evaluate_cta elementor-section-content-middle elementor-section-boxed elementor-section-height-default elementor-section-height-default\" data-id=\"3ce41bdb\" data-element_type=\"section\" data-settings=\"{&quot;background_background&quot;:&quot;classic&quot;}\">\n\t\t\t\t\t\t<div class=\"elementor-container elementor-column-gap-default\">\n\t\t\t\t\t<div class=\"elementor-column elementor-col-50 elementor-inner-column elementor-element elementor-element-36a6b238\" data-id=\"36a6b238\" data-element_type=\"column\">\n\t\t\t<div class=\"elementor-widget-wrap elementor-element-populated\">\n\t\t\t\t\t\t<div class=\"elementor-element elementor-element-50fd9a44 elementor-widget elementor-widget-image\" data-id=\"50fd9a44\" data-element_type=\"widget\" data-widget_type=\"image.default\">\n\t\t\t\t<div class=\"elementor-widget-container\">\n\t\t\t<style>\/*! elementor - v3.23.0 - 05-08-2024 *\/\n.elementor-widget-image{text-align:center}.elementor-widget-image a{display:inline-block}.elementor-widget-image a img[src$=\".svg\"]{width:48px}.elementor-widget-image img{vertical-align:middle;display:inline-block}<\/style>\t\t\t\t\t\t\t\t\t\t<img decoding=\"async\" width=\"127\" height=\"122\" src=\"https:\/\/blazevuedigi.com\/wp-content\/uploads\/2023\/01\/illustrationletstalk.png\" class=\"attachment-large size-large wp-image-202\" alt=\"\" \/>\t\t\t\t\t\t\t\t\t\t\t\t\t<\/div>\n\t\t\t\t<\/div>\n\t\t\t\t\t<\/div>\n\t\t<\/div>\n\t\t\t\t<div class=\"elementor-column elementor-col-50 elementor-inner-column elementor-element elementor-element-53007b24\" data-id=\"53007b24\" data-element_type=\"column\">\n\t\t\t<div class=\"elementor-widget-wrap elementor-element-populated\">\n\t\t\t\t\t\t<div class=\"elementor-element elementor-element-212df88e elementor-widget elementor-widget-heading\" data-id=\"212df88e\" data-element_type=\"widget\" data-widget_type=\"heading.default\">\n\t\t\t\t<div class=\"elementor-widget-container\">\n\t\t\t<style>\/*! elementor - v3.23.0 - 05-08-2024 *\/\n.elementor-heading-title{padding:0;margin:0;line-height:1}.elementor-widget-heading .elementor-heading-title[class*=elementor-size-]>a{color:inherit;font-size:inherit;line-height:inherit}.elementor-widget-heading .elementor-heading-title.elementor-size-small{font-size:15px}.elementor-widget-heading .elementor-heading-title.elementor-size-medium{font-size:19px}.elementor-widget-heading .elementor-heading-title.elementor-size-large{font-size:29px}.elementor-widget-heading .elementor-heading-title.elementor-size-xl{font-size:39px}.elementor-widget-heading .elementor-heading-title.elementor-size-xxl{font-size:59px}<\/style><h5 class=\"elementor-heading-title elementor-size-default\">M\u00f6chten Sie Blazevue Digi testen?<\/h5>\t\t<\/div>\n\t\t\t\t<\/div>\n\t\t\t\t<div class=\"elementor-element elementor-element-696020ff elementor-widget elementor-widget-text-editor\" data-id=\"696020ff\" data-element_type=\"widget\" data-widget_type=\"text-editor.default\">\n\t\t\t\t<div class=\"elementor-widget-container\">\n\t\t\t\t\t\t\t<p>Setzen Sie sich mit uns in Verbindung und wir k\u00f6nnen Sie in k\u00fcrzester Zeit starten. So einfach ist das!<\/p>\t\t\t\t\t\t<\/div>\n\t\t\t\t<\/div>\n\t\t\t\t<div class=\"elementor-element elementor-element-3c8840f3 elementor-widget elementor-widget-button\" data-id=\"3c8840f3\" data-element_type=\"widget\" data-widget_type=\"button.default\">\n\t\t\t\t<div class=\"elementor-widget-container\">\n\t\t\t\t\t<div class=\"elementor-button-wrapper\">\n\t\t\t<a class=\"elementor-button elementor-button-link elementor-size-md\" href=\"https:\/\/blazevuedigi.com\/de\/contact-us\/\">\n\t\t\t\t\t\t<span class=\"elementor-button-content-wrapper\">\n\t\t\t\t\t\t\t\t\t<span class=\"elementor-button-text\">Lass uns reden<\/span>\n\t\t\t\t\t<\/span>\n\t\t\t\t\t<\/a>\n\t\t<\/div>\n\t\t\t\t<\/div>\n\t\t\t\t<\/div>\n\t\t\t\t\t<\/div>\n\t\t<\/div>\n\t\t\t\t\t<\/div>\n\t\t<\/section>\n\t\t\t\t\t<\/div>\n\t\t<\/div>\n\t\t\t\t\t<\/div>\n\t\t<\/section>\n\t\t\t\t<\/div>","protected":false},"excerpt":{"rendered":"<p>Privacy Policy \u00a0 Effective Date: April 2, 2023 Blazevue Digi Solutions is committed to protecting your privacy. This Privacy Policy explains how we collect, use, disclose, and protect your personal information in connection with our services. This Privacy Policy is incorporated into and is subject to the terms set forth in our Terms and Conditions. [&hellip;]<\/p>","protected":false},"author":1,"featured_media":0,"parent":0,"menu_order":0,"comment_status":"closed","ping_status":"closed","template":"","meta":{"inline_featured_image":false,"site-sidebar-layout":"no-sidebar","site-content-layout":"page-builder","ast-site-content-layout":"","site-content-style":"default","site-sidebar-style":"default","ast-global-header-display":"","ast-banner-title-visibility":"","ast-main-header-display":"","ast-hfb-above-header-display":"","ast-hfb-below-header-display":"","ast-hfb-mobile-header-display":"","site-post-title":"disabled","ast-breadcrumbs-content":"","ast-featured-img":"disabled","footer-sml-layout":"","theme-transparent-header-meta":"","adv-header-id-meta":"","stick-header-meta":"","header-above-stick-meta":"","header-main-stick-meta":"","header-below-stick-meta":"","astra-migrate-meta-layouts":"default","ast-page-background-enabled":"default","ast-page-background-meta":{"desktop":{"background-color":"var(--ast-global-color-4)","background-image":"","background-repeat":"repeat","background-position":"center center","background-size":"auto","background-attachment":"scroll","background-type":"","background-media":"","overlay-type":"","overlay-color":"","overlay-opacity":"","overlay-gradient":""},"tablet":{"background-color":"","background-image":"","background-repeat":"repeat","background-position":"center center","background-size":"auto","background-attachment":"scroll","background-type":"","background-media":"","overlay-type":"","overlay-color":"","overlay-opacity":"","overlay-gradient":""},"mobile":{"background-color":"","background-image":"","background-repeat":"repeat","background-position":"center center","background-size":"auto","background-attachment":"scroll","background-type":"","background-media":"","overlay-type":"","overlay-color":"","overlay-opacity":"","overlay-gradient":""}},"ast-content-background-meta":{"desktop":{"background-color":"var(--ast-global-color-5)","background-image":"","background-repeat":"repeat","background-position":"center center","background-size":"auto","background-attachment":"scroll","background-type":"","background-media":"","overlay-type":"","overlay-color":"","overlay-opacity":"","overlay-gradient":""},"tablet":{"background-color":"var(--ast-global-color-5)","background-image":"","background-repeat":"repeat","background-position":"center center","background-size":"auto","background-attachment":"scroll","background-type":"","background-media":"","overlay-type":"","overlay-color":"","overlay-opacity":"","overlay-gradient":""},"mobile":{"background-color":"var(--ast-global-color-5)","background-image":"","background-repeat":"repeat","background-position":"center center","background-size":"auto","background-attachment":"scroll","background-type":"","background-media":"","overlay-type":"","overlay-color":"","overlay-opacity":"","overlay-gradient":""}},"footnotes":""},"class_list":["post-484","page","type-page","status-publish","hentry"],"yoast_head":"<!-- This site is optimized with the Yoast SEO plugin v23.3 - https:\/\/yoast.com\/wordpress\/plugins\/seo\/ -->\n<title>Privacy Policy - Blazevue<\/title>\n<meta name=\"robots\" content=\"index, follow, max-snippet:-1, max-image-preview:large, max-video-preview:-1\" \/>\n<link rel=\"canonical\" href=\"https:\/\/blazevuedigi.com\/de\/privacy-policy\/\" \/>\n<meta property=\"og:locale\" content=\"de_DE\" \/>\n<meta property=\"og:type\" content=\"article\" \/>\n<meta property=\"og:title\" content=\"Privacy Policy - Blazevue\" \/>\n<meta property=\"og:description\" content=\"Privacy Policy \u00a0 Effective Date: April 2, 2023 Blazevue Digi Solutions is committed to protecting your privacy. This Privacy Policy explains how we collect, use, disclose, and protect your personal information in connection with our services. This Privacy Policy is incorporated into and is subject to the terms set forth in our Terms and Conditions. [&hellip;]\" \/>\n<meta property=\"og:url\" content=\"https:\/\/blazevuedigi.com\/de\/privacy-policy\/\" \/>\n<meta property=\"og:site_name\" content=\"Blazevue\" \/>\n<meta property=\"article:publisher\" content=\"https:\/\/www.facebook.com\/profile.php?id=100089035842494\" \/>\n<meta property=\"article:modified_time\" content=\"2023-04-16T03:59:07+00:00\" \/>\n<meta property=\"og:image\" content=\"https:\/\/blazevuedigi.com\/wp-content\/uploads\/2023\/01\/illustrationletstalk.png\" \/>\n<meta name=\"twitter:card\" content=\"summary_large_image\" \/>\n<meta name=\"twitter:site\" content=\"@blazevue\" \/>\n<meta name=\"twitter:label1\" content=\"Gesch\u00e4tzte Lesezeit\" \/>\n\t<meta name=\"twitter:data1\" content=\"4\u00a0Minuten\" \/>\n<script type=\"application\/ld+json\" class=\"yoast-schema-graph\">{\"@context\":\"https:\/\/schema.org\",\"@graph\":[{\"@type\":\"WebPage\",\"@id\":\"https:\/\/blazevuedigi.com\/privacy-policy\/\",\"url\":\"https:\/\/blazevuedigi.com\/privacy-policy\/\",\"name\":\"Privacy Policy - Blazevue\",\"isPartOf\":{\"@id\":\"https:\/\/blazevuedigi.com\/#website\"},\"primaryImageOfPage\":{\"@id\":\"https:\/\/blazevuedigi.com\/privacy-policy\/#primaryimage\"},\"image\":{\"@id\":\"https:\/\/blazevuedigi.com\/privacy-policy\/#primaryimage\"},\"thumbnailUrl\":\"https:\/\/blazevuedigi.com\/wp-content\/uploads\/2023\/01\/illustrationletstalk.png\",\"datePublished\":\"2023-02-20T15:44:55+00:00\",\"dateModified\":\"2023-04-16T03:59:07+00:00\",\"breadcrumb\":{\"@id\":\"https:\/\/blazevuedigi.com\/privacy-policy\/#breadcrumb\"},\"inLanguage\":\"de\",\"potentialAction\":[{\"@type\":\"ReadAction\",\"target\":[\"https:\/\/blazevuedigi.com\/privacy-policy\/\"]}]},{\"@type\":\"ImageObject\",\"inLanguage\":\"de\",\"@id\":\"https:\/\/blazevuedigi.com\/privacy-policy\/#primaryimage\",\"url\":\"https:\/\/blazevuedigi.com\/wp-content\/uploads\/2023\/01\/illustrationletstalk.png\",\"contentUrl\":\"https:\/\/blazevuedigi.com\/wp-content\/uploads\/2023\/01\/illustrationletstalk.png\"},{\"@type\":\"BreadcrumbList\",\"@id\":\"https:\/\/blazevuedigi.com\/privacy-policy\/#breadcrumb\",\"itemListElement\":[{\"@type\":\"ListItem\",\"position\":1,\"name\":\"Home\",\"item\":\"https:\/\/blazevuedigi.com\/\"},{\"@type\":\"ListItem\",\"position\":2,\"name\":\"Privacy Policy\"}]},{\"@type\":\"WebSite\",\"@id\":\"https:\/\/blazevuedigi.com\/#website\",\"url\":\"https:\/\/blazevuedigi.com\/\",\"name\":\"Blazevue\",\"description\":\"\",\"publisher\":{\"@id\":\"https:\/\/blazevuedigi.com\/#organization\"},\"potentialAction\":[{\"@type\":\"SearchAction\",\"target\":{\"@type\":\"EntryPoint\",\"urlTemplate\":\"https:\/\/blazevuedigi.com\/?s={search_term_string}\"},\"query-input\":\"required name=search_term_string\"}],\"inLanguage\":\"de\"},{\"@type\":\"Organization\",\"@id\":\"https:\/\/blazevuedigi.com\/#organization\",\"name\":\"Blazevue\",\"url\":\"https:\/\/blazevuedigi.com\/\",\"logo\":{\"@type\":\"ImageObject\",\"inLanguage\":\"de\",\"@id\":\"https:\/\/blazevuedigi.com\/#\/schema\/logo\/image\/\",\"url\":\"https:\/\/blazevuedigi.com\/wp-content\/uploads\/2023\/05\/blazevuedigi-logo.svg\",\"contentUrl\":\"https:\/\/blazevuedigi.com\/wp-content\/uploads\/2023\/05\/blazevuedigi-logo.svg\",\"width\":161,\"height\":50,\"caption\":\"Blazevue\"},\"image\":{\"@id\":\"https:\/\/blazevuedigi.com\/#\/schema\/logo\/image\/\"},\"sameAs\":[\"https:\/\/www.facebook.com\/profile.php?id=100089035842494\",\"https:\/\/x.com\/blazevue\",\"https:\/\/medium.com\/@blazevue4u\",\"https:\/\/www.linkedin.com\/in\/blazevue-inc-10846726b\/\"]}]}<\/script>\n<!-- \/ Yoast SEO plugin. -->","yoast_head_json":{"title":"Privacy Policy - Blazevue","robots":{"index":"index","follow":"follow","max-snippet":"max-snippet:-1","max-image-preview":"max-image-preview:large","max-video-preview":"max-video-preview:-1"},"canonical":"https:\/\/blazevuedigi.com\/de\/privacy-policy\/","og_locale":"de_DE","og_type":"article","og_title":"Privacy Policy - Blazevue","og_description":"Privacy Policy \u00a0 Effective Date: April 2, 2023 Blazevue Digi Solutions is committed to protecting your privacy. This Privacy Policy explains how we collect, use, disclose, and protect your personal information in connection with our services. This Privacy Policy is incorporated into and is subject to the terms set forth in our Terms and Conditions. [&hellip;]","og_url":"https:\/\/blazevuedigi.com\/de\/privacy-policy\/","og_site_name":"Blazevue","article_publisher":"https:\/\/www.facebook.com\/profile.php?id=100089035842494","article_modified_time":"2023-04-16T03:59:07+00:00","og_image":[{"url":"https:\/\/blazevuedigi.com\/wp-content\/uploads\/2023\/01\/illustrationletstalk.png"}],"twitter_card":"summary_large_image","twitter_site":"@blazevue","twitter_misc":{"Gesch\u00e4tzte Lesezeit":"4\u00a0Minuten"},"schema":{"@context":"https:\/\/schema.org","@graph":[{"@type":"WebPage","@id":"https:\/\/blazevuedigi.com\/privacy-policy\/","url":"https:\/\/blazevuedigi.com\/privacy-policy\/","name":"Privacy Policy - Blazevue","isPartOf":{"@id":"https:\/\/blazevuedigi.com\/#website"},"primaryImageOfPage":{"@id":"https:\/\/blazevuedigi.com\/privacy-policy\/#primaryimage"},"image":{"@id":"https:\/\/blazevuedigi.com\/privacy-policy\/#primaryimage"},"thumbnailUrl":"https:\/\/blazevuedigi.com\/wp-content\/uploads\/2023\/01\/illustrationletstalk.png","datePublished":"2023-02-20T15:44:55+00:00","dateModified":"2023-04-16T03:59:07+00:00","breadcrumb":{"@id":"https:\/\/blazevuedigi.com\/privacy-policy\/#breadcrumb"},"inLanguage":"de","potentialAction":[{"@type":"ReadAction","target":["https:\/\/blazevuedigi.com\/privacy-policy\/"]}]},{"@type":"ImageObject","inLanguage":"de","@id":"https:\/\/blazevuedigi.com\/privacy-policy\/#primaryimage","url":"https:\/\/blazevuedigi.com\/wp-content\/uploads\/2023\/01\/illustrationletstalk.png","contentUrl":"https:\/\/blazevuedigi.com\/wp-content\/uploads\/2023\/01\/illustrationletstalk.png"},{"@type":"BreadcrumbList","@id":"https:\/\/blazevuedigi.com\/privacy-policy\/#breadcrumb","itemListElement":[{"@type":"ListItem","position":1,"name":"Home","item":"https:\/\/blazevuedigi.com\/"},{"@type":"ListItem","position":2,"name":"Privacy Policy"}]},{"@type":"WebSite","@id":"https:\/\/blazevuedigi.com\/#website","url":"https:\/\/blazevuedigi.com\/","name":"Blazevue","description":"","publisher":{"@id":"https:\/\/blazevuedigi.com\/#organization"},"potentialAction":[{"@type":"SearchAction","target":{"@type":"EntryPoint","urlTemplate":"https:\/\/blazevuedigi.com\/?s={search_term_string}"},"query-input":"required name=search_term_string"}],"inLanguage":"de"},{"@type":"Organization","@id":"https:\/\/blazevuedigi.com\/#organization","name":"Blazevue","url":"https:\/\/blazevuedigi.com\/","logo":{"@type":"ImageObject","inLanguage":"de","@id":"https:\/\/blazevuedigi.com\/#\/schema\/logo\/image\/","url":"https:\/\/blazevuedigi.com\/wp-content\/uploads\/2023\/05\/blazevuedigi-logo.svg","contentUrl":"https:\/\/blazevuedigi.com\/wp-content\/uploads\/2023\/05\/blazevuedigi-logo.svg","width":161,"height":50,"caption":"Blazevue"},"image":{"@id":"https:\/\/blazevuedigi.com\/#\/schema\/logo\/image\/"},"sameAs":["https:\/\/www.facebook.com\/profile.php?id=100089035842494","https:\/\/x.com\/blazevue","https:\/\/medium.com\/@blazevue4u","https:\/\/www.linkedin.com\/in\/blazevue-inc-10846726b\/"]}]}},"_links":{"self":[{"href":"https:\/\/blazevuedigi.com\/de\/wp-json\/wp\/v2\/pages\/484"}],"collection":[{"href":"https:\/\/blazevuedigi.com\/de\/wp-json\/wp\/v2\/pages"}],"about":[{"href":"https:\/\/blazevuedigi.com\/de\/wp-json\/wp\/v2\/types\/page"}],"author":[{"embeddable":true,"href":"https:\/\/blazevuedigi.com\/de\/wp-json\/wp\/v2\/users\/1"}],"replies":[{"embeddable":true,"href":"https:\/\/blazevuedigi.com\/de\/wp-json\/wp\/v2\/comments?post=484"}],"version-history":[{"count":19,"href":"https:\/\/blazevuedigi.com\/de\/wp-json\/wp\/v2\/pages\/484\/revisions"}],"predecessor-version":[{"id":1517,"href":"https:\/\/blazevuedigi.com\/de\/wp-json\/wp\/v2\/pages\/484\/revisions\/1517"}],"wp:attachment":[{"href":"https:\/\/blazevuedigi.com\/de\/wp-json\/wp\/v2\/media?parent=484"}],"curies":[{"name":"wp","href":"https:\/\/api.w.org\/{rel}","templated":true}]}}