{"id":832,"date":"2023-03-16T16:29:10","date_gmt":"2023-03-16T16:29:10","guid":{"rendered":"https:\/\/blazevuedigi.com\/?page_id=832"},"modified":"2023-04-16T04:03:19","modified_gmt":"2023-04-16T04:03:19","slug":"terms-of-use","status":"publish","type":"page","link":"https:\/\/blazevuedigi.com\/de\/terms-of-use\/","title":{"rendered":"Nutzungsbedingungen"},"content":{"rendered":"<div data-elementor-type=\"wp-page\" data-elementor-id=\"832\" class=\"elementor elementor-832\">\n\t\t\t\t\t\t<section class=\"elementor-section elementor-top-section elementor-element elementor-element-69b2a105 elementor-section-boxed elementor-section-height-default elementor-section-height-default\" data-id=\"69b2a105\" data-element_type=\"section\">\n\t\t\t\t\t\t<div class=\"elementor-container elementor-column-gap-default\">\n\t\t\t\t\t<div class=\"elementor-column elementor-col-100 elementor-top-column elementor-element elementor-element-33fa8d7d\" data-id=\"33fa8d7d\" data-element_type=\"column\">\n\t\t\t<div class=\"elementor-widget-wrap elementor-element-populated\">\n\t\t\t\t\t\t<div class=\"elementor-element elementor-element-6bcf3b03 elementor-widget elementor-widget-text-editor\" data-id=\"6bcf3b03\" data-element_type=\"widget\" data-widget_type=\"text-editor.default\">\n\t\t\t\t<div class=\"elementor-widget-container\">\n\t\t\t<style>\/*! elementor - v3.23.0 - 05-08-2024 *\/\n.elementor-widget-text-editor.elementor-drop-cap-view-stacked .elementor-drop-cap{background-color:#69727d;color:#fff}.elementor-widget-text-editor.elementor-drop-cap-view-framed .elementor-drop-cap{color:#69727d;border:3px solid;background-color:transparent}.elementor-widget-text-editor:not(.elementor-drop-cap-view-default) .elementor-drop-cap{margin-top:8px}.elementor-widget-text-editor:not(.elementor-drop-cap-view-default) .elementor-drop-cap-letter{width:1em;height:1em}.elementor-widget-text-editor .elementor-drop-cap{float:left;text-align:center;line-height:1;font-size:50px}.elementor-widget-text-editor .elementor-drop-cap-letter{display:inline-block}<\/style>\t\t\t\t<h1>Nutzungsbedingungen<\/h1><p><span style=\"font-style: inherit; font-weight: inherit; color: var( --e-global-color-text ); background-color: var(--ast-global-color-5);\">Indem Sie auf die Dienste von Blazevue Digi Solutions zugreifen oder diese nutzen, stimmen Sie den folgenden Gesch\u00e4ftsbedingungen zu. Bitte lesen Sie diese sorgf\u00e4ltig durch, bevor Sie fortfahren.<\/span><\/p><h4>DIENSTLEISTUNGEN<\/h4><p><span style=\"font-style: inherit; font-weight: inherit; color: var( --e-global-color-text ); background-color: var(--ast-global-color-5);\">Bei Blazevue Digi Solutions bieten wir Softwareentwicklungsdienste, digitales Marketing und Branding-Design-Dienste an, um unsere Kunden beim Erreichen ihrer Ziele zu unterst\u00fctzen. Unsere Dienstleistungen sind darauf ausgerichtet, die Online-Pr\u00e4senz unserer Kunden zu verbessern, die Markenbekanntheit zu steigern und das Erreichen ihrer Gesch\u00e4ftsziele zu erleichtern.<\/span><\/p><h4>PREISGESTALTUNG<\/h4><p>Alle Projekte und Dienstleistungen werden nach dem erforderlichen Arbeitsumfang bepreist. Blazevue Digi Solutions erstellt Ihnen einen detaillierten Kostenvoranschlag oder ein Angebot f\u00fcr die von Ihnen ben\u00f6tigten Dienstleistungen. Zus\u00e4tzliche Arbeiten, die \u00fcber den Umfang des Kostenvoranschlags hinausgehen, k\u00f6nnen zus\u00e4tzliche Kosten verursachen.<\/p><h4>ZAHLUNG<\/h4><p>Blazevue Digi Solutions akzeptiert Zahlungen per Bank\u00fcberweisung oder Payment Gateway. Alle ausstehenden Betr\u00e4ge m\u00fcssen vollst\u00e4ndig bezahlt werden, bevor die endg\u00fcltigen Leistungen erbracht werden.<\/p><h4>ZEITFENSTER<\/h4><p>Nach \u00dcberpr\u00fcfung Ihres Projekts teilt Ihnen Blazevue Digi Solutions einen gesch\u00e4tzten Zeitrahmen f\u00fcr die Fertigstellung mit. Bitte beachten Sie, dass sich dieser Zeitrahmen je nach Arbeitsumfang und Kommunikation zwischen beiden Parteien \u00e4ndern kann. Unser Team wird alle angemessenen Anstrengungen unternehmen, um Ihr Projekt innerhalb des gesch\u00e4tzten Zeitrahmens abzuschlie\u00dfen.<\/p><h4>VERTRAULICHKEIT<\/h4><p>Blazevue Digi Solutions verpflichtet sich, alle Kundeninformationen und -materialien vertraulich zu behandeln. Ohne die vorherige Zustimmung des Kunden geben wir keine vertraulichen Informationen \u00fcber unsere Kunden oder deren Projekte an Dritte weiter.<\/p><h4>URHEBERRECHTE<\/h4><p>W\u00e4hrend der Projektlaufzeit hat Blazevue Digi Solutions das Urheberrecht an allen Designs, die f\u00fcr unsere Kunden produziert werden. Sobald jedoch alle ausstehenden Betr\u00e4ge beglichen sind, erh\u00e4lt der Kunde das vollst\u00e4ndige Eigentum an den Entw\u00fcrfen.<\/p><h4>BEWERTUNGEN<\/h4><p>Blazevue Digi Solutions kann nach Abschluss des Projekts eine \u00dcberpr\u00fcfung unserer Dienstleistungen durch den Kunden anfordern. Wir verwenden Bewertungen, um unsere Dienstleistungen zu verbessern und sicherzustellen, dass wir unseren Kunden den bestm\u00f6glichen Service bieten.<\/p><h4><span style=\"font-style: inherit; font-weight: inherit; color: var( --e-global-color-text ); background-color: var(--ast-global-color-5);\">BEENDIGUNG<\/span><\/h4><p>Beide Parteien k\u00f6nnen den Dienst jederzeit schriftlich k\u00fcndigen. K\u00fcndigt Blazevue Digi Solutions den Dienst aufgrund einer Vertragsverletzung des Kunden, haftet der Kunde f\u00fcr alle offenen Salden.<\/p><h4>HAFTUNGSBESCHR\u00c4NKUNG<\/h4><p>Blazevue Digi Solutions haftet nicht f\u00fcr Sch\u00e4den, Verluste oder Kosten, die sich aus der Nutzung oder dem Missbrauch der bereitgestellten Dienste durch den Kunden ergeben. Der Kunde verpflichtet sich, Blazevue Digi Solutions schad- und klaglos zu halten und uns von jeglichen Anspr\u00fcchen oder Sch\u00e4den im Zusammenhang mit unseren Dienstleistungen freizustellen.<\/p><h4>GELTENDES RECHT<\/h4><p>Diese Nutzungsbedingungen und alle Streitigkeiten, die sich daraus ergeben, unterliegen den Gesetzen des Landes Indien und werden in \u00dcbereinstimmung mit diesen ausgelegt.<\/p><h4>\u00c4NDERUNGEN<\/h4><p>Blazevue Digi Solutions beh\u00e4lt sich das Recht vor, unsere Nutzungsbedingungen jederzeit zu \u00e4ndern. Wir werden Sie auf unserer Website oder per E-Mail benachrichtigen, wenn \u00c4nderungen vorgenommen wurden.<\/p><h4>KONTAKTIERE UNS<\/h4><p><span style=\"font-style: inherit; font-weight: inherit; color: var( --e-global-color-text ); background-color: var(--ast-global-color-5);\">Wenn Sie Fragen zu unseren Nutzungsbedingungen oder unseren Dienstleistungen haben, kontaktieren Sie uns bitte unter contact@blazevuedigi.com<\/span><\/p>\t\t\t\t\t\t<\/div>\n\t\t\t\t<\/div>\n\t\t\t\t\t<\/div>\n\t\t<\/div>\n\t\t\t\t\t<\/div>\n\t\t<\/section>\n\t\t\t\t<section class=\"elementor-section elementor-top-section elementor-element elementor-element-8a80a24 elementor-section-boxed elementor-section-height-default elementor-section-height-default\" data-id=\"8a80a24\" data-element_type=\"section\">\n\t\t\t\t\t\t<div class=\"elementor-container elementor-column-gap-default\">\n\t\t\t\t\t<div class=\"elementor-column elementor-col-100 elementor-top-column elementor-element elementor-element-02b0aee\" data-id=\"02b0aee\" data-element_type=\"column\">\n\t\t\t<div class=\"elementor-widget-wrap elementor-element-populated\">\n\t\t\t\t\t\t<section class=\"elementor-section elementor-inner-section elementor-element elementor-element-3ce41bdb evaluate_cta elementor-section-content-middle elementor-section-boxed elementor-section-height-default elementor-section-height-default\" data-id=\"3ce41bdb\" data-element_type=\"section\" data-settings=\"{&quot;background_background&quot;:&quot;classic&quot;}\">\n\t\t\t\t\t\t<div class=\"elementor-container elementor-column-gap-default\">\n\t\t\t\t\t<div class=\"elementor-column elementor-col-50 elementor-inner-column elementor-element elementor-element-36a6b238\" data-id=\"36a6b238\" data-element_type=\"column\">\n\t\t\t<div class=\"elementor-widget-wrap elementor-element-populated\">\n\t\t\t\t\t\t<div class=\"elementor-element elementor-element-50fd9a44 elementor-widget elementor-widget-image\" data-id=\"50fd9a44\" data-element_type=\"widget\" data-widget_type=\"image.default\">\n\t\t\t\t<div class=\"elementor-widget-container\">\n\t\t\t<style>\/*! elementor - v3.23.0 - 05-08-2024 *\/\n.elementor-widget-image{text-align:center}.elementor-widget-image a{display:inline-block}.elementor-widget-image a img[src$=\".svg\"]{width:48px}.elementor-widget-image img{vertical-align:middle;display:inline-block}<\/style>\t\t\t\t\t\t\t\t\t\t<img decoding=\"async\" width=\"127\" height=\"122\" src=\"https:\/\/blazevuedigi.com\/wp-content\/uploads\/2023\/01\/illustrationletstalk.png\" class=\"attachment-large size-large wp-image-202\" alt=\"\" \/>\t\t\t\t\t\t\t\t\t\t\t\t\t<\/div>\n\t\t\t\t<\/div>\n\t\t\t\t\t<\/div>\n\t\t<\/div>\n\t\t\t\t<div class=\"elementor-column elementor-col-50 elementor-inner-column elementor-element elementor-element-53007b24\" data-id=\"53007b24\" data-element_type=\"column\">\n\t\t\t<div class=\"elementor-widget-wrap elementor-element-populated\">\n\t\t\t\t\t\t<div class=\"elementor-element elementor-element-212df88e elementor-widget elementor-widget-heading\" data-id=\"212df88e\" data-element_type=\"widget\" data-widget_type=\"heading.default\">\n\t\t\t\t<div class=\"elementor-widget-container\">\n\t\t\t<style>\/*! elementor - v3.23.0 - 05-08-2024 *\/\n.elementor-heading-title{padding:0;margin:0;line-height:1}.elementor-widget-heading .elementor-heading-title[class*=elementor-size-]>a{color:inherit;font-size:inherit;line-height:inherit}.elementor-widget-heading .elementor-heading-title.elementor-size-small{font-size:15px}.elementor-widget-heading .elementor-heading-title.elementor-size-medium{font-size:19px}.elementor-widget-heading .elementor-heading-title.elementor-size-large{font-size:29px}.elementor-widget-heading .elementor-heading-title.elementor-size-xl{font-size:39px}.elementor-widget-heading .elementor-heading-title.elementor-size-xxl{font-size:59px}<\/style><h5 class=\"elementor-heading-title elementor-size-default\">M\u00f6chten Sie Blazevue evaluieren?<\/h5>\t\t<\/div>\n\t\t\t\t<\/div>\n\t\t\t\t<div class=\"elementor-element elementor-element-696020ff elementor-widget elementor-widget-text-editor\" data-id=\"696020ff\" data-element_type=\"widget\" data-widget_type=\"text-editor.default\">\n\t\t\t\t<div class=\"elementor-widget-container\">\n\t\t\t\t\t\t\t<p>Setzen Sie sich mit uns in Verbindung und wir k\u00f6nnen Sie in k\u00fcrzester Zeit starten. So einfach ist das!<\/p>\t\t\t\t\t\t<\/div>\n\t\t\t\t<\/div>\n\t\t\t\t<div class=\"elementor-element elementor-element-3c8840f3 elementor-widget elementor-widget-button\" data-id=\"3c8840f3\" data-element_type=\"widget\" data-widget_type=\"button.default\">\n\t\t\t\t<div class=\"elementor-widget-container\">\n\t\t\t\t\t<div class=\"elementor-button-wrapper\">\n\t\t\t<a class=\"elementor-button elementor-button-link elementor-size-md\" href=\"https:\/\/blazevuedigi.com\/de\/contact-us\/\">\n\t\t\t\t\t\t<span class=\"elementor-button-content-wrapper\">\n\t\t\t\t\t\t\t\t\t<span class=\"elementor-button-text\">Lass uns reden<\/span>\n\t\t\t\t\t<\/span>\n\t\t\t\t\t<\/a>\n\t\t<\/div>\n\t\t\t\t<\/div>\n\t\t\t\t<\/div>\n\t\t\t\t\t<\/div>\n\t\t<\/div>\n\t\t\t\t\t<\/div>\n\t\t<\/section>\n\t\t\t\t\t<\/div>\n\t\t<\/div>\n\t\t\t\t\t<\/div>\n\t\t<\/section>\n\t\t\t\t<\/div>","protected":false},"excerpt":{"rendered":"<p>Terms of Use By accessing or using the services of Blazevue Digi Solutions, you agree to the following terms and conditions. Please read them carefully before proceeding. SERVICES At Blazevue Digi Solutions, we provide Software Development Services, Digital Marketing, and Branding Design services to assist our clients in achieving their objectives. Our services are geared [&hellip;]<\/p>","protected":false},"author":1,"featured_media":0,"parent":0,"menu_order":0,"comment_status":"closed","ping_status":"closed","template":"","meta":{"inline_featured_image":false,"site-sidebar-layout":"no-sidebar","site-content-layout":"page-builder","ast-site-content-layout":"","site-content-style":"default","site-sidebar-style":"default","ast-global-header-display":"","ast-banner-title-visibility":"","ast-main-header-display":"","ast-hfb-above-header-display":"","ast-hfb-below-header-display":"","ast-hfb-mobile-header-display":"","site-post-title":"disabled","ast-breadcrumbs-content":"","ast-featured-img":"disabled","footer-sml-layout":"","theme-transparent-header-meta":"","adv-header-id-meta":"","stick-header-meta":"","header-above-stick-meta":"","header-main-stick-meta":"","header-below-stick-meta":"","astra-migrate-meta-layouts":"default","ast-page-background-enabled":"default","ast-page-background-meta":{"desktop":{"background-color":"var(--ast-global-color-4)","background-image":"","background-repeat":"repeat","background-position":"center center","background-size":"auto","background-attachment":"scroll","background-type":"","background-media":"","overlay-type":"","overlay-color":"","overlay-opacity":"","overlay-gradient":""},"tablet":{"background-color":"","background-image":"","background-repeat":"repeat","background-position":"center center","background-size":"auto","background-attachment":"scroll","background-type":"","background-media":"","overlay-type":"","overlay-color":"","overlay-opacity":"","overlay-gradient":""},"mobile":{"background-color":"","background-image":"","background-repeat":"repeat","background-position":"center center","background-size":"auto","background-attachment":"scroll","background-type":"","background-media":"","overlay-type":"","overlay-color":"","overlay-opacity":"","overlay-gradient":""}},"ast-content-background-meta":{"desktop":{"background-color":"var(--ast-global-color-5)","background-image":"","background-repeat":"repeat","background-position":"center center","background-size":"auto","background-attachment":"scroll","background-type":"","background-media":"","overlay-type":"","overlay-color":"","overlay-opacity":"","overlay-gradient":""},"tablet":{"background-color":"var(--ast-global-color-5)","background-image":"","background-repeat":"repeat","background-position":"center center","background-size":"auto","background-attachment":"scroll","background-type":"","background-media":"","overlay-type":"","overlay-color":"","overlay-opacity":"","overlay-gradient":""},"mobile":{"background-color":"var(--ast-global-color-5)","background-image":"","background-repeat":"repeat","background-position":"center center","background-size":"auto","background-attachment":"scroll","background-type":"","background-media":"","overlay-type":"","overlay-color":"","overlay-opacity":"","overlay-gradient":""}},"footnotes":""},"class_list":["post-832","page","type-page","status-publish","hentry"],"yoast_head":"<!-- This site is optimized with the Yoast SEO plugin v23.3 - https:\/\/yoast.com\/wordpress\/plugins\/seo\/ -->\n<title>Terms of Use - Blazevue<\/title>\n<meta name=\"robots\" content=\"index, follow, max-snippet:-1, max-image-preview:large, max-video-preview:-1\" \/>\n<link rel=\"canonical\" href=\"https:\/\/blazevuedigi.com\/de\/terms-of-use\/\" \/>\n<meta property=\"og:locale\" content=\"de_DE\" \/>\n<meta property=\"og:type\" content=\"article\" \/>\n<meta property=\"og:title\" content=\"Terms of Use - Blazevue\" \/>\n<meta property=\"og:description\" content=\"Terms of Use By accessing or using the services of Blazevue Digi Solutions, you agree to the following terms and conditions. Please read them carefully before proceeding. SERVICES At Blazevue Digi Solutions, we provide Software Development Services, Digital Marketing, and Branding Design services to assist our clients in achieving their objectives. Our services are geared [&hellip;]\" \/>\n<meta property=\"og:url\" content=\"https:\/\/blazevuedigi.com\/de\/terms-of-use\/\" \/>\n<meta property=\"og:site_name\" content=\"Blazevue\" \/>\n<meta property=\"article:publisher\" content=\"https:\/\/www.facebook.com\/profile.php?id=100089035842494\" \/>\n<meta property=\"article:modified_time\" content=\"2023-04-16T04:03:19+00:00\" \/>\n<meta property=\"og:image\" content=\"https:\/\/blazevuedigi.com\/wp-content\/uploads\/2023\/01\/illustrationletstalk.png\" \/>\n<meta name=\"twitter:card\" content=\"summary_large_image\" \/>\n<meta name=\"twitter:site\" content=\"@blazevue\" \/>\n<meta name=\"twitter:label1\" content=\"Gesch\u00e4tzte Lesezeit\" \/>\n\t<meta name=\"twitter:data1\" content=\"3\u00a0Minuten\" \/>\n<script type=\"application\/ld+json\" class=\"yoast-schema-graph\">{\"@context\":\"https:\/\/schema.org\",\"@graph\":[{\"@type\":\"WebPage\",\"@id\":\"https:\/\/blazevuedigi.com\/terms-of-use\/\",\"url\":\"https:\/\/blazevuedigi.com\/terms-of-use\/\",\"name\":\"Terms of Use - Blazevue\",\"isPartOf\":{\"@id\":\"https:\/\/blazevuedigi.com\/#website\"},\"primaryImageOfPage\":{\"@id\":\"https:\/\/blazevuedigi.com\/terms-of-use\/#primaryimage\"},\"image\":{\"@id\":\"https:\/\/blazevuedigi.com\/terms-of-use\/#primaryimage\"},\"thumbnailUrl\":\"https:\/\/blazevuedigi.com\/wp-content\/uploads\/2023\/01\/illustrationletstalk.png\",\"datePublished\":\"2023-03-16T16:29:10+00:00\",\"dateModified\":\"2023-04-16T04:03:19+00:00\",\"breadcrumb\":{\"@id\":\"https:\/\/blazevuedigi.com\/terms-of-use\/#breadcrumb\"},\"inLanguage\":\"de\",\"potentialAction\":[{\"@type\":\"ReadAction\",\"target\":[\"https:\/\/blazevuedigi.com\/terms-of-use\/\"]}]},{\"@type\":\"ImageObject\",\"inLanguage\":\"de\",\"@id\":\"https:\/\/blazevuedigi.com\/terms-of-use\/#primaryimage\",\"url\":\"https:\/\/blazevuedigi.com\/wp-content\/uploads\/2023\/01\/illustrationletstalk.png\",\"contentUrl\":\"https:\/\/blazevuedigi.com\/wp-content\/uploads\/2023\/01\/illustrationletstalk.png\"},{\"@type\":\"BreadcrumbList\",\"@id\":\"https:\/\/blazevuedigi.com\/terms-of-use\/#breadcrumb\",\"itemListElement\":[{\"@type\":\"ListItem\",\"position\":1,\"name\":\"Home\",\"item\":\"https:\/\/blazevuedigi.com\/\"},{\"@type\":\"ListItem\",\"position\":2,\"name\":\"Terms of Use\"}]},{\"@type\":\"WebSite\",\"@id\":\"https:\/\/blazevuedigi.com\/#website\",\"url\":\"https:\/\/blazevuedigi.com\/\",\"name\":\"Blazevue\",\"description\":\"\",\"publisher\":{\"@id\":\"https:\/\/blazevuedigi.com\/#organization\"},\"potentialAction\":[{\"@type\":\"SearchAction\",\"target\":{\"@type\":\"EntryPoint\",\"urlTemplate\":\"https:\/\/blazevuedigi.com\/?s={search_term_string}\"},\"query-input\":\"required name=search_term_string\"}],\"inLanguage\":\"de\"},{\"@type\":\"Organization\",\"@id\":\"https:\/\/blazevuedigi.com\/#organization\",\"name\":\"Blazevue\",\"url\":\"https:\/\/blazevuedigi.com\/\",\"logo\":{\"@type\":\"ImageObject\",\"inLanguage\":\"de\",\"@id\":\"https:\/\/blazevuedigi.com\/#\/schema\/logo\/image\/\",\"url\":\"https:\/\/blazevuedigi.com\/wp-content\/uploads\/2023\/05\/blazevuedigi-logo.svg\",\"contentUrl\":\"https:\/\/blazevuedigi.com\/wp-content\/uploads\/2023\/05\/blazevuedigi-logo.svg\",\"width\":161,\"height\":50,\"caption\":\"Blazevue\"},\"image\":{\"@id\":\"https:\/\/blazevuedigi.com\/#\/schema\/logo\/image\/\"},\"sameAs\":[\"https:\/\/www.facebook.com\/profile.php?id=100089035842494\",\"https:\/\/x.com\/blazevue\",\"https:\/\/medium.com\/@blazevue4u\",\"https:\/\/www.linkedin.com\/in\/blazevue-inc-10846726b\/\"]}]}<\/script>\n<!-- \/ Yoast SEO plugin. -->","yoast_head_json":{"title":"Terms of Use - Blazevue","robots":{"index":"index","follow":"follow","max-snippet":"max-snippet:-1","max-image-preview":"max-image-preview:large","max-video-preview":"max-video-preview:-1"},"canonical":"https:\/\/blazevuedigi.com\/de\/terms-of-use\/","og_locale":"de_DE","og_type":"article","og_title":"Terms of Use - Blazevue","og_description":"Terms of Use By accessing or using the services of Blazevue Digi Solutions, you agree to the following terms and conditions. Please read them carefully before proceeding. SERVICES At Blazevue Digi Solutions, we provide Software Development Services, Digital Marketing, and Branding Design services to assist our clients in achieving their objectives. Our services are geared [&hellip;]","og_url":"https:\/\/blazevuedigi.com\/de\/terms-of-use\/","og_site_name":"Blazevue","article_publisher":"https:\/\/www.facebook.com\/profile.php?id=100089035842494","article_modified_time":"2023-04-16T04:03:19+00:00","og_image":[{"url":"https:\/\/blazevuedigi.com\/wp-content\/uploads\/2023\/01\/illustrationletstalk.png"}],"twitter_card":"summary_large_image","twitter_site":"@blazevue","twitter_misc":{"Gesch\u00e4tzte Lesezeit":"3\u00a0Minuten"},"schema":{"@context":"https:\/\/schema.org","@graph":[{"@type":"WebPage","@id":"https:\/\/blazevuedigi.com\/terms-of-use\/","url":"https:\/\/blazevuedigi.com\/terms-of-use\/","name":"Terms of Use - Blazevue","isPartOf":{"@id":"https:\/\/blazevuedigi.com\/#website"},"primaryImageOfPage":{"@id":"https:\/\/blazevuedigi.com\/terms-of-use\/#primaryimage"},"image":{"@id":"https:\/\/blazevuedigi.com\/terms-of-use\/#primaryimage"},"thumbnailUrl":"https:\/\/blazevuedigi.com\/wp-content\/uploads\/2023\/01\/illustrationletstalk.png","datePublished":"2023-03-16T16:29:10+00:00","dateModified":"2023-04-16T04:03:19+00:00","breadcrumb":{"@id":"https:\/\/blazevuedigi.com\/terms-of-use\/#breadcrumb"},"inLanguage":"de","potentialAction":[{"@type":"ReadAction","target":["https:\/\/blazevuedigi.com\/terms-of-use\/"]}]},{"@type":"ImageObject","inLanguage":"de","@id":"https:\/\/blazevuedigi.com\/terms-of-use\/#primaryimage","url":"https:\/\/blazevuedigi.com\/wp-content\/uploads\/2023\/01\/illustrationletstalk.png","contentUrl":"https:\/\/blazevuedigi.com\/wp-content\/uploads\/2023\/01\/illustrationletstalk.png"},{"@type":"BreadcrumbList","@id":"https:\/\/blazevuedigi.com\/terms-of-use\/#breadcrumb","itemListElement":[{"@type":"ListItem","position":1,"name":"Home","item":"https:\/\/blazevuedigi.com\/"},{"@type":"ListItem","position":2,"name":"Terms of Use"}]},{"@type":"WebSite","@id":"https:\/\/blazevuedigi.com\/#website","url":"https:\/\/blazevuedigi.com\/","name":"Blazevue","description":"","publisher":{"@id":"https:\/\/blazevuedigi.com\/#organization"},"potentialAction":[{"@type":"SearchAction","target":{"@type":"EntryPoint","urlTemplate":"https:\/\/blazevuedigi.com\/?s={search_term_string}"},"query-input":"required name=search_term_string"}],"inLanguage":"de"},{"@type":"Organization","@id":"https:\/\/blazevuedigi.com\/#organization","name":"Blazevue","url":"https:\/\/blazevuedigi.com\/","logo":{"@type":"ImageObject","inLanguage":"de","@id":"https:\/\/blazevuedigi.com\/#\/schema\/logo\/image\/","url":"https:\/\/blazevuedigi.com\/wp-content\/uploads\/2023\/05\/blazevuedigi-logo.svg","contentUrl":"https:\/\/blazevuedigi.com\/wp-content\/uploads\/2023\/05\/blazevuedigi-logo.svg","width":161,"height":50,"caption":"Blazevue"},"image":{"@id":"https:\/\/blazevuedigi.com\/#\/schema\/logo\/image\/"},"sameAs":["https:\/\/www.facebook.com\/profile.php?id=100089035842494","https:\/\/x.com\/blazevue","https:\/\/medium.com\/@blazevue4u","https:\/\/www.linkedin.com\/in\/blazevue-inc-10846726b\/"]}]}},"_links":{"self":[{"href":"https:\/\/blazevuedigi.com\/de\/wp-json\/wp\/v2\/pages\/832"}],"collection":[{"href":"https:\/\/blazevuedigi.com\/de\/wp-json\/wp\/v2\/pages"}],"about":[{"href":"https:\/\/blazevuedigi.com\/de\/wp-json\/wp\/v2\/types\/page"}],"author":[{"embeddable":true,"href":"https:\/\/blazevuedigi.com\/de\/wp-json\/wp\/v2\/users\/1"}],"replies":[{"embeddable":true,"href":"https:\/\/blazevuedigi.com\/de\/wp-json\/wp\/v2\/comments?post=832"}],"version-history":[{"count":7,"href":"https:\/\/blazevuedigi.com\/de\/wp-json\/wp\/v2\/pages\/832\/revisions"}],"predecessor-version":[{"id":1520,"href":"https:\/\/blazevuedigi.com\/de\/wp-json\/wp\/v2\/pages\/832\/revisions\/1520"}],"wp:attachment":[{"href":"https:\/\/blazevuedigi.com\/de\/wp-json\/wp\/v2\/media?parent=832"}],"curies":[{"name":"wp","href":"https:\/\/api.w.org\/{rel}","templated":true}]}}