{"id":1012,"date":"2023-03-26T02:38:38","date_gmt":"2023-03-26T02:38:38","guid":{"rendered":"https:\/\/blazevuedigi.com\/?page_id=1012"},"modified":"2023-04-23T06:04:37","modified_gmt":"2023-04-23T06:04:37","slug":"brand-designs","status":"publish","type":"page","link":"https:\/\/blazevuedigi.com\/es\/brand-designs\/","title":{"rendered":"Dise\u00f1os de marca"},"content":{"rendered":"<div data-elementor-type=\"wp-page\" data-elementor-id=\"1012\" class=\"elementor elementor-1012\">\n\t\t\t\t\t\t<section class=\"elementor-section elementor-top-section elementor-element elementor-element-e8336d3 innerpage_banner elementor-section-boxed elementor-section-height-default elementor-section-height-default\" data-id=\"e8336d3\" data-element_type=\"section\" data-settings=\"{&quot;background_background&quot;:&quot;classic&quot;}\">\n\t\t\t\t\t\t\t<div class=\"elementor-background-overlay\"><\/div>\n\t\t\t\t\t\t\t<div class=\"elementor-container elementor-column-gap-default\">\n\t\t\t\t\t<div class=\"elementor-column elementor-col-100 elementor-top-column elementor-element elementor-element-2fbba48d\" data-id=\"2fbba48d\" data-element_type=\"column\">\n\t\t\t<div class=\"elementor-widget-wrap elementor-element-populated\">\n\t\t\t\t\t\t<div class=\"elementor-element elementor-element-5f99f8ee elementor-widget elementor-widget-heading\" data-id=\"5f99f8ee\" data-element_type=\"widget\" data-widget_type=\"heading.default\">\n\t\t\t\t<div class=\"elementor-widget-container\">\n\t\t\t<style>\/*! elementor - v3.23.0 - 05-08-2024 *\/\n.elementor-heading-title{padding:0;margin:0;line-height:1}.elementor-widget-heading .elementor-heading-title[class*=elementor-size-]>a{color:inherit;font-size:inherit;line-height:inherit}.elementor-widget-heading .elementor-heading-title.elementor-size-small{font-size:15px}.elementor-widget-heading .elementor-heading-title.elementor-size-medium{font-size:19px}.elementor-widget-heading .elementor-heading-title.elementor-size-large{font-size:29px}.elementor-widget-heading .elementor-heading-title.elementor-size-xl{font-size:39px}.elementor-widget-heading .elementor-heading-title.elementor-size-xxl{font-size:59px}<\/style><h1 class=\"elementor-heading-title elementor-size-default\">Dise\u00f1os de marca<\/h1>\t\t<\/div>\n\t\t\t\t<\/div>\n\t\t\t\t\t<\/div>\n\t\t<\/div>\n\t\t\t\t\t<\/div>\n\t\t<\/section>\n\t\t\t\t<section class=\"elementor-section elementor-top-section elementor-element elementor-element-7af85bc1 cardiology_content elementor-section-boxed elementor-section-height-default elementor-section-height-default\" data-id=\"7af85bc1\" data-element_type=\"section\">\n\t\t\t\t\t\t<div class=\"elementor-container elementor-column-gap-default\">\n\t\t\t\t\t<div class=\"elementor-column elementor-col-100 elementor-top-column elementor-element elementor-element-75604bd2\" data-id=\"75604bd2\" data-element_type=\"column\">\n\t\t\t<div class=\"elementor-widget-wrap elementor-element-populated\">\n\t\t\t\t\t\t<div class=\"elementor-element elementor-element-4c44077a elementor-widget elementor-widget-text-editor\" data-id=\"4c44077a\" data-element_type=\"widget\" data-widget_type=\"text-editor.default\">\n\t\t\t\t<div class=\"elementor-widget-container\">\n\t\t\t<style>\/*! elementor - v3.23.0 - 05-08-2024 *\/\n.elementor-widget-text-editor.elementor-drop-cap-view-stacked .elementor-drop-cap{background-color:#69727d;color:#fff}.elementor-widget-text-editor.elementor-drop-cap-view-framed .elementor-drop-cap{color:#69727d;border:3px solid;background-color:transparent}.elementor-widget-text-editor:not(.elementor-drop-cap-view-default) .elementor-drop-cap{margin-top:8px}.elementor-widget-text-editor:not(.elementor-drop-cap-view-default) .elementor-drop-cap-letter{width:1em;height:1em}.elementor-widget-text-editor .elementor-drop-cap{float:left;text-align:center;line-height:1;font-size:50px}.elementor-widget-text-editor .elementor-drop-cap-letter{display:inline-block}<\/style>\t\t\t\t<p>Blazevue Digi Solutions, donde brindamos soluciones de marca innovadoras que lo ayudan a destacarse en un mercado saturado. Nuestro equipo de dise\u00f1adores experimentados y expertos en marcas trabajan en estrecha colaboraci\u00f3n con los clientes para ofrecer dise\u00f1os de marca \u00fanicos y efectivos que capturen la esencia de sus negocios.<\/p><p>Creemos que una fuerte identidad de marca es crucial para el \u00e9xito en el competitivo panorama empresarial actual. Nuestros servicios de dise\u00f1o de marca se adaptan a las necesidades espec\u00edficas de cada cliente y trabajamos diligentemente para crear dise\u00f1os que reflejen la personalidad, los valores y los objetivos de su marca.<\/p><p>Nuestros servicios integrales de dise\u00f1o de marca incluyen:<\/p>\t\t\t\t\t\t<\/div>\n\t\t\t\t<\/div>\n\t\t\t\t<section class=\"elementor-section elementor-inner-section elementor-element elementor-element-7ac6de4 elementor-section-boxed elementor-section-height-default elementor-section-height-default\" data-id=\"7ac6de4\" data-element_type=\"section\">\n\t\t\t\t\t\t<div class=\"elementor-container elementor-column-gap-default\">\n\t\t\t\t\t<div class=\"elementor-column elementor-col-33 elementor-inner-column elementor-element elementor-element-274b0de5 speciality_box\" data-id=\"274b0de5\" data-element_type=\"column\">\n\t\t\t<div class=\"elementor-widget-wrap elementor-element-populated\">\n\t\t\t\t\t\t<div class=\"elementor-element elementor-element-21561a69 elementor-widget elementor-widget-text-editor\" data-id=\"21561a69\" data-element_type=\"widget\" data-widget_type=\"text-editor.default\">\n\t\t\t\t<div class=\"elementor-widget-container\">\n\t\t\t\t\t\t\t<h5>Dise\u00f1o de logo<\/h5><p>Su logotipo es la cara de su marca y lo primero que notan los clientes. Nuestros dise\u00f1adores crean logotipos memorables, distintivos y visualmente atractivos, lo que garantiza que su marca se destaque entre la multitud.<\/p>\t\t\t\t\t\t<\/div>\n\t\t\t\t<\/div>\n\t\t\t\t\t<\/div>\n\t\t<\/div>\n\t\t\t\t<div class=\"elementor-column elementor-col-33 elementor-inner-column elementor-element elementor-element-371fcad4 speciality_box\" data-id=\"371fcad4\" data-element_type=\"column\">\n\t\t\t<div class=\"elementor-widget-wrap elementor-element-populated\">\n\t\t\t\t\t\t<div class=\"elementor-element elementor-element-51c6a144 elementor-widget elementor-widget-text-editor\" data-id=\"51c6a144\" data-element_type=\"widget\" data-widget_type=\"text-editor.default\">\n\t\t\t\t<div class=\"elementor-widget-container\">\n\t\t\t\t\t\t\t<h5>Directrices de la marca<\/h5><p>La consistencia es clave cuando se trata de la marca. Creamos pautas de marca que brindan un conjunto claro de reglas sobre c\u00f3mo se debe presentar su marca en todos los canales y puntos de contacto.<\/p>\t\t\t\t\t\t<\/div>\n\t\t\t\t<\/div>\n\t\t\t\t\t<\/div>\n\t\t<\/div>\n\t\t\t\t<div class=\"elementor-column elementor-col-33 elementor-inner-column elementor-element elementor-element-e9d91ef speciality_box\" data-id=\"e9d91ef\" data-element_type=\"column\">\n\t\t\t<div class=\"elementor-widget-wrap elementor-element-populated\">\n\t\t\t\t\t\t<div class=\"elementor-element elementor-element-20ac58c elementor-widget elementor-widget-text-editor\" data-id=\"20ac58c\" data-element_type=\"widget\" data-widget_type=\"text-editor.default\">\n\t\t\t\t<div class=\"elementor-widget-container\">\n\t\t\t\t\t\t\t<h5>Identidad de la marca<\/h5><p>La identidad de su marca abarca todos los elementos visuales y sensoriales que componen su marca, incluidos los colores, la tipograf\u00eda, las im\u00e1genes y el tono de voz. Desarrollamos identidades de marca que son consistentes, cohesivas y reflejan la personalidad \u00fanica de su marca.<\/p>\t\t\t\t\t\t<\/div>\n\t\t\t\t<\/div>\n\t\t\t\t\t<\/div>\n\t\t<\/div>\n\t\t\t\t\t<\/div>\n\t\t<\/section>\n\t\t\t\t<section class=\"elementor-section elementor-inner-section elementor-element elementor-element-7d4a2163 elementor-section-boxed elementor-section-height-default elementor-section-height-default\" data-id=\"7d4a2163\" data-element_type=\"section\">\n\t\t\t\t\t\t<div class=\"elementor-container elementor-column-gap-default\">\n\t\t\t\t\t<div class=\"elementor-column elementor-col-33 elementor-inner-column elementor-element elementor-element-6ed28227 speciality_box\" data-id=\"6ed28227\" data-element_type=\"column\">\n\t\t\t<div class=\"elementor-widget-wrap elementor-element-populated\">\n\t\t\t\t\t\t<div class=\"elementor-element elementor-element-6b962c1c elementor-widget elementor-widget-text-editor\" data-id=\"6b962c1c\" data-element_type=\"widget\" data-widget_type=\"text-editor.default\">\n\t\t\t\t<div class=\"elementor-widget-container\">\n\t\t\t\t\t\t\t<h5>Garant\u00eda de marca<\/h5><p>Desde tarjetas de presentaci\u00f3n hasta folletos, nuestros dise\u00f1adores crean material publicitario que es visualmente impactante y comunica el mensaje de su marca de manera efectiva.<\/p>\t\t\t\t\t\t<\/div>\n\t\t\t\t<\/div>\n\t\t\t\t\t<\/div>\n\t\t<\/div>\n\t\t\t\t<div class=\"elementor-column elementor-col-33 elementor-inner-column elementor-element elementor-element-2e16c27c speciality_box\" data-id=\"2e16c27c\" data-element_type=\"column\">\n\t\t\t<div class=\"elementor-widget-wrap\">\n\t\t\t\t\t\t\t<\/div>\n\t\t<\/div>\n\t\t\t\t<div class=\"elementor-column elementor-col-33 elementor-inner-column elementor-element elementor-element-4b9ba8fd speciality_box\" data-id=\"4b9ba8fd\" data-element_type=\"column\">\n\t\t\t<div class=\"elementor-widget-wrap\">\n\t\t\t\t\t\t\t<\/div>\n\t\t<\/div>\n\t\t\t\t\t<\/div>\n\t\t<\/section>\n\t\t\t\t<div class=\"elementor-element elementor-element-9224052 elementor-widget elementor-widget-text-editor\" data-id=\"9224052\" data-element_type=\"widget\" data-widget_type=\"text-editor.default\">\n\t\t\t\t<div class=\"elementor-widget-container\">\n\t\t\t\t\t\t\t<p>En Blazevue Digi Solutions, estamos comprometidos a ofrecer soluciones de dise\u00f1o de marca excepcionales que impulsen el crecimiento y el \u00e9xito empresarial. Cont\u00e1ctenos hoy para obtener m\u00e1s informaci\u00f3n sobre c\u00f3mo podemos ayudarlo a llevar su marca al siguiente nivel.<\/p><h4>Servicios de dise\u00f1o personalizado:<\/h4><p>Ofrecemos servicios de dise\u00f1o personalizados que se adaptan a sus necesidades espec\u00edficas. Ya sea que necesite un volante, un p\u00f3ster, una pancarta o cualquier otro dise\u00f1o de impresi\u00f3n, podemos crear un dise\u00f1o personalizado que cumpla con sus requisitos. Nuestros dise\u00f1os son \u00fanicos y funcionales, lo que garantiza que causen una impresi\u00f3n duradera en su audiencia.<\/p><p>\u00a1Perm\u00edtanos ayudarlo a crear dise\u00f1os que impacten y reflejen su marca! Cont\u00e1ctenos hoy para obtener m\u00e1s informaci\u00f3n sobre c\u00f3mo podemos ayudarlo a lograr sus objetivos de marketing a trav\u00e9s de hermosos dise\u00f1os impresos de alta calidad.<\/p>\t\t\t\t\t\t<\/div>\n\t\t\t\t<\/div>\n\t\t\t\t\t<\/div>\n\t\t<\/div>\n\t\t\t\t\t<\/div>\n\t\t<\/section>\n\t\t\t\t<section class=\"elementor-section elementor-top-section elementor-element elementor-element-5182188c elementor-section-boxed elementor-section-height-default elementor-section-height-default\" data-id=\"5182188c\" data-element_type=\"section\">\n\t\t\t\t\t\t<div class=\"elementor-container elementor-column-gap-default\">\n\t\t\t\t\t<div class=\"elementor-column elementor-col-100 elementor-top-column elementor-element elementor-element-208e3497\" data-id=\"208e3497\" data-element_type=\"column\">\n\t\t\t<div class=\"elementor-widget-wrap elementor-element-populated\">\n\t\t\t\t\t\t<section class=\"elementor-section elementor-inner-section elementor-element elementor-element-13289f2b evaluate_cta elementor-section-content-middle elementor-section-boxed elementor-section-height-default elementor-section-height-default\" data-id=\"13289f2b\" data-element_type=\"section\" data-settings=\"{&quot;background_background&quot;:&quot;classic&quot;}\">\n\t\t\t\t\t\t<div class=\"elementor-container elementor-column-gap-default\">\n\t\t\t\t\t<div class=\"elementor-column elementor-col-50 elementor-inner-column elementor-element elementor-element-654b8926\" data-id=\"654b8926\" data-element_type=\"column\">\n\t\t\t<div class=\"elementor-widget-wrap elementor-element-populated\">\n\t\t\t\t\t\t<div class=\"elementor-element elementor-element-7f1ba08a elementor-widget elementor-widget-image\" data-id=\"7f1ba08a\" data-element_type=\"widget\" data-widget_type=\"image.default\">\n\t\t\t\t<div class=\"elementor-widget-container\">\n\t\t\t<style>\/*! elementor - v3.23.0 - 05-08-2024 *\/\n.elementor-widget-image{text-align:center}.elementor-widget-image a{display:inline-block}.elementor-widget-image a img[src$=\".svg\"]{width:48px}.elementor-widget-image img{vertical-align:middle;display:inline-block}<\/style>\t\t\t\t\t\t\t\t\t\t<img decoding=\"async\" width=\"127\" height=\"122\" src=\"https:\/\/blazevuedigi.com\/wp-content\/uploads\/2023\/01\/illustrationletstalk.png\" class=\"attachment-large size-large wp-image-202\" alt=\"\" \/>\t\t\t\t\t\t\t\t\t\t\t\t\t<\/div>\n\t\t\t\t<\/div>\n\t\t\t\t\t<\/div>\n\t\t<\/div>\n\t\t\t\t<div class=\"elementor-column elementor-col-50 elementor-inner-column elementor-element elementor-element-543baeb\" data-id=\"543baeb\" data-element_type=\"column\">\n\t\t\t<div class=\"elementor-widget-wrap elementor-element-populated\">\n\t\t\t\t\t\t<div class=\"elementor-element elementor-element-48889d91 elementor-widget elementor-widget-heading\" data-id=\"48889d91\" data-element_type=\"widget\" data-widget_type=\"heading.default\">\n\t\t\t\t<div class=\"elementor-widget-container\">\n\t\t\t<h5 class=\"elementor-heading-title elementor-size-default\">\u00bfDesea evaluar Blazevue Digi?<\/h5>\t\t<\/div>\n\t\t\t\t<\/div>\n\t\t\t\t<div class=\"elementor-element elementor-element-4f3b608 elementor-widget elementor-widget-text-editor\" data-id=\"4f3b608\" data-element_type=\"widget\" data-widget_type=\"text-editor.default\">\n\t\t\t\t<div class=\"elementor-widget-container\">\n\t\t\t\t\t\t\t<p>P\u00f3ngase en contacto con nosotros y podemos ayudarlo a comenzar en poco tiempo. \u00a1Es f\u00e1cil!<\/p>\t\t\t\t\t\t<\/div>\n\t\t\t\t<\/div>\n\t\t\t\t<div class=\"elementor-element elementor-element-2fc370b4 elementor-widget elementor-widget-button\" data-id=\"2fc370b4\" data-element_type=\"widget\" data-widget_type=\"button.default\">\n\t\t\t\t<div class=\"elementor-widget-container\">\n\t\t\t\t\t<div class=\"elementor-button-wrapper\">\n\t\t\t<a class=\"elementor-button elementor-button-link elementor-size-md\" href=\"https:\/\/blazevuedigi.com\/es\/contact-us\/\">\n\t\t\t\t\t\t<span class=\"elementor-button-content-wrapper\">\n\t\t\t\t\t\t\t\t\t<span class=\"elementor-button-text\">Hablemos<\/span>\n\t\t\t\t\t<\/span>\n\t\t\t\t\t<\/a>\n\t\t<\/div>\n\t\t\t\t<\/div>\n\t\t\t\t<\/div>\n\t\t\t\t\t<\/div>\n\t\t<\/div>\n\t\t\t\t\t<\/div>\n\t\t<\/section>\n\t\t\t\t\t<\/div>\n\t\t<\/div>\n\t\t\t\t\t<\/div>\n\t\t<\/section>\n\t\t\t\t<\/div>","protected":false},"excerpt":{"rendered":"<p>Brand Designs Blazevue Digi Solutions, where we provide innovative branding solutions that help you stand out in a crowded market. Our team of experienced designers and branding experts work closely with clients to deliver unique and effective brand designs that capture the essence of their businesses. We believe that a strong brand identity is crucial [&hellip;]<\/p>","protected":false},"author":1,"featured_media":0,"parent":0,"menu_order":0,"comment_status":"closed","ping_status":"closed","template":"","meta":{"inline_featured_image":false,"site-sidebar-layout":"no-sidebar","site-content-layout":"page-builder","ast-site-content-layout":"","site-content-style":"default","site-sidebar-style":"default","ast-global-header-display":"","ast-banner-title-visibility":"","ast-main-header-display":"","ast-hfb-above-header-display":"","ast-hfb-below-header-display":"","ast-hfb-mobile-header-display":"","site-post-title":"disabled","ast-breadcrumbs-content":"","ast-featured-img":"disabled","footer-sml-layout":"","theme-transparent-header-meta":"","adv-header-id-meta":"","stick-header-meta":"","header-above-stick-meta":"","header-main-stick-meta":"","header-below-stick-meta":"","astra-migrate-meta-layouts":"default","ast-page-background-enabled":"default","ast-page-background-meta":{"desktop":{"background-color":"var(--ast-global-color-4)","background-image":"","background-repeat":"repeat","background-position":"center center","background-size":"auto","background-attachment":"scroll","background-type":"","background-media":"","overlay-type":"","overlay-color":"","overlay-opacity":"","overlay-gradient":""},"tablet":{"background-color":"","background-image":"","background-repeat":"repeat","background-position":"center center","background-size":"auto","background-attachment":"scroll","background-type":"","background-media":"","overlay-type":"","overlay-color":"","overlay-opacity":"","overlay-gradient":""},"mobile":{"background-color":"","background-image":"","background-repeat":"repeat","background-position":"center center","background-size":"auto","background-attachment":"scroll","background-type":"","background-media":"","overlay-type":"","overlay-color":"","overlay-opacity":"","overlay-gradient":""}},"ast-content-background-meta":{"desktop":{"background-color":"var(--ast-global-color-5)","background-image":"","background-repeat":"repeat","background-position":"center center","background-size":"auto","background-attachment":"scroll","background-type":"","background-media":"","overlay-type":"","overlay-color":"","overlay-opacity":"","overlay-gradient":""},"tablet":{"background-color":"var(--ast-global-color-5)","background-image":"","background-repeat":"repeat","background-position":"center center","background-size":"auto","background-attachment":"scroll","background-type":"","background-media":"","overlay-type":"","overlay-color":"","overlay-opacity":"","overlay-gradient":""},"mobile":{"background-color":"var(--ast-global-color-5)","background-image":"","background-repeat":"repeat","background-position":"center center","background-size":"auto","background-attachment":"scroll","background-type":"","background-media":"","overlay-type":"","overlay-color":"","overlay-opacity":"","overlay-gradient":""}},"footnotes":""},"class_list":["post-1012","page","type-page","status-publish","hentry"],"yoast_head":"<!-- This site is optimized with the Yoast SEO plugin v23.3 - https:\/\/yoast.com\/wordpress\/plugins\/seo\/ -->\n<title>Brand Designs - Blazevue<\/title>\n<meta name=\"robots\" content=\"index, follow, max-snippet:-1, max-image-preview:large, max-video-preview:-1\" \/>\n<link rel=\"canonical\" href=\"https:\/\/blazevuedigi.com\/es\/brand-designs\/\" \/>\n<meta property=\"og:locale\" content=\"es_ES\" \/>\n<meta property=\"og:type\" content=\"article\" \/>\n<meta property=\"og:title\" content=\"Brand Designs - Blazevue\" \/>\n<meta property=\"og:description\" content=\"Brand Designs Blazevue Digi Solutions, where we provide innovative branding solutions that help you stand out in a crowded market. Our team of experienced designers and branding experts work closely with clients to deliver unique and effective brand designs that capture the essence of their businesses. We believe that a strong brand identity is crucial [&hellip;]\" \/>\n<meta property=\"og:url\" content=\"https:\/\/blazevuedigi.com\/es\/brand-designs\/\" \/>\n<meta property=\"og:site_name\" content=\"Blazevue\" \/>\n<meta property=\"article:publisher\" content=\"https:\/\/www.facebook.com\/profile.php?id=100089035842494\" \/>\n<meta property=\"article:modified_time\" content=\"2023-04-23T06:04:37+00:00\" \/>\n<meta property=\"og:image\" content=\"https:\/\/blazevuedigi.com\/wp-content\/uploads\/2023\/01\/illustrationletstalk.png\" \/>\n<meta name=\"twitter:card\" content=\"summary_large_image\" \/>\n<meta name=\"twitter:site\" content=\"@blazevue\" \/>\n<meta name=\"twitter:label1\" content=\"Tiempo de lectura\" \/>\n\t<meta name=\"twitter:data1\" content=\"2 minutos\" \/>\n<script type=\"application\/ld+json\" class=\"yoast-schema-graph\">{\"@context\":\"https:\/\/schema.org\",\"@graph\":[{\"@type\":\"WebPage\",\"@id\":\"https:\/\/blazevuedigi.com\/brand-designs\/\",\"url\":\"https:\/\/blazevuedigi.com\/brand-designs\/\",\"name\":\"Brand Designs - Blazevue\",\"isPartOf\":{\"@id\":\"https:\/\/blazevuedigi.com\/#website\"},\"primaryImageOfPage\":{\"@id\":\"https:\/\/blazevuedigi.com\/brand-designs\/#primaryimage\"},\"image\":{\"@id\":\"https:\/\/blazevuedigi.com\/brand-designs\/#primaryimage\"},\"thumbnailUrl\":\"https:\/\/blazevuedigi.com\/wp-content\/uploads\/2023\/01\/illustrationletstalk.png\",\"datePublished\":\"2023-03-26T02:38:38+00:00\",\"dateModified\":\"2023-04-23T06:04:37+00:00\",\"breadcrumb\":{\"@id\":\"https:\/\/blazevuedigi.com\/brand-designs\/#breadcrumb\"},\"inLanguage\":\"es\",\"potentialAction\":[{\"@type\":\"ReadAction\",\"target\":[\"https:\/\/blazevuedigi.com\/brand-designs\/\"]}]},{\"@type\":\"ImageObject\",\"inLanguage\":\"es\",\"@id\":\"https:\/\/blazevuedigi.com\/brand-designs\/#primaryimage\",\"url\":\"https:\/\/blazevuedigi.com\/wp-content\/uploads\/2023\/01\/illustrationletstalk.png\",\"contentUrl\":\"https:\/\/blazevuedigi.com\/wp-content\/uploads\/2023\/01\/illustrationletstalk.png\"},{\"@type\":\"BreadcrumbList\",\"@id\":\"https:\/\/blazevuedigi.com\/brand-designs\/#breadcrumb\",\"itemListElement\":[{\"@type\":\"ListItem\",\"position\":1,\"name\":\"Home\",\"item\":\"https:\/\/blazevuedigi.com\/\"},{\"@type\":\"ListItem\",\"position\":2,\"name\":\"Brand Designs\"}]},{\"@type\":\"WebSite\",\"@id\":\"https:\/\/blazevuedigi.com\/#website\",\"url\":\"https:\/\/blazevuedigi.com\/\",\"name\":\"Blazevue\",\"description\":\"\",\"publisher\":{\"@id\":\"https:\/\/blazevuedigi.com\/#organization\"},\"potentialAction\":[{\"@type\":\"SearchAction\",\"target\":{\"@type\":\"EntryPoint\",\"urlTemplate\":\"https:\/\/blazevuedigi.com\/?s={search_term_string}\"},\"query-input\":\"required name=search_term_string\"}],\"inLanguage\":\"es\"},{\"@type\":\"Organization\",\"@id\":\"https:\/\/blazevuedigi.com\/#organization\",\"name\":\"Blazevue\",\"url\":\"https:\/\/blazevuedigi.com\/\",\"logo\":{\"@type\":\"ImageObject\",\"inLanguage\":\"es\",\"@id\":\"https:\/\/blazevuedigi.com\/#\/schema\/logo\/image\/\",\"url\":\"https:\/\/blazevuedigi.com\/wp-content\/uploads\/2023\/05\/blazevuedigi-logo.svg\",\"contentUrl\":\"https:\/\/blazevuedigi.com\/wp-content\/uploads\/2023\/05\/blazevuedigi-logo.svg\",\"width\":161,\"height\":50,\"caption\":\"Blazevue\"},\"image\":{\"@id\":\"https:\/\/blazevuedigi.com\/#\/schema\/logo\/image\/\"},\"sameAs\":[\"https:\/\/www.facebook.com\/profile.php?id=100089035842494\",\"https:\/\/x.com\/blazevue\",\"https:\/\/medium.com\/@blazevue4u\",\"https:\/\/www.linkedin.com\/in\/blazevue-inc-10846726b\/\"]}]}<\/script>\n<!-- \/ Yoast SEO plugin. -->","yoast_head_json":{"title":"Brand Designs - Blazevue","robots":{"index":"index","follow":"follow","max-snippet":"max-snippet:-1","max-image-preview":"max-image-preview:large","max-video-preview":"max-video-preview:-1"},"canonical":"https:\/\/blazevuedigi.com\/es\/brand-designs\/","og_locale":"es_ES","og_type":"article","og_title":"Brand Designs - Blazevue","og_description":"Brand Designs Blazevue Digi Solutions, where we provide innovative branding solutions that help you stand out in a crowded market. Our team of experienced designers and branding experts work closely with clients to deliver unique and effective brand designs that capture the essence of their businesses. We believe that a strong brand identity is crucial [&hellip;]","og_url":"https:\/\/blazevuedigi.com\/es\/brand-designs\/","og_site_name":"Blazevue","article_publisher":"https:\/\/www.facebook.com\/profile.php?id=100089035842494","article_modified_time":"2023-04-23T06:04:37+00:00","og_image":[{"url":"https:\/\/blazevuedigi.com\/wp-content\/uploads\/2023\/01\/illustrationletstalk.png"}],"twitter_card":"summary_large_image","twitter_site":"@blazevue","twitter_misc":{"Tiempo de lectura":"2 minutos"},"schema":{"@context":"https:\/\/schema.org","@graph":[{"@type":"WebPage","@id":"https:\/\/blazevuedigi.com\/brand-designs\/","url":"https:\/\/blazevuedigi.com\/brand-designs\/","name":"Brand Designs - Blazevue","isPartOf":{"@id":"https:\/\/blazevuedigi.com\/#website"},"primaryImageOfPage":{"@id":"https:\/\/blazevuedigi.com\/brand-designs\/#primaryimage"},"image":{"@id":"https:\/\/blazevuedigi.com\/brand-designs\/#primaryimage"},"thumbnailUrl":"https:\/\/blazevuedigi.com\/wp-content\/uploads\/2023\/01\/illustrationletstalk.png","datePublished":"2023-03-26T02:38:38+00:00","dateModified":"2023-04-23T06:04:37+00:00","breadcrumb":{"@id":"https:\/\/blazevuedigi.com\/brand-designs\/#breadcrumb"},"inLanguage":"es","potentialAction":[{"@type":"ReadAction","target":["https:\/\/blazevuedigi.com\/brand-designs\/"]}]},{"@type":"ImageObject","inLanguage":"es","@id":"https:\/\/blazevuedigi.com\/brand-designs\/#primaryimage","url":"https:\/\/blazevuedigi.com\/wp-content\/uploads\/2023\/01\/illustrationletstalk.png","contentUrl":"https:\/\/blazevuedigi.com\/wp-content\/uploads\/2023\/01\/illustrationletstalk.png"},{"@type":"BreadcrumbList","@id":"https:\/\/blazevuedigi.com\/brand-designs\/#breadcrumb","itemListElement":[{"@type":"ListItem","position":1,"name":"Home","item":"https:\/\/blazevuedigi.com\/"},{"@type":"ListItem","position":2,"name":"Brand Designs"}]},{"@type":"WebSite","@id":"https:\/\/blazevuedigi.com\/#website","url":"https:\/\/blazevuedigi.com\/","name":"Blazevue","description":"","publisher":{"@id":"https:\/\/blazevuedigi.com\/#organization"},"potentialAction":[{"@type":"SearchAction","target":{"@type":"EntryPoint","urlTemplate":"https:\/\/blazevuedigi.com\/?s={search_term_string}"},"query-input":"required name=search_term_string"}],"inLanguage":"es"},{"@type":"Organization","@id":"https:\/\/blazevuedigi.com\/#organization","name":"Blazevue","url":"https:\/\/blazevuedigi.com\/","logo":{"@type":"ImageObject","inLanguage":"es","@id":"https:\/\/blazevuedigi.com\/#\/schema\/logo\/image\/","url":"https:\/\/blazevuedigi.com\/wp-content\/uploads\/2023\/05\/blazevuedigi-logo.svg","contentUrl":"https:\/\/blazevuedigi.com\/wp-content\/uploads\/2023\/05\/blazevuedigi-logo.svg","width":161,"height":50,"caption":"Blazevue"},"image":{"@id":"https:\/\/blazevuedigi.com\/#\/schema\/logo\/image\/"},"sameAs":["https:\/\/www.facebook.com\/profile.php?id=100089035842494","https:\/\/x.com\/blazevue","https:\/\/medium.com\/@blazevue4u","https:\/\/www.linkedin.com\/in\/blazevue-inc-10846726b\/"]}]}},"_links":{"self":[{"href":"https:\/\/blazevuedigi.com\/es\/wp-json\/wp\/v2\/pages\/1012"}],"collection":[{"href":"https:\/\/blazevuedigi.com\/es\/wp-json\/wp\/v2\/pages"}],"about":[{"href":"https:\/\/blazevuedigi.com\/es\/wp-json\/wp\/v2\/types\/page"}],"author":[{"embeddable":true,"href":"https:\/\/blazevuedigi.com\/es\/wp-json\/wp\/v2\/users\/1"}],"replies":[{"embeddable":true,"href":"https:\/\/blazevuedigi.com\/es\/wp-json\/wp\/v2\/comments?post=1012"}],"version-history":[{"count":26,"href":"https:\/\/blazevuedigi.com\/es\/wp-json\/wp\/v2\/pages\/1012\/revisions"}],"predecessor-version":[{"id":1768,"href":"https:\/\/blazevuedigi.com\/es\/wp-json\/wp\/v2\/pages\/1012\/revisions\/1768"}],"wp:attachment":[{"href":"https:\/\/blazevuedigi.com\/es\/wp-json\/wp\/v2\/media?parent=1012"}],"curies":[{"name":"wp","href":"https:\/\/api.w.org\/{rel}","templated":true}]}}