{"id":1137,"date":"2023-03-27T02:29:25","date_gmt":"2023-03-27T02:29:25","guid":{"rendered":"https:\/\/blazevuedigi.com\/?page_id=1137"},"modified":"2023-04-18T15:35:28","modified_gmt":"2023-04-18T15:35:28","slug":"frequently-asked-questions","status":"publish","type":"page","link":"https:\/\/blazevuedigi.com\/es\/frequently-asked-questions\/","title":{"rendered":"Preguntas frecuentes"},"content":{"rendered":"<div data-elementor-type=\"wp-page\" data-elementor-id=\"1137\" class=\"elementor elementor-1137\">\n\t\t\t\t\t\t<section class=\"elementor-section elementor-top-section elementor-element elementor-element-2dd18fd faq_section elementor-section-boxed elementor-section-height-default elementor-section-height-default\" data-id=\"2dd18fd\" data-element_type=\"section\">\n\t\t\t\t\t\t<div class=\"elementor-container elementor-column-gap-extended\">\n\t\t\t\t\t<div class=\"elementor-column elementor-col-100 elementor-top-column elementor-element elementor-element-a2a7dd9\" data-id=\"a2a7dd9\" data-element_type=\"column\">\n\t\t\t<div class=\"elementor-widget-wrap elementor-element-populated\">\n\t\t\t\t\t\t<div class=\"elementor-element elementor-element-f066040 elementor-widget elementor-widget-heading\" data-id=\"f066040\" data-element_type=\"widget\" data-widget_type=\"heading.default\">\n\t\t\t\t<div class=\"elementor-widget-container\">\n\t\t\t<style>\/*! elementor - v3.23.0 - 05-08-2024 *\/\n.elementor-heading-title{padding:0;margin:0;line-height:1}.elementor-widget-heading .elementor-heading-title[class*=elementor-size-]>a{color:inherit;font-size:inherit;line-height:inherit}.elementor-widget-heading .elementor-heading-title.elementor-size-small{font-size:15px}.elementor-widget-heading .elementor-heading-title.elementor-size-medium{font-size:19px}.elementor-widget-heading .elementor-heading-title.elementor-size-large{font-size:29px}.elementor-widget-heading .elementor-heading-title.elementor-size-xl{font-size:39px}.elementor-widget-heading .elementor-heading-title.elementor-size-xxl{font-size:59px}<\/style><h1 class=\"elementor-heading-title elementor-size-default\">Preguntas frecuentes<\/h1>\t\t<\/div>\n\t\t\t\t<\/div>\n\t\t\t\t<div class=\"elementor-element elementor-element-f9841d4 elementor-widget elementor-widget-accordion\" data-id=\"f9841d4\" data-element_type=\"widget\" data-widget_type=\"accordion.default\">\n\t\t\t\t<div class=\"elementor-widget-container\">\n\t\t\t<style>\/*! elementor - v3.23.0 - 05-08-2024 *\/\n.elementor-accordion{text-align:start}.elementor-accordion .elementor-accordion-item{border:1px solid #d5d8dc}.elementor-accordion .elementor-accordion-item+.elementor-accordion-item{border-top:none}.elementor-accordion .elementor-tab-title{margin:0;padding:15px 20px;font-weight:700;line-height:1;cursor:pointer;outline:none}.elementor-accordion .elementor-tab-title .elementor-accordion-icon{display:inline-block;width:1.5em}.elementor-accordion .elementor-tab-title .elementor-accordion-icon svg{width:1em;height:1em}.elementor-accordion .elementor-tab-title .elementor-accordion-icon.elementor-accordion-icon-right{float:right;text-align:right}.elementor-accordion .elementor-tab-title .elementor-accordion-icon.elementor-accordion-icon-left{float:left;text-align:left}.elementor-accordion .elementor-tab-title .elementor-accordion-icon .elementor-accordion-icon-closed{display:block}.elementor-accordion .elementor-tab-title .elementor-accordion-icon .elementor-accordion-icon-opened,.elementor-accordion .elementor-tab-title.elementor-active .elementor-accordion-icon-closed{display:none}.elementor-accordion .elementor-tab-title.elementor-active .elementor-accordion-icon-opened{display:block}.elementor-accordion .elementor-tab-content{display:none;padding:15px 20px;border-top:1px solid #d5d8dc}@media (max-width:767px){.elementor-accordion .elementor-tab-title{padding:12px 15px}.elementor-accordion .elementor-tab-title .elementor-accordion-icon{width:1.2em}.elementor-accordion .elementor-tab-content{padding:7px 15px}}.e-con-inner>.elementor-widget-accordion,.e-con>.elementor-widget-accordion{width:var(--container-widget-width);--flex-grow:var(--container-widget-flex-grow)}<\/style>\t\t<div class=\"elementor-accordion\">\n\t\t\t\t\t\t\t<div class=\"elementor-accordion-item\">\n\t\t\t\t\t<div id=\"elementor-tab-title-2611\" class=\"elementor-tab-title\" data-tab=\"1\" role=\"button\" aria-controls=\"elementor-tab-content-2611\" aria-expanded=\"false\">\n\t\t\t\t\t\t\t\t\t\t\t\t\t<span class=\"elementor-accordion-icon elementor-accordion-icon-right\" aria-hidden=\"true\">\n\t\t\t\t\t\t\t\t\t\t\t\t\t\t\t<span class=\"elementor-accordion-icon-closed\"><i class=\"fas fa-chevron-down\"><\/i><\/span>\n\t\t\t\t\t\t\t\t<span class=\"elementor-accordion-icon-opened\"><i class=\"fas fa-chevron-up\"><\/i><\/span>\n\t\t\t\t\t\t\t\t\t\t\t\t\t\t<\/span>\n\t\t\t\t\t\t\t\t\t\t\t\t<a class=\"elementor-accordion-title\" tabindex=\"0\">\u00bfQu\u00e9 servicios brinda Blazevue Digi Solutions?<\/a>\n\t\t\t\t\t<\/div>\n\t\t\t\t\t<div id=\"elementor-tab-content-2611\" class=\"elementor-tab-content elementor-clearfix\" data-tab=\"1\" role=\"region\" aria-labelledby=\"elementor-tab-title-2611\"><p>Blazevue Digi Solutions brinda servicios de subcontrataci\u00f3n para dise\u00f1o y desarrollo web, desarrollo de aplicaciones web, desarrollo de aplicaciones m\u00f3viles, dise\u00f1o de interfaz de usuario (UI), dise\u00f1o de experiencia de usuario (UX), dise\u00f1o de interacci\u00f3n, dise\u00f1os de marca, marketing en redes sociales, optimizaci\u00f3n de motores de b\u00fasqueda, marketing de contenido y anuncios en l\u00ednea.<\/p><\/div>\n\t\t\t\t<\/div>\n\t\t\t\t\t\t\t<div class=\"elementor-accordion-item\">\n\t\t\t\t\t<div id=\"elementor-tab-title-2612\" class=\"elementor-tab-title\" data-tab=\"2\" role=\"button\" aria-controls=\"elementor-tab-content-2612\" aria-expanded=\"false\">\n\t\t\t\t\t\t\t\t\t\t\t\t\t<span class=\"elementor-accordion-icon elementor-accordion-icon-right\" aria-hidden=\"true\">\n\t\t\t\t\t\t\t\t\t\t\t\t\t\t\t<span class=\"elementor-accordion-icon-closed\"><i class=\"fas fa-chevron-down\"><\/i><\/span>\n\t\t\t\t\t\t\t\t<span class=\"elementor-accordion-icon-opened\"><i class=\"fas fa-chevron-up\"><\/i><\/span>\n\t\t\t\t\t\t\t\t\t\t\t\t\t\t<\/span>\n\t\t\t\t\t\t\t\t\t\t\t\t<a class=\"elementor-accordion-title\" tabindex=\"0\">\u00bfCu\u00e1l es el proceso de externalizaci\u00f3n de servicios con Blazevue Digi Solutions?<\/a>\n\t\t\t\t\t<\/div>\n\t\t\t\t\t<div id=\"elementor-tab-content-2612\" class=\"elementor-tab-content elementor-clearfix\" data-tab=\"2\" role=\"region\" aria-labelledby=\"elementor-tab-title-2612\"><p>El proceso de subcontrataci\u00f3n de servicios con Blazevue Digi Solutions implica primero discutir los requisitos y el alcance del proyecto con el equipo, seguido de un acuerdo sobre los t\u00e9rminos y condiciones, precios y plazos. Una vez que se finalizan los detalles del proyecto, el equipo comienza a trabajar en el proyecto y proporciona actualizaciones peri\u00f3dicas al cliente.<\/p><\/div>\n\t\t\t\t<\/div>\n\t\t\t\t\t\t\t<div class=\"elementor-accordion-item\">\n\t\t\t\t\t<div id=\"elementor-tab-title-2613\" class=\"elementor-tab-title\" data-tab=\"3\" role=\"button\" aria-controls=\"elementor-tab-content-2613\" aria-expanded=\"false\">\n\t\t\t\t\t\t\t\t\t\t\t\t\t<span class=\"elementor-accordion-icon elementor-accordion-icon-right\" aria-hidden=\"true\">\n\t\t\t\t\t\t\t\t\t\t\t\t\t\t\t<span class=\"elementor-accordion-icon-closed\"><i class=\"fas fa-chevron-down\"><\/i><\/span>\n\t\t\t\t\t\t\t\t<span class=\"elementor-accordion-icon-opened\"><i class=\"fas fa-chevron-up\"><\/i><\/span>\n\t\t\t\t\t\t\t\t\t\t\t\t\t\t<\/span>\n\t\t\t\t\t\t\t\t\t\t\t\t<a class=\"elementor-accordion-title\" tabindex=\"0\">\u00bfCu\u00e1nto cuesta externalizar servicios con Blazevue Digi Solutions?<\/a>\n\t\t\t\t\t<\/div>\n\t\t\t\t\t<div id=\"elementor-tab-content-2613\" class=\"elementor-tab-content elementor-clearfix\" data-tab=\"3\" role=\"region\" aria-labelledby=\"elementor-tab-title-2613\"><p>El costo de la subcontrataci\u00f3n de servicios con Blazevue Digi Solutions depende del alcance del proyecto, la complejidad y los plazos. El equipo proporciona una estimaci\u00f3n de costos detallada despu\u00e9s de discutir los requisitos del proyecto con el cliente.<\/p><\/div>\n\t\t\t\t<\/div>\n\t\t\t\t\t\t\t<div class=\"elementor-accordion-item\">\n\t\t\t\t\t<div id=\"elementor-tab-title-2614\" class=\"elementor-tab-title\" data-tab=\"4\" role=\"button\" aria-controls=\"elementor-tab-content-2614\" aria-expanded=\"false\">\n\t\t\t\t\t\t\t\t\t\t\t\t\t<span class=\"elementor-accordion-icon elementor-accordion-icon-right\" aria-hidden=\"true\">\n\t\t\t\t\t\t\t\t\t\t\t\t\t\t\t<span class=\"elementor-accordion-icon-closed\"><i class=\"fas fa-chevron-down\"><\/i><\/span>\n\t\t\t\t\t\t\t\t<span class=\"elementor-accordion-icon-opened\"><i class=\"fas fa-chevron-up\"><\/i><\/span>\n\t\t\t\t\t\t\t\t\t\t\t\t\t\t<\/span>\n\t\t\t\t\t\t\t\t\t\t\t\t<a class=\"elementor-accordion-title\" tabindex=\"0\">\u00bfCu\u00e1les son los beneficios de la subcontrataci\u00f3n de servicios con Blazevue Digi Solutions?<\/a>\n\t\t\t\t\t<\/div>\n\t\t\t\t\t<div id=\"elementor-tab-content-2614\" class=\"elementor-tab-content elementor-clearfix\" data-tab=\"4\" role=\"region\" aria-labelledby=\"elementor-tab-title-2614\"><p>Los servicios de subcontrataci\u00f3n con Blazevue Digi Solutions ofrecen varios beneficios, como el acceso a un equipo capacitado y experimentado, ahorro de costos, ahorro de tiempo, eficiencia mejorada y flexibilidad para escalar hacia arriba o hacia abajo seg\u00fan los requisitos del proyecto.<\/p><\/div>\n\t\t\t\t<\/div>\n\t\t\t\t\t\t\t<div class=\"elementor-accordion-item\">\n\t\t\t\t\t<div id=\"elementor-tab-title-2615\" class=\"elementor-tab-title\" data-tab=\"5\" role=\"button\" aria-controls=\"elementor-tab-content-2615\" aria-expanded=\"false\">\n\t\t\t\t\t\t\t\t\t\t\t\t\t<span class=\"elementor-accordion-icon elementor-accordion-icon-right\" aria-hidden=\"true\">\n\t\t\t\t\t\t\t\t\t\t\t\t\t\t\t<span class=\"elementor-accordion-icon-closed\"><i class=\"fas fa-chevron-down\"><\/i><\/span>\n\t\t\t\t\t\t\t\t<span class=\"elementor-accordion-icon-opened\"><i class=\"fas fa-chevron-up\"><\/i><\/span>\n\t\t\t\t\t\t\t\t\t\t\t\t\t\t<\/span>\n\t\t\t\t\t\t\t\t\t\t\t\t<a class=\"elementor-accordion-title\" tabindex=\"0\">\u00bfCu\u00e1l es la experiencia del equipo de Blazevue Digi Solutions?<\/a>\n\t\t\t\t\t<\/div>\n\t\t\t\t\t<div id=\"elementor-tab-content-2615\" class=\"elementor-tab-content elementor-clearfix\" data-tab=\"5\" role=\"region\" aria-labelledby=\"elementor-tab-title-2615\"><p>El equipo de Blazevue Digi Solutions tiene varios a\u00f1os de experiencia en dise\u00f1o y desarrollo web, desarrollo de aplicaciones web, desarrollo de aplicaciones m\u00f3viles, dise\u00f1o de interfaz de usuario (UI), dise\u00f1o de experiencia de usuario (UX), dise\u00f1o de interacci\u00f3n, dise\u00f1os de marca, marketing en redes sociales, b\u00fasqueda optimizaci\u00f3n de motores, marketing de contenidos y anuncios en l\u00ednea.<\/p><\/div>\n\t\t\t\t<\/div>\n\t\t\t\t\t\t\t<div class=\"elementor-accordion-item\">\n\t\t\t\t\t<div id=\"elementor-tab-title-2616\" class=\"elementor-tab-title\" data-tab=\"6\" role=\"button\" aria-controls=\"elementor-tab-content-2616\" aria-expanded=\"false\">\n\t\t\t\t\t\t\t\t\t\t\t\t\t<span class=\"elementor-accordion-icon elementor-accordion-icon-right\" aria-hidden=\"true\">\n\t\t\t\t\t\t\t\t\t\t\t\t\t\t\t<span class=\"elementor-accordion-icon-closed\"><i class=\"fas fa-chevron-down\"><\/i><\/span>\n\t\t\t\t\t\t\t\t<span class=\"elementor-accordion-icon-opened\"><i class=\"fas fa-chevron-up\"><\/i><\/span>\n\t\t\t\t\t\t\t\t\t\t\t\t\t\t<\/span>\n\t\t\t\t\t\t\t\t\t\t\t\t<a class=\"elementor-accordion-title\" tabindex=\"0\">\u00bfC\u00f3mo garantiza Blazevue Digi Solutions la calidad del trabajo?<\/a>\n\t\t\t\t\t<\/div>\n\t\t\t\t\t<div id=\"elementor-tab-content-2616\" class=\"elementor-tab-content elementor-clearfix\" data-tab=\"6\" role=\"region\" aria-labelledby=\"elementor-tab-title-2616\"><p>Blazevue Digi Solutions cuenta con un riguroso proceso de control de calidad que garantiza la calidad del trabajo entregado a los clientes. El equipo sigue las mejores pr\u00e1cticas, se adhiere a los est\u00e1ndares de la industria y realiza pruebas y controles de calidad regulares antes de entregar el producto final al cliente.<\/p><\/div>\n\t\t\t\t<\/div>\n\t\t\t\t\t\t\t<div class=\"elementor-accordion-item\">\n\t\t\t\t\t<div id=\"elementor-tab-title-2617\" class=\"elementor-tab-title\" data-tab=\"7\" role=\"button\" aria-controls=\"elementor-tab-content-2617\" aria-expanded=\"false\">\n\t\t\t\t\t\t\t\t\t\t\t\t\t<span class=\"elementor-accordion-icon elementor-accordion-icon-right\" aria-hidden=\"true\">\n\t\t\t\t\t\t\t\t\t\t\t\t\t\t\t<span class=\"elementor-accordion-icon-closed\"><i class=\"fas fa-chevron-down\"><\/i><\/span>\n\t\t\t\t\t\t\t\t<span class=\"elementor-accordion-icon-opened\"><i class=\"fas fa-chevron-up\"><\/i><\/span>\n\t\t\t\t\t\t\t\t\t\t\t\t\t\t<\/span>\n\t\t\t\t\t\t\t\t\t\t\t\t<a class=\"elementor-accordion-title\" tabindex=\"0\">\u00bfC\u00f3mo Blazevue Digi Solutions garantiza la seguridad de la informaci\u00f3n confidencial?<\/a>\n\t\t\t\t\t<\/div>\n\t\t\t\t\t<div id=\"elementor-tab-content-2617\" class=\"elementor-tab-content elementor-clearfix\" data-tab=\"7\" role=\"region\" aria-labelledby=\"elementor-tab-title-2617\"><p>Blazevue Digi Solutions cuenta con estrictas pol\u00edticas de protecci\u00f3n de datos para garantizar la seguridad de la informaci\u00f3n confidencial. El equipo firma un acuerdo de confidencialidad con el cliente y utiliza herramientas seguras de intercambio de archivos y comunicaci\u00f3n para intercambiar informaci\u00f3n. El equipo tambi\u00e9n sigue los protocolos de seguridad est\u00e1ndar de la industria para protegerse contra el acceso no autorizado y las filtraciones de datos.<\/p><\/div>\n\t\t\t\t<\/div>\n\t\t\t\t\t\t\t<div class=\"elementor-accordion-item\">\n\t\t\t\t\t<div id=\"elementor-tab-title-2618\" class=\"elementor-tab-title\" data-tab=\"8\" role=\"button\" aria-controls=\"elementor-tab-content-2618\" aria-expanded=\"false\">\n\t\t\t\t\t\t\t\t\t\t\t\t\t<span class=\"elementor-accordion-icon elementor-accordion-icon-right\" aria-hidden=\"true\">\n\t\t\t\t\t\t\t\t\t\t\t\t\t\t\t<span class=\"elementor-accordion-icon-closed\"><i class=\"fas fa-chevron-down\"><\/i><\/span>\n\t\t\t\t\t\t\t\t<span class=\"elementor-accordion-icon-opened\"><i class=\"fas fa-chevron-up\"><\/i><\/span>\n\t\t\t\t\t\t\t\t\t\t\t\t\t\t<\/span>\n\t\t\t\t\t\t\t\t\t\t\t\t<a class=\"elementor-accordion-title\" tabindex=\"0\">\u00bfCu\u00e1l es el tiempo de respuesta para los servicios de externalizaci\u00f3n con Blazevue Digi Solutions?<\/a>\n\t\t\t\t\t<\/div>\n\t\t\t\t\t<div id=\"elementor-tab-content-2618\" class=\"elementor-tab-content elementor-clearfix\" data-tab=\"8\" role=\"region\" aria-labelledby=\"elementor-tab-title-2618\"><p>El tiempo de respuesta para los servicios de externalizaci\u00f3n con Blazevue Digi Solutions depende del alcance y la complejidad del proyecto. El equipo proporciona un cronograma realista despu\u00e9s de discutir los requisitos del proyecto con el cliente. El equipo trabaja diligentemente para entregar el proyecto dentro del plazo acordado.<\/p><\/div>\n\t\t\t\t<\/div>\n\t\t\t\t\t\t\t\t<\/div>\n\t\t\t\t<\/div>\n\t\t\t\t<\/div>\n\t\t\t\t\t<\/div>\n\t\t<\/div>\n\t\t\t\t\t<\/div>\n\t\t<\/section>\n\t\t\t\t<\/div>","protected":false},"excerpt":{"rendered":"<p>Frequently asked questions What services do Blazevue Digi Solutions provide? Blazevue Digi Solutions provides outsourcing services for web design and development, web application development, mobile application development, user interface (UI) design, user experience (UX) design, interaction design, brand designs, social media marketing, search engine optimization, content marketing, and online advertisements. What is the process for [&hellip;]<\/p>","protected":false},"author":1,"featured_media":0,"parent":0,"menu_order":0,"comment_status":"closed","ping_status":"closed","template":"elementor_header_footer","meta":{"inline_featured_image":false,"site-sidebar-layout":"no-sidebar","site-content-layout":"page-builder","ast-site-content-layout":"","site-content-style":"default","site-sidebar-style":"default","ast-global-header-display":"","ast-banner-title-visibility":"","ast-main-header-display":"","ast-hfb-above-header-display":"","ast-hfb-below-header-display":"","ast-hfb-mobile-header-display":"","site-post-title":"disabled","ast-breadcrumbs-content":"","ast-featured-img":"disabled","footer-sml-layout":"","theme-transparent-header-meta":"","adv-header-id-meta":"","stick-header-meta":"","header-above-stick-meta":"","header-main-stick-meta":"","header-below-stick-meta":"","astra-migrate-meta-layouts":"default","ast-page-background-enabled":"default","ast-page-background-meta":{"desktop":{"background-color":"var(--ast-global-color-4)","background-image":"","background-repeat":"repeat","background-position":"center center","background-size":"auto","background-attachment":"scroll","background-type":"","background-media":"","overlay-type":"","overlay-color":"","overlay-opacity":"","overlay-gradient":""},"tablet":{"background-color":"","background-image":"","background-repeat":"repeat","background-position":"center center","background-size":"auto","background-attachment":"scroll","background-type":"","background-media":"","overlay-type":"","overlay-color":"","overlay-opacity":"","overlay-gradient":""},"mobile":{"background-color":"","background-image":"","background-repeat":"repeat","background-position":"center center","background-size":"auto","background-attachment":"scroll","background-type":"","background-media":"","overlay-type":"","overlay-color":"","overlay-opacity":"","overlay-gradient":""}},"ast-content-background-meta":{"desktop":{"background-color":"var(--ast-global-color-5)","background-image":"","background-repeat":"repeat","background-position":"center center","background-size":"auto","background-attachment":"scroll","background-type":"","background-media":"","overlay-type":"","overlay-color":"","overlay-opacity":"","overlay-gradient":""},"tablet":{"background-color":"var(--ast-global-color-5)","background-image":"","background-repeat":"repeat","background-position":"center center","background-size":"auto","background-attachment":"scroll","background-type":"","background-media":"","overlay-type":"","overlay-color":"","overlay-opacity":"","overlay-gradient":""},"mobile":{"background-color":"var(--ast-global-color-5)","background-image":"","background-repeat":"repeat","background-position":"center center","background-size":"auto","background-attachment":"scroll","background-type":"","background-media":"","overlay-type":"","overlay-color":"","overlay-opacity":"","overlay-gradient":""}},"footnotes":""},"class_list":["post-1137","page","type-page","status-publish","hentry"],"yoast_head":"<!-- This site is optimized with the Yoast SEO plugin v23.3 - https:\/\/yoast.com\/wordpress\/plugins\/seo\/ -->\n<title>Frequently asked questions - Blazevue<\/title>\n<meta name=\"robots\" content=\"index, follow, max-snippet:-1, max-image-preview:large, max-video-preview:-1\" \/>\n<link rel=\"canonical\" href=\"https:\/\/blazevuedigi.com\/es\/frequently-asked-questions\/\" \/>\n<meta property=\"og:locale\" content=\"es_ES\" \/>\n<meta property=\"og:type\" content=\"article\" \/>\n<meta property=\"og:title\" content=\"Frequently asked questions - Blazevue\" \/>\n<meta property=\"og:description\" content=\"Frequently asked questions What services do Blazevue Digi Solutions provide? Blazevue Digi Solutions provides outsourcing services for web design and development, web application development, mobile application development, user interface (UI) design, user experience (UX) design, interaction design, brand designs, social media marketing, search engine optimization, content marketing, and online advertisements. What is the process for [&hellip;]\" \/>\n<meta property=\"og:url\" content=\"https:\/\/blazevuedigi.com\/es\/frequently-asked-questions\/\" \/>\n<meta property=\"og:site_name\" content=\"Blazevue\" \/>\n<meta property=\"article:publisher\" content=\"https:\/\/www.facebook.com\/profile.php?id=100089035842494\" \/>\n<meta property=\"article:modified_time\" content=\"2023-04-18T15:35:28+00:00\" \/>\n<meta name=\"twitter:card\" content=\"summary_large_image\" \/>\n<meta name=\"twitter:site\" content=\"@blazevue\" \/>\n<meta name=\"twitter:label1\" content=\"Tiempo de lectura\" \/>\n\t<meta name=\"twitter:data1\" content=\"2 minutos\" \/>\n<script type=\"application\/ld+json\" class=\"yoast-schema-graph\">{\"@context\":\"https:\/\/schema.org\",\"@graph\":[{\"@type\":\"WebPage\",\"@id\":\"https:\/\/blazevuedigi.com\/frequently-asked-questions\/\",\"url\":\"https:\/\/blazevuedigi.com\/frequently-asked-questions\/\",\"name\":\"Frequently asked questions - Blazevue\",\"isPartOf\":{\"@id\":\"https:\/\/blazevuedigi.com\/#website\"},\"datePublished\":\"2023-03-27T02:29:25+00:00\",\"dateModified\":\"2023-04-18T15:35:28+00:00\",\"breadcrumb\":{\"@id\":\"https:\/\/blazevuedigi.com\/frequently-asked-questions\/#breadcrumb\"},\"inLanguage\":\"es\",\"potentialAction\":[{\"@type\":\"ReadAction\",\"target\":[\"https:\/\/blazevuedigi.com\/frequently-asked-questions\/\"]}]},{\"@type\":\"BreadcrumbList\",\"@id\":\"https:\/\/blazevuedigi.com\/frequently-asked-questions\/#breadcrumb\",\"itemListElement\":[{\"@type\":\"ListItem\",\"position\":1,\"name\":\"Home\",\"item\":\"https:\/\/blazevuedigi.com\/\"},{\"@type\":\"ListItem\",\"position\":2,\"name\":\"Frequently asked questions\"}]},{\"@type\":\"WebSite\",\"@id\":\"https:\/\/blazevuedigi.com\/#website\",\"url\":\"https:\/\/blazevuedigi.com\/\",\"name\":\"Blazevue\",\"description\":\"\",\"publisher\":{\"@id\":\"https:\/\/blazevuedigi.com\/#organization\"},\"potentialAction\":[{\"@type\":\"SearchAction\",\"target\":{\"@type\":\"EntryPoint\",\"urlTemplate\":\"https:\/\/blazevuedigi.com\/?s={search_term_string}\"},\"query-input\":\"required name=search_term_string\"}],\"inLanguage\":\"es\"},{\"@type\":\"Organization\",\"@id\":\"https:\/\/blazevuedigi.com\/#organization\",\"name\":\"Blazevue\",\"url\":\"https:\/\/blazevuedigi.com\/\",\"logo\":{\"@type\":\"ImageObject\",\"inLanguage\":\"es\",\"@id\":\"https:\/\/blazevuedigi.com\/#\/schema\/logo\/image\/\",\"url\":\"https:\/\/blazevuedigi.com\/wp-content\/uploads\/2023\/05\/blazevuedigi-logo.svg\",\"contentUrl\":\"https:\/\/blazevuedigi.com\/wp-content\/uploads\/2023\/05\/blazevuedigi-logo.svg\",\"width\":161,\"height\":50,\"caption\":\"Blazevue\"},\"image\":{\"@id\":\"https:\/\/blazevuedigi.com\/#\/schema\/logo\/image\/\"},\"sameAs\":[\"https:\/\/www.facebook.com\/profile.php?id=100089035842494\",\"https:\/\/x.com\/blazevue\",\"https:\/\/medium.com\/@blazevue4u\",\"https:\/\/www.linkedin.com\/in\/blazevue-inc-10846726b\/\"]}]}<\/script>\n<!-- \/ Yoast SEO plugin. -->","yoast_head_json":{"title":"Frequently asked questions - Blazevue","robots":{"index":"index","follow":"follow","max-snippet":"max-snippet:-1","max-image-preview":"max-image-preview:large","max-video-preview":"max-video-preview:-1"},"canonical":"https:\/\/blazevuedigi.com\/es\/frequently-asked-questions\/","og_locale":"es_ES","og_type":"article","og_title":"Frequently asked questions - Blazevue","og_description":"Frequently asked questions What services do Blazevue Digi Solutions provide? Blazevue Digi Solutions provides outsourcing services for web design and development, web application development, mobile application development, user interface (UI) design, user experience (UX) design, interaction design, brand designs, social media marketing, search engine optimization, content marketing, and online advertisements. What is the process for [&hellip;]","og_url":"https:\/\/blazevuedigi.com\/es\/frequently-asked-questions\/","og_site_name":"Blazevue","article_publisher":"https:\/\/www.facebook.com\/profile.php?id=100089035842494","article_modified_time":"2023-04-18T15:35:28+00:00","twitter_card":"summary_large_image","twitter_site":"@blazevue","twitter_misc":{"Tiempo de lectura":"2 minutos"},"schema":{"@context":"https:\/\/schema.org","@graph":[{"@type":"WebPage","@id":"https:\/\/blazevuedigi.com\/frequently-asked-questions\/","url":"https:\/\/blazevuedigi.com\/frequently-asked-questions\/","name":"Frequently asked questions - Blazevue","isPartOf":{"@id":"https:\/\/blazevuedigi.com\/#website"},"datePublished":"2023-03-27T02:29:25+00:00","dateModified":"2023-04-18T15:35:28+00:00","breadcrumb":{"@id":"https:\/\/blazevuedigi.com\/frequently-asked-questions\/#breadcrumb"},"inLanguage":"es","potentialAction":[{"@type":"ReadAction","target":["https:\/\/blazevuedigi.com\/frequently-asked-questions\/"]}]},{"@type":"BreadcrumbList","@id":"https:\/\/blazevuedigi.com\/frequently-asked-questions\/#breadcrumb","itemListElement":[{"@type":"ListItem","position":1,"name":"Home","item":"https:\/\/blazevuedigi.com\/"},{"@type":"ListItem","position":2,"name":"Frequently asked questions"}]},{"@type":"WebSite","@id":"https:\/\/blazevuedigi.com\/#website","url":"https:\/\/blazevuedigi.com\/","name":"Blazevue","description":"","publisher":{"@id":"https:\/\/blazevuedigi.com\/#organization"},"potentialAction":[{"@type":"SearchAction","target":{"@type":"EntryPoint","urlTemplate":"https:\/\/blazevuedigi.com\/?s={search_term_string}"},"query-input":"required name=search_term_string"}],"inLanguage":"es"},{"@type":"Organization","@id":"https:\/\/blazevuedigi.com\/#organization","name":"Blazevue","url":"https:\/\/blazevuedigi.com\/","logo":{"@type":"ImageObject","inLanguage":"es","@id":"https:\/\/blazevuedigi.com\/#\/schema\/logo\/image\/","url":"https:\/\/blazevuedigi.com\/wp-content\/uploads\/2023\/05\/blazevuedigi-logo.svg","contentUrl":"https:\/\/blazevuedigi.com\/wp-content\/uploads\/2023\/05\/blazevuedigi-logo.svg","width":161,"height":50,"caption":"Blazevue"},"image":{"@id":"https:\/\/blazevuedigi.com\/#\/schema\/logo\/image\/"},"sameAs":["https:\/\/www.facebook.com\/profile.php?id=100089035842494","https:\/\/x.com\/blazevue","https:\/\/medium.com\/@blazevue4u","https:\/\/www.linkedin.com\/in\/blazevue-inc-10846726b\/"]}]}},"_links":{"self":[{"href":"https:\/\/blazevuedigi.com\/es\/wp-json\/wp\/v2\/pages\/1137"}],"collection":[{"href":"https:\/\/blazevuedigi.com\/es\/wp-json\/wp\/v2\/pages"}],"about":[{"href":"https:\/\/blazevuedigi.com\/es\/wp-json\/wp\/v2\/types\/page"}],"author":[{"embeddable":true,"href":"https:\/\/blazevuedigi.com\/es\/wp-json\/wp\/v2\/users\/1"}],"replies":[{"embeddable":true,"href":"https:\/\/blazevuedigi.com\/es\/wp-json\/wp\/v2\/comments?post=1137"}],"version-history":[{"count":19,"href":"https:\/\/blazevuedigi.com\/es\/wp-json\/wp\/v2\/pages\/1137\/revisions"}],"predecessor-version":[{"id":1546,"href":"https:\/\/blazevuedigi.com\/es\/wp-json\/wp\/v2\/pages\/1137\/revisions\/1546"}],"wp:attachment":[{"href":"https:\/\/blazevuedigi.com\/es\/wp-json\/wp\/v2\/media?parent=1137"}],"curies":[{"name":"wp","href":"https:\/\/api.w.org\/{rel}","templated":true}]}}