{"id":484,"date":"2023-02-20T15:44:55","date_gmt":"2023-02-20T15:44:55","guid":{"rendered":"https:\/\/blazevuedigi.com\/?page_id=484"},"modified":"2023-04-16T03:59:07","modified_gmt":"2023-04-16T03:59:07","slug":"privacy-policy","status":"publish","type":"page","link":"https:\/\/blazevuedigi.com\/es\/privacy-policy\/","title":{"rendered":"pol\u00edtica de privacidad"},"content":{"rendered":"<div data-elementor-type=\"wp-page\" data-elementor-id=\"484\" class=\"elementor elementor-484\">\n\t\t\t\t\t\t<section class=\"elementor-section elementor-top-section elementor-element elementor-element-69b2a105 elementor-section-boxed elementor-section-height-default elementor-section-height-default\" data-id=\"69b2a105\" data-element_type=\"section\">\n\t\t\t\t\t\t<div class=\"elementor-container elementor-column-gap-default\">\n\t\t\t\t\t<div class=\"elementor-column elementor-col-100 elementor-top-column elementor-element elementor-element-33fa8d7d\" data-id=\"33fa8d7d\" data-element_type=\"column\">\n\t\t\t<div class=\"elementor-widget-wrap elementor-element-populated\">\n\t\t\t\t\t\t<div class=\"elementor-element elementor-element-6bcf3b03 elementor-widget elementor-widget-text-editor\" data-id=\"6bcf3b03\" data-element_type=\"widget\" data-widget_type=\"text-editor.default\">\n\t\t\t\t<div class=\"elementor-widget-container\">\n\t\t\t<style>\/*! elementor - v3.23.0 - 05-08-2024 *\/\n.elementor-widget-text-editor.elementor-drop-cap-view-stacked .elementor-drop-cap{background-color:#69727d;color:#fff}.elementor-widget-text-editor.elementor-drop-cap-view-framed .elementor-drop-cap{color:#69727d;border:3px solid;background-color:transparent}.elementor-widget-text-editor:not(.elementor-drop-cap-view-default) .elementor-drop-cap{margin-top:8px}.elementor-widget-text-editor:not(.elementor-drop-cap-view-default) .elementor-drop-cap-letter{width:1em;height:1em}.elementor-widget-text-editor .elementor-drop-cap{float:left;text-align:center;line-height:1;font-size:50px}.elementor-widget-text-editor .elementor-drop-cap-letter{display:inline-block}<\/style>\t\t\t\t<h1>pol\u00edtica de privacidad<\/h1><p>\u00a0<\/p><h5>Fecha de vigencia: 2 de abril de 2023<\/h5><p>Blazevue Digi Solutions se compromete a proteger su privacidad. Esta Pol\u00edtica de privacidad explica c\u00f3mo recopilamos, usamos, divulgamos y protegemos su informaci\u00f3n personal en relaci\u00f3n con nuestros servicios. Esta Pol\u00edtica de privacidad se incorpora y est\u00e1 sujeta a los t\u00e9rminos establecidos en nuestros T\u00e9rminos y condiciones.<\/p><h4>1. INFORMACI\u00d3N QUE RECOPILAMOS Y C\u00d3MO LA UTILIZAMOS<\/h4><p>Recopilamos informaci\u00f3n de los usuarios de nuestros servicios de varias maneras:<\/p><p>a) Datos personales. Podemos recopilar informaci\u00f3n personal sobre usted, como su nombre, direcci\u00f3n de correo electr\u00f3nico y n\u00famero de tel\u00e9fono. Podemos utilizar esta informaci\u00f3n para brindarle nuestros servicios, para comunicarnos con usted sobre su cuenta y servicios, para enviarle materiales de marketing y para solicitar su opini\u00f3n.<\/p><p>b) Informaci\u00f3n No Personal. Podemos recopilar informaci\u00f3n no personal sobre usted, como su direcci\u00f3n IP, tipo de dispositivo, tipo de navegador e informaci\u00f3n de uso del sitio web. Podemos utilizar esta informaci\u00f3n para administrar nuestros servicios, analizar tendencias y recopilar informaci\u00f3n demogr\u00e1fica sobre nuestros usuarios.<\/p><p>c) Cookies y Web Beacons. Podemos utilizar cookies y balizas web para recopilar informaci\u00f3n sobre el uso que hace de nuestros servicios. Una cookie es un peque\u00f1o archivo que se almacena en su computadora o dispositivo m\u00f3vil cuando visita un sitio web. Una baliza web es un peque\u00f1o archivo de imagen que est\u00e1 incrustado en una p\u00e1gina web o correo electr\u00f3nico que nos permite rastrear su uso de nuestros servicios. Podemos usar cookies y balizas web para personalizar su experiencia en nuestros servicios, recopilar an\u00e1lisis de uso y proporcionar publicidad dirigida.<\/p><h4>2. C\u00d3MO DIVULGAMOS SU INFORMACI\u00d3N<\/h4><p>No vendemos, intercambiamos ni alquilamos su informaci\u00f3n personal a terceros. Podemos divulgar su informaci\u00f3n personal a proveedores de servicios externos que realizan servicios en nuestro nombre, como alojamiento, marketing y an\u00e1lisis. Estos proveedores de servicios tendr\u00e1n acceso a su informaci\u00f3n personal solo para realizar sus funciones y est\u00e1n obligados por contrato a mantener la confidencialidad y seguridad de su informaci\u00f3n personal.<\/p><p>Tambi\u00e9n podemos divulgar su informaci\u00f3n personal si creemos de buena fe que dicha divulgaci\u00f3n es necesaria para (a) cumplir con las leyes o regulaciones aplicables, (b) responder a una solicitud legal de una agencia gubernamental, (c) proteger nuestros derechos, propiedad , o la seguridad o la de nuestros clientes u otros, (d) prevenir o investigar posibles irregularidades en relaci\u00f3n con nuestros servicios, (e) hacer cumplir nuestros T\u00e9rminos y Condiciones, o (f) responder a una emergencia.<\/p><h4>3. SU ELECCI\u00d3N<\/h4><p>Tiene derecho a acceder, corregir, modificar o eliminar su informaci\u00f3n personal. Tambi\u00e9n puede optar por no recibir nuestras comunicaciones de marketing siguiendo las instrucciones de la comunicaci\u00f3n.<\/p><h4>4. SEGURIDAD Y ALMACENAMIENTO DE SU INFORMACI\u00d3N<\/h4><p>Tomamos medidas razonables para proteger su informaci\u00f3n personal del acceso y uso no autorizados. Utilizamos tecnolog\u00eda y protocolos de seguridad est\u00e1ndar de la industria para proteger sus datos. Sin embargo, ninguna transmisi\u00f3n de datos a trav\u00e9s de Internet es completamente segura y no podemos garantizar la seguridad de su informaci\u00f3n personal.<\/p><p>Conservamos su informaci\u00f3n personal durante el tiempo que sea necesario para cumplir con los fines para los que se recopil\u00f3 y para cumplir con las leyes o regulaciones aplicables.<\/p><h4>5. NI\u00d1OS<\/h4><p>Nuestros servicios no est\u00e1n destinados a ni\u00f1os menores de 13 a\u00f1os, y no recopilamos ni solicitamos a sabiendas informaci\u00f3n personal de ninguna persona menor de 13 a\u00f1os.<\/p><h4>6. CAMBIOS A ESTA POL\u00cdTICA DE PRIVACIDAD<\/h4><p>Podemos actualizar esta Pol\u00edtica de privacidad de vez en cuando para reflejar cambios en nuestras pr\u00e1cticas o servicios. Le notificaremos cualquier cambio importante en esta Pol\u00edtica de privacidad publicando la nueva Pol\u00edtica de privacidad en nuestro sitio web y actualizando la &quot;Fecha de vigencia&quot; en la parte superior de esta Pol\u00edtica de privacidad. Debe revisar peri\u00f3dicamente esta Pol\u00edtica de privacidad para mantenerse informado sobre c\u00f3mo protegemos su informaci\u00f3n.<\/p><h4>7. CONT\u00c1CTENOS<\/h4><p>Si tiene alguna pregunta, comentario o inquietud sobre esta Pol\u00edtica de privacidad o nuestras pr\u00e1cticas, comun\u00edquese con nosotros a info@blazevuedigi.com.<\/p><p>\u00a0<\/p>\t\t\t\t\t\t<\/div>\n\t\t\t\t<\/div>\n\t\t\t\t\t<\/div>\n\t\t<\/div>\n\t\t\t\t\t<\/div>\n\t\t<\/section>\n\t\t\t\t<section class=\"elementor-section elementor-top-section elementor-element elementor-element-3f11c4d elementor-section-boxed elementor-section-height-default elementor-section-height-default\" data-id=\"3f11c4d\" data-element_type=\"section\">\n\t\t\t\t\t\t<div class=\"elementor-container elementor-column-gap-default\">\n\t\t\t\t\t<div class=\"elementor-column elementor-col-100 elementor-top-column elementor-element elementor-element-1b70441\" data-id=\"1b70441\" data-element_type=\"column\">\n\t\t\t<div class=\"elementor-widget-wrap elementor-element-populated\">\n\t\t\t\t\t\t<section class=\"elementor-section elementor-inner-section elementor-element elementor-element-3ce41bdb evaluate_cta elementor-section-content-middle elementor-section-boxed elementor-section-height-default elementor-section-height-default\" data-id=\"3ce41bdb\" data-element_type=\"section\" data-settings=\"{&quot;background_background&quot;:&quot;classic&quot;}\">\n\t\t\t\t\t\t<div class=\"elementor-container elementor-column-gap-default\">\n\t\t\t\t\t<div class=\"elementor-column elementor-col-50 elementor-inner-column elementor-element elementor-element-36a6b238\" data-id=\"36a6b238\" data-element_type=\"column\">\n\t\t\t<div class=\"elementor-widget-wrap elementor-element-populated\">\n\t\t\t\t\t\t<div class=\"elementor-element elementor-element-50fd9a44 elementor-widget elementor-widget-image\" data-id=\"50fd9a44\" data-element_type=\"widget\" data-widget_type=\"image.default\">\n\t\t\t\t<div class=\"elementor-widget-container\">\n\t\t\t<style>\/*! elementor - v3.23.0 - 05-08-2024 *\/\n.elementor-widget-image{text-align:center}.elementor-widget-image a{display:inline-block}.elementor-widget-image a img[src$=\".svg\"]{width:48px}.elementor-widget-image img{vertical-align:middle;display:inline-block}<\/style>\t\t\t\t\t\t\t\t\t\t<img decoding=\"async\" width=\"127\" height=\"122\" src=\"https:\/\/blazevuedigi.com\/wp-content\/uploads\/2023\/01\/illustrationletstalk.png\" class=\"attachment-large size-large wp-image-202\" alt=\"\" \/>\t\t\t\t\t\t\t\t\t\t\t\t\t<\/div>\n\t\t\t\t<\/div>\n\t\t\t\t\t<\/div>\n\t\t<\/div>\n\t\t\t\t<div class=\"elementor-column elementor-col-50 elementor-inner-column elementor-element elementor-element-53007b24\" data-id=\"53007b24\" data-element_type=\"column\">\n\t\t\t<div class=\"elementor-widget-wrap elementor-element-populated\">\n\t\t\t\t\t\t<div class=\"elementor-element elementor-element-212df88e elementor-widget elementor-widget-heading\" data-id=\"212df88e\" data-element_type=\"widget\" data-widget_type=\"heading.default\">\n\t\t\t\t<div class=\"elementor-widget-container\">\n\t\t\t<style>\/*! elementor - v3.23.0 - 05-08-2024 *\/\n.elementor-heading-title{padding:0;margin:0;line-height:1}.elementor-widget-heading .elementor-heading-title[class*=elementor-size-]>a{color:inherit;font-size:inherit;line-height:inherit}.elementor-widget-heading .elementor-heading-title.elementor-size-small{font-size:15px}.elementor-widget-heading .elementor-heading-title.elementor-size-medium{font-size:19px}.elementor-widget-heading .elementor-heading-title.elementor-size-large{font-size:29px}.elementor-widget-heading .elementor-heading-title.elementor-size-xl{font-size:39px}.elementor-widget-heading .elementor-heading-title.elementor-size-xxl{font-size:59px}<\/style><h5 class=\"elementor-heading-title elementor-size-default\">\u00bfDesea evaluar Blazevue Digi?<\/h5>\t\t<\/div>\n\t\t\t\t<\/div>\n\t\t\t\t<div class=\"elementor-element elementor-element-696020ff elementor-widget elementor-widget-text-editor\" data-id=\"696020ff\" data-element_type=\"widget\" data-widget_type=\"text-editor.default\">\n\t\t\t\t<div class=\"elementor-widget-container\">\n\t\t\t\t\t\t\t<p>P\u00f3ngase en contacto con nosotros y podemos ayudarlo a comenzar en poco tiempo. \u00a1Es f\u00e1cil!<\/p>\t\t\t\t\t\t<\/div>\n\t\t\t\t<\/div>\n\t\t\t\t<div class=\"elementor-element elementor-element-3c8840f3 elementor-widget elementor-widget-button\" data-id=\"3c8840f3\" data-element_type=\"widget\" data-widget_type=\"button.default\">\n\t\t\t\t<div class=\"elementor-widget-container\">\n\t\t\t\t\t<div class=\"elementor-button-wrapper\">\n\t\t\t<a class=\"elementor-button elementor-button-link elementor-size-md\" href=\"https:\/\/blazevuedigi.com\/es\/contact-us\/\">\n\t\t\t\t\t\t<span class=\"elementor-button-content-wrapper\">\n\t\t\t\t\t\t\t\t\t<span class=\"elementor-button-text\">Hablemos<\/span>\n\t\t\t\t\t<\/span>\n\t\t\t\t\t<\/a>\n\t\t<\/div>\n\t\t\t\t<\/div>\n\t\t\t\t<\/div>\n\t\t\t\t\t<\/div>\n\t\t<\/div>\n\t\t\t\t\t<\/div>\n\t\t<\/section>\n\t\t\t\t\t<\/div>\n\t\t<\/div>\n\t\t\t\t\t<\/div>\n\t\t<\/section>\n\t\t\t\t<\/div>","protected":false},"excerpt":{"rendered":"<p>Privacy Policy \u00a0 Effective Date: April 2, 2023 Blazevue Digi Solutions is committed to protecting your privacy. This Privacy Policy explains how we collect, use, disclose, and protect your personal information in connection with our services. This Privacy Policy is incorporated into and is subject to the terms set forth in our Terms and Conditions. [&hellip;]<\/p>","protected":false},"author":1,"featured_media":0,"parent":0,"menu_order":0,"comment_status":"closed","ping_status":"closed","template":"","meta":{"inline_featured_image":false,"site-sidebar-layout":"no-sidebar","site-content-layout":"page-builder","ast-site-content-layout":"","site-content-style":"default","site-sidebar-style":"default","ast-global-header-display":"","ast-banner-title-visibility":"","ast-main-header-display":"","ast-hfb-above-header-display":"","ast-hfb-below-header-display":"","ast-hfb-mobile-header-display":"","site-post-title":"disabled","ast-breadcrumbs-content":"","ast-featured-img":"disabled","footer-sml-layout":"","theme-transparent-header-meta":"","adv-header-id-meta":"","stick-header-meta":"","header-above-stick-meta":"","header-main-stick-meta":"","header-below-stick-meta":"","astra-migrate-meta-layouts":"default","ast-page-background-enabled":"default","ast-page-background-meta":{"desktop":{"background-color":"var(--ast-global-color-4)","background-image":"","background-repeat":"repeat","background-position":"center center","background-size":"auto","background-attachment":"scroll","background-type":"","background-media":"","overlay-type":"","overlay-color":"","overlay-opacity":"","overlay-gradient":""},"tablet":{"background-color":"","background-image":"","background-repeat":"repeat","background-position":"center center","background-size":"auto","background-attachment":"scroll","background-type":"","background-media":"","overlay-type":"","overlay-color":"","overlay-opacity":"","overlay-gradient":""},"mobile":{"background-color":"","background-image":"","background-repeat":"repeat","background-position":"center center","background-size":"auto","background-attachment":"scroll","background-type":"","background-media":"","overlay-type":"","overlay-color":"","overlay-opacity":"","overlay-gradient":""}},"ast-content-background-meta":{"desktop":{"background-color":"var(--ast-global-color-5)","background-image":"","background-repeat":"repeat","background-position":"center center","background-size":"auto","background-attachment":"scroll","background-type":"","background-media":"","overlay-type":"","overlay-color":"","overlay-opacity":"","overlay-gradient":""},"tablet":{"background-color":"var(--ast-global-color-5)","background-image":"","background-repeat":"repeat","background-position":"center center","background-size":"auto","background-attachment":"scroll","background-type":"","background-media":"","overlay-type":"","overlay-color":"","overlay-opacity":"","overlay-gradient":""},"mobile":{"background-color":"var(--ast-global-color-5)","background-image":"","background-repeat":"repeat","background-position":"center center","background-size":"auto","background-attachment":"scroll","background-type":"","background-media":"","overlay-type":"","overlay-color":"","overlay-opacity":"","overlay-gradient":""}},"footnotes":""},"class_list":["post-484","page","type-page","status-publish","hentry"],"yoast_head":"<!-- This site is optimized with the Yoast SEO plugin v23.3 - https:\/\/yoast.com\/wordpress\/plugins\/seo\/ -->\n<title>Privacy Policy - Blazevue<\/title>\n<meta name=\"robots\" content=\"index, follow, max-snippet:-1, max-image-preview:large, max-video-preview:-1\" \/>\n<link rel=\"canonical\" href=\"https:\/\/blazevuedigi.com\/es\/privacy-policy\/\" \/>\n<meta property=\"og:locale\" content=\"es_ES\" \/>\n<meta property=\"og:type\" content=\"article\" \/>\n<meta property=\"og:title\" content=\"Privacy Policy - Blazevue\" \/>\n<meta property=\"og:description\" content=\"Privacy Policy \u00a0 Effective Date: April 2, 2023 Blazevue Digi Solutions is committed to protecting your privacy. This Privacy Policy explains how we collect, use, disclose, and protect your personal information in connection with our services. This Privacy Policy is incorporated into and is subject to the terms set forth in our Terms and Conditions. [&hellip;]\" \/>\n<meta property=\"og:url\" content=\"https:\/\/blazevuedigi.com\/es\/privacy-policy\/\" \/>\n<meta property=\"og:site_name\" content=\"Blazevue\" \/>\n<meta property=\"article:publisher\" content=\"https:\/\/www.facebook.com\/profile.php?id=100089035842494\" \/>\n<meta property=\"article:modified_time\" content=\"2023-04-16T03:59:07+00:00\" \/>\n<meta property=\"og:image\" content=\"https:\/\/blazevuedigi.com\/wp-content\/uploads\/2023\/01\/illustrationletstalk.png\" \/>\n<meta name=\"twitter:card\" content=\"summary_large_image\" \/>\n<meta name=\"twitter:site\" content=\"@blazevue\" \/>\n<meta name=\"twitter:label1\" content=\"Tiempo de lectura\" \/>\n\t<meta name=\"twitter:data1\" content=\"4 minutos\" \/>\n<script type=\"application\/ld+json\" class=\"yoast-schema-graph\">{\"@context\":\"https:\/\/schema.org\",\"@graph\":[{\"@type\":\"WebPage\",\"@id\":\"https:\/\/blazevuedigi.com\/privacy-policy\/\",\"url\":\"https:\/\/blazevuedigi.com\/privacy-policy\/\",\"name\":\"Privacy Policy - Blazevue\",\"isPartOf\":{\"@id\":\"https:\/\/blazevuedigi.com\/#website\"},\"primaryImageOfPage\":{\"@id\":\"https:\/\/blazevuedigi.com\/privacy-policy\/#primaryimage\"},\"image\":{\"@id\":\"https:\/\/blazevuedigi.com\/privacy-policy\/#primaryimage\"},\"thumbnailUrl\":\"https:\/\/blazevuedigi.com\/wp-content\/uploads\/2023\/01\/illustrationletstalk.png\",\"datePublished\":\"2023-02-20T15:44:55+00:00\",\"dateModified\":\"2023-04-16T03:59:07+00:00\",\"breadcrumb\":{\"@id\":\"https:\/\/blazevuedigi.com\/privacy-policy\/#breadcrumb\"},\"inLanguage\":\"es\",\"potentialAction\":[{\"@type\":\"ReadAction\",\"target\":[\"https:\/\/blazevuedigi.com\/privacy-policy\/\"]}]},{\"@type\":\"ImageObject\",\"inLanguage\":\"es\",\"@id\":\"https:\/\/blazevuedigi.com\/privacy-policy\/#primaryimage\",\"url\":\"https:\/\/blazevuedigi.com\/wp-content\/uploads\/2023\/01\/illustrationletstalk.png\",\"contentUrl\":\"https:\/\/blazevuedigi.com\/wp-content\/uploads\/2023\/01\/illustrationletstalk.png\"},{\"@type\":\"BreadcrumbList\",\"@id\":\"https:\/\/blazevuedigi.com\/privacy-policy\/#breadcrumb\",\"itemListElement\":[{\"@type\":\"ListItem\",\"position\":1,\"name\":\"Home\",\"item\":\"https:\/\/blazevuedigi.com\/\"},{\"@type\":\"ListItem\",\"position\":2,\"name\":\"Privacy Policy\"}]},{\"@type\":\"WebSite\",\"@id\":\"https:\/\/blazevuedigi.com\/#website\",\"url\":\"https:\/\/blazevuedigi.com\/\",\"name\":\"Blazevue\",\"description\":\"\",\"publisher\":{\"@id\":\"https:\/\/blazevuedigi.com\/#organization\"},\"potentialAction\":[{\"@type\":\"SearchAction\",\"target\":{\"@type\":\"EntryPoint\",\"urlTemplate\":\"https:\/\/blazevuedigi.com\/?s={search_term_string}\"},\"query-input\":\"required name=search_term_string\"}],\"inLanguage\":\"es\"},{\"@type\":\"Organization\",\"@id\":\"https:\/\/blazevuedigi.com\/#organization\",\"name\":\"Blazevue\",\"url\":\"https:\/\/blazevuedigi.com\/\",\"logo\":{\"@type\":\"ImageObject\",\"inLanguage\":\"es\",\"@id\":\"https:\/\/blazevuedigi.com\/#\/schema\/logo\/image\/\",\"url\":\"https:\/\/blazevuedigi.com\/wp-content\/uploads\/2023\/05\/blazevuedigi-logo.svg\",\"contentUrl\":\"https:\/\/blazevuedigi.com\/wp-content\/uploads\/2023\/05\/blazevuedigi-logo.svg\",\"width\":161,\"height\":50,\"caption\":\"Blazevue\"},\"image\":{\"@id\":\"https:\/\/blazevuedigi.com\/#\/schema\/logo\/image\/\"},\"sameAs\":[\"https:\/\/www.facebook.com\/profile.php?id=100089035842494\",\"https:\/\/x.com\/blazevue\",\"https:\/\/medium.com\/@blazevue4u\",\"https:\/\/www.linkedin.com\/in\/blazevue-inc-10846726b\/\"]}]}<\/script>\n<!-- \/ Yoast SEO plugin. -->","yoast_head_json":{"title":"Privacy Policy - Blazevue","robots":{"index":"index","follow":"follow","max-snippet":"max-snippet:-1","max-image-preview":"max-image-preview:large","max-video-preview":"max-video-preview:-1"},"canonical":"https:\/\/blazevuedigi.com\/es\/privacy-policy\/","og_locale":"es_ES","og_type":"article","og_title":"Privacy Policy - Blazevue","og_description":"Privacy Policy \u00a0 Effective Date: April 2, 2023 Blazevue Digi Solutions is committed to protecting your privacy. This Privacy Policy explains how we collect, use, disclose, and protect your personal information in connection with our services. This Privacy Policy is incorporated into and is subject to the terms set forth in our Terms and Conditions. [&hellip;]","og_url":"https:\/\/blazevuedigi.com\/es\/privacy-policy\/","og_site_name":"Blazevue","article_publisher":"https:\/\/www.facebook.com\/profile.php?id=100089035842494","article_modified_time":"2023-04-16T03:59:07+00:00","og_image":[{"url":"https:\/\/blazevuedigi.com\/wp-content\/uploads\/2023\/01\/illustrationletstalk.png"}],"twitter_card":"summary_large_image","twitter_site":"@blazevue","twitter_misc":{"Tiempo de lectura":"4 minutos"},"schema":{"@context":"https:\/\/schema.org","@graph":[{"@type":"WebPage","@id":"https:\/\/blazevuedigi.com\/privacy-policy\/","url":"https:\/\/blazevuedigi.com\/privacy-policy\/","name":"Privacy Policy - Blazevue","isPartOf":{"@id":"https:\/\/blazevuedigi.com\/#website"},"primaryImageOfPage":{"@id":"https:\/\/blazevuedigi.com\/privacy-policy\/#primaryimage"},"image":{"@id":"https:\/\/blazevuedigi.com\/privacy-policy\/#primaryimage"},"thumbnailUrl":"https:\/\/blazevuedigi.com\/wp-content\/uploads\/2023\/01\/illustrationletstalk.png","datePublished":"2023-02-20T15:44:55+00:00","dateModified":"2023-04-16T03:59:07+00:00","breadcrumb":{"@id":"https:\/\/blazevuedigi.com\/privacy-policy\/#breadcrumb"},"inLanguage":"es","potentialAction":[{"@type":"ReadAction","target":["https:\/\/blazevuedigi.com\/privacy-policy\/"]}]},{"@type":"ImageObject","inLanguage":"es","@id":"https:\/\/blazevuedigi.com\/privacy-policy\/#primaryimage","url":"https:\/\/blazevuedigi.com\/wp-content\/uploads\/2023\/01\/illustrationletstalk.png","contentUrl":"https:\/\/blazevuedigi.com\/wp-content\/uploads\/2023\/01\/illustrationletstalk.png"},{"@type":"BreadcrumbList","@id":"https:\/\/blazevuedigi.com\/privacy-policy\/#breadcrumb","itemListElement":[{"@type":"ListItem","position":1,"name":"Home","item":"https:\/\/blazevuedigi.com\/"},{"@type":"ListItem","position":2,"name":"Privacy Policy"}]},{"@type":"WebSite","@id":"https:\/\/blazevuedigi.com\/#website","url":"https:\/\/blazevuedigi.com\/","name":"Blazevue","description":"","publisher":{"@id":"https:\/\/blazevuedigi.com\/#organization"},"potentialAction":[{"@type":"SearchAction","target":{"@type":"EntryPoint","urlTemplate":"https:\/\/blazevuedigi.com\/?s={search_term_string}"},"query-input":"required name=search_term_string"}],"inLanguage":"es"},{"@type":"Organization","@id":"https:\/\/blazevuedigi.com\/#organization","name":"Blazevue","url":"https:\/\/blazevuedigi.com\/","logo":{"@type":"ImageObject","inLanguage":"es","@id":"https:\/\/blazevuedigi.com\/#\/schema\/logo\/image\/","url":"https:\/\/blazevuedigi.com\/wp-content\/uploads\/2023\/05\/blazevuedigi-logo.svg","contentUrl":"https:\/\/blazevuedigi.com\/wp-content\/uploads\/2023\/05\/blazevuedigi-logo.svg","width":161,"height":50,"caption":"Blazevue"},"image":{"@id":"https:\/\/blazevuedigi.com\/#\/schema\/logo\/image\/"},"sameAs":["https:\/\/www.facebook.com\/profile.php?id=100089035842494","https:\/\/x.com\/blazevue","https:\/\/medium.com\/@blazevue4u","https:\/\/www.linkedin.com\/in\/blazevue-inc-10846726b\/"]}]}},"_links":{"self":[{"href":"https:\/\/blazevuedigi.com\/es\/wp-json\/wp\/v2\/pages\/484"}],"collection":[{"href":"https:\/\/blazevuedigi.com\/es\/wp-json\/wp\/v2\/pages"}],"about":[{"href":"https:\/\/blazevuedigi.com\/es\/wp-json\/wp\/v2\/types\/page"}],"author":[{"embeddable":true,"href":"https:\/\/blazevuedigi.com\/es\/wp-json\/wp\/v2\/users\/1"}],"replies":[{"embeddable":true,"href":"https:\/\/blazevuedigi.com\/es\/wp-json\/wp\/v2\/comments?post=484"}],"version-history":[{"count":19,"href":"https:\/\/blazevuedigi.com\/es\/wp-json\/wp\/v2\/pages\/484\/revisions"}],"predecessor-version":[{"id":1517,"href":"https:\/\/blazevuedigi.com\/es\/wp-json\/wp\/v2\/pages\/484\/revisions\/1517"}],"wp:attachment":[{"href":"https:\/\/blazevuedigi.com\/es\/wp-json\/wp\/v2\/media?parent=484"}],"curies":[{"name":"wp","href":"https:\/\/api.w.org\/{rel}","templated":true}]}}