{"id":832,"date":"2023-03-16T16:29:10","date_gmt":"2023-03-16T16:29:10","guid":{"rendered":"https:\/\/blazevuedigi.com\/?page_id=832"},"modified":"2023-04-16T04:03:19","modified_gmt":"2023-04-16T04:03:19","slug":"terms-of-use","status":"publish","type":"page","link":"https:\/\/blazevuedigi.com\/es\/terms-of-use\/","title":{"rendered":"Condiciones de uso"},"content":{"rendered":"<div data-elementor-type=\"wp-page\" data-elementor-id=\"832\" class=\"elementor elementor-832\">\n\t\t\t\t\t\t<section class=\"elementor-section elementor-top-section elementor-element elementor-element-69b2a105 elementor-section-boxed elementor-section-height-default elementor-section-height-default\" data-id=\"69b2a105\" data-element_type=\"section\">\n\t\t\t\t\t\t<div class=\"elementor-container elementor-column-gap-default\">\n\t\t\t\t\t<div class=\"elementor-column elementor-col-100 elementor-top-column elementor-element elementor-element-33fa8d7d\" data-id=\"33fa8d7d\" data-element_type=\"column\">\n\t\t\t<div class=\"elementor-widget-wrap elementor-element-populated\">\n\t\t\t\t\t\t<div class=\"elementor-element elementor-element-6bcf3b03 elementor-widget elementor-widget-text-editor\" data-id=\"6bcf3b03\" data-element_type=\"widget\" data-widget_type=\"text-editor.default\">\n\t\t\t\t<div class=\"elementor-widget-container\">\n\t\t\t<style>\/*! elementor - v3.23.0 - 05-08-2024 *\/\n.elementor-widget-text-editor.elementor-drop-cap-view-stacked .elementor-drop-cap{background-color:#69727d;color:#fff}.elementor-widget-text-editor.elementor-drop-cap-view-framed .elementor-drop-cap{color:#69727d;border:3px solid;background-color:transparent}.elementor-widget-text-editor:not(.elementor-drop-cap-view-default) .elementor-drop-cap{margin-top:8px}.elementor-widget-text-editor:not(.elementor-drop-cap-view-default) .elementor-drop-cap-letter{width:1em;height:1em}.elementor-widget-text-editor .elementor-drop-cap{float:left;text-align:center;line-height:1;font-size:50px}.elementor-widget-text-editor .elementor-drop-cap-letter{display:inline-block}<\/style>\t\t\t\t<h1>Condiciones de uso<\/h1><p><span style=\"font-style: inherit; font-weight: inherit; color: var( --e-global-color-text ); background-color: var(--ast-global-color-5);\">Al acceder o utilizar los servicios de Blazevue Digi Solutions, usted acepta los siguientes t\u00e9rminos y condiciones. Por favor, l\u00e9alas cuidadosamente antes de continuar.<\/span><\/p><h4>SERVICIOS<\/h4><p><span style=\"font-style: inherit; font-weight: inherit; color: var( --e-global-color-text ); background-color: var(--ast-global-color-5);\">En Blazevue Digi Solutions, brindamos servicios de desarrollo de software, marketing digital y dise\u00f1o de marca para ayudar a nuestros clientes a lograr sus objetivos. Nuestros servicios est\u00e1n orientados a elevar la presencia en l\u00ednea de nuestros clientes, impulsar el reconocimiento de marca y facilitar el logro de sus objetivos comerciales.<\/span><\/p><h4>PRECIOS<\/h4><p>Todos los proyectos y servicios tienen un precio de acuerdo con el alcance del trabajo que se requiere. Blazevue Digi Solutions le proporcionar\u00e1 un presupuesto detallado o una cotizaci\u00f3n de los servicios que necesita. El trabajo adicional m\u00e1s all\u00e1 del alcance de la estimaci\u00f3n puede resultar en cargos adicionales.<\/p><h4>PAGO<\/h4><p>Blazevue Digi Solutions acepta pagos mediante transferencia bancaria directa o pasarela de pago. Todos los saldos pendientes deben pagarse en su totalidad antes de que se proporcionen los entregables finales.<\/p><h4>PERIODO DE TIEMPO<\/h4><p>Despu\u00e9s de revisar su proyecto, Blazevue Digi Solutions le proporcionar\u00e1 un plazo estimado para su finalizaci\u00f3n. Tenga en cuenta que este plazo est\u00e1 sujeto a cambios seg\u00fan el alcance del trabajo y la comunicaci\u00f3n entre ambas partes. Nuestro equipo har\u00e1 todos los esfuerzos razonables para completar su proyecto dentro del plazo estimado.<\/p><h4>CONFIDENCIALIDAD<\/h4><p>Blazevue Digi Solutions se compromete a mantener la confidencialidad de toda la informaci\u00f3n y los materiales del cliente. No revelaremos ninguna informaci\u00f3n confidencial sobre nuestros clientes o sus proyectos a terceros sin el permiso previo del cliente.<\/p><h4>DERECHOS DE AUTOR<\/h4><p>Durante el per\u00edodo del proyecto, Blazevue Digi Solutions tiene la propiedad intelectual de todos los dise\u00f1os producidos para nuestros clientes. Sin embargo, una vez liquidados todos los saldos pendientes, el cliente obtendr\u00e1 la propiedad total de los dise\u00f1os.<\/p><h4>RESE\u00d1AS<\/h4><p>Blazevue Digi Solutions puede solicitar una revisi\u00f3n del cliente de nuestros servicios al finalizar el proyecto. Utilizamos las rese\u00f1as para mejorar nuestros servicios y asegurarnos de que ofrecemos el mejor servicio posible a nuestros clientes.<\/p><h4><span style=\"font-style: inherit; font-weight: inherit; color: var( --e-global-color-text ); background-color: var(--ast-global-color-5);\">TERMINACI\u00d3N<\/span><\/h4><p>Cualquiera de las partes puede rescindir el servicio en cualquier momento mediante notificaci\u00f3n por escrito. Si Blazevue Digi Solutions finaliza el servicio debido al incumplimiento del contrato por parte del cliente, el cliente ser\u00e1 responsable de todos los saldos pendientes.<\/p><h4>LIMITACI\u00d3N DE RESPONSABILIDAD<\/h4><p>Blazevue Digi Solutions no es responsable de ning\u00fan da\u00f1o, p\u00e9rdida o gasto que surja del uso o mal uso de los servicios prestados por parte del cliente. El cliente acepta indemnizar a Blazevue Digi Solutions y eximirnos de cualquier reclamo o da\u00f1o relacionado con nuestros servicios.<\/p><h4>LEY QUE RIGE<\/h4><p>Estos T\u00e9rminos de servicio y cualquier disputa que surja de ellos se rigen e interpretan de acuerdo con las leyes del pa\u00eds de la India.<\/p><h4>MODIFICACIONES<\/h4><p>Blazevue Digi Solutions se reserva el derecho de modificar nuestros T\u00e9rminos de servicio en cualquier momento. Proporcionaremos un aviso en nuestro sitio web o por correo electr\u00f3nico si se han realizado cambios.<\/p><h4>CONT\u00c1CTENOS<\/h4><p><span style=\"font-style: inherit; font-weight: inherit; color: var( --e-global-color-text ); background-color: var(--ast-global-color-5);\">Si tiene alguna pregunta sobre nuestros T\u00e9rminos de servicio o nuestros servicios, cont\u00e1ctenos en contact@blazevuedigi.com<\/span><\/p>\t\t\t\t\t\t<\/div>\n\t\t\t\t<\/div>\n\t\t\t\t\t<\/div>\n\t\t<\/div>\n\t\t\t\t\t<\/div>\n\t\t<\/section>\n\t\t\t\t<section class=\"elementor-section elementor-top-section elementor-element elementor-element-8a80a24 elementor-section-boxed elementor-section-height-default elementor-section-height-default\" data-id=\"8a80a24\" data-element_type=\"section\">\n\t\t\t\t\t\t<div class=\"elementor-container elementor-column-gap-default\">\n\t\t\t\t\t<div class=\"elementor-column elementor-col-100 elementor-top-column elementor-element elementor-element-02b0aee\" data-id=\"02b0aee\" data-element_type=\"column\">\n\t\t\t<div class=\"elementor-widget-wrap elementor-element-populated\">\n\t\t\t\t\t\t<section class=\"elementor-section elementor-inner-section elementor-element elementor-element-3ce41bdb evaluate_cta elementor-section-content-middle elementor-section-boxed elementor-section-height-default elementor-section-height-default\" data-id=\"3ce41bdb\" data-element_type=\"section\" data-settings=\"{&quot;background_background&quot;:&quot;classic&quot;}\">\n\t\t\t\t\t\t<div class=\"elementor-container elementor-column-gap-default\">\n\t\t\t\t\t<div class=\"elementor-column elementor-col-50 elementor-inner-column elementor-element elementor-element-36a6b238\" data-id=\"36a6b238\" data-element_type=\"column\">\n\t\t\t<div class=\"elementor-widget-wrap elementor-element-populated\">\n\t\t\t\t\t\t<div class=\"elementor-element elementor-element-50fd9a44 elementor-widget elementor-widget-image\" data-id=\"50fd9a44\" data-element_type=\"widget\" data-widget_type=\"image.default\">\n\t\t\t\t<div class=\"elementor-widget-container\">\n\t\t\t<style>\/*! elementor - v3.23.0 - 05-08-2024 *\/\n.elementor-widget-image{text-align:center}.elementor-widget-image a{display:inline-block}.elementor-widget-image a img[src$=\".svg\"]{width:48px}.elementor-widget-image img{vertical-align:middle;display:inline-block}<\/style>\t\t\t\t\t\t\t\t\t\t<img decoding=\"async\" width=\"127\" height=\"122\" src=\"https:\/\/blazevuedigi.com\/wp-content\/uploads\/2023\/01\/illustrationletstalk.png\" class=\"attachment-large size-large wp-image-202\" alt=\"\" \/>\t\t\t\t\t\t\t\t\t\t\t\t\t<\/div>\n\t\t\t\t<\/div>\n\t\t\t\t\t<\/div>\n\t\t<\/div>\n\t\t\t\t<div class=\"elementor-column elementor-col-50 elementor-inner-column elementor-element elementor-element-53007b24\" data-id=\"53007b24\" data-element_type=\"column\">\n\t\t\t<div class=\"elementor-widget-wrap elementor-element-populated\">\n\t\t\t\t\t\t<div class=\"elementor-element elementor-element-212df88e elementor-widget elementor-widget-heading\" data-id=\"212df88e\" data-element_type=\"widget\" data-widget_type=\"heading.default\">\n\t\t\t\t<div class=\"elementor-widget-container\">\n\t\t\t<style>\/*! elementor - v3.23.0 - 05-08-2024 *\/\n.elementor-heading-title{padding:0;margin:0;line-height:1}.elementor-widget-heading .elementor-heading-title[class*=elementor-size-]>a{color:inherit;font-size:inherit;line-height:inherit}.elementor-widget-heading .elementor-heading-title.elementor-size-small{font-size:15px}.elementor-widget-heading .elementor-heading-title.elementor-size-medium{font-size:19px}.elementor-widget-heading .elementor-heading-title.elementor-size-large{font-size:29px}.elementor-widget-heading .elementor-heading-title.elementor-size-xl{font-size:39px}.elementor-widget-heading .elementor-heading-title.elementor-size-xxl{font-size:59px}<\/style><h5 class=\"elementor-heading-title elementor-size-default\">\u00bfDesea evaluar Blazevue?<\/h5>\t\t<\/div>\n\t\t\t\t<\/div>\n\t\t\t\t<div class=\"elementor-element elementor-element-696020ff elementor-widget elementor-widget-text-editor\" data-id=\"696020ff\" data-element_type=\"widget\" data-widget_type=\"text-editor.default\">\n\t\t\t\t<div class=\"elementor-widget-container\">\n\t\t\t\t\t\t\t<p>P\u00f3ngase en contacto con nosotros y podemos ayudarlo a comenzar en poco tiempo. \u00a1Es f\u00e1cil!<\/p>\t\t\t\t\t\t<\/div>\n\t\t\t\t<\/div>\n\t\t\t\t<div class=\"elementor-element elementor-element-3c8840f3 elementor-widget elementor-widget-button\" data-id=\"3c8840f3\" data-element_type=\"widget\" data-widget_type=\"button.default\">\n\t\t\t\t<div class=\"elementor-widget-container\">\n\t\t\t\t\t<div class=\"elementor-button-wrapper\">\n\t\t\t<a class=\"elementor-button elementor-button-link elementor-size-md\" href=\"https:\/\/blazevuedigi.com\/es\/contact-us\/\">\n\t\t\t\t\t\t<span class=\"elementor-button-content-wrapper\">\n\t\t\t\t\t\t\t\t\t<span class=\"elementor-button-text\">Hablemos<\/span>\n\t\t\t\t\t<\/span>\n\t\t\t\t\t<\/a>\n\t\t<\/div>\n\t\t\t\t<\/div>\n\t\t\t\t<\/div>\n\t\t\t\t\t<\/div>\n\t\t<\/div>\n\t\t\t\t\t<\/div>\n\t\t<\/section>\n\t\t\t\t\t<\/div>\n\t\t<\/div>\n\t\t\t\t\t<\/div>\n\t\t<\/section>\n\t\t\t\t<\/div>","protected":false},"excerpt":{"rendered":"<p>Terms of Use By accessing or using the services of Blazevue Digi Solutions, you agree to the following terms and conditions. Please read them carefully before proceeding. SERVICES At Blazevue Digi Solutions, we provide Software Development Services, Digital Marketing, and Branding Design services to assist our clients in achieving their objectives. Our services are geared [&hellip;]<\/p>","protected":false},"author":1,"featured_media":0,"parent":0,"menu_order":0,"comment_status":"closed","ping_status":"closed","template":"","meta":{"inline_featured_image":false,"site-sidebar-layout":"no-sidebar","site-content-layout":"page-builder","ast-site-content-layout":"","site-content-style":"default","site-sidebar-style":"default","ast-global-header-display":"","ast-banner-title-visibility":"","ast-main-header-display":"","ast-hfb-above-header-display":"","ast-hfb-below-header-display":"","ast-hfb-mobile-header-display":"","site-post-title":"disabled","ast-breadcrumbs-content":"","ast-featured-img":"disabled","footer-sml-layout":"","theme-transparent-header-meta":"","adv-header-id-meta":"","stick-header-meta":"","header-above-stick-meta":"","header-main-stick-meta":"","header-below-stick-meta":"","astra-migrate-meta-layouts":"default","ast-page-background-enabled":"default","ast-page-background-meta":{"desktop":{"background-color":"var(--ast-global-color-4)","background-image":"","background-repeat":"repeat","background-position":"center center","background-size":"auto","background-attachment":"scroll","background-type":"","background-media":"","overlay-type":"","overlay-color":"","overlay-opacity":"","overlay-gradient":""},"tablet":{"background-color":"","background-image":"","background-repeat":"repeat","background-position":"center center","background-size":"auto","background-attachment":"scroll","background-type":"","background-media":"","overlay-type":"","overlay-color":"","overlay-opacity":"","overlay-gradient":""},"mobile":{"background-color":"","background-image":"","background-repeat":"repeat","background-position":"center center","background-size":"auto","background-attachment":"scroll","background-type":"","background-media":"","overlay-type":"","overlay-color":"","overlay-opacity":"","overlay-gradient":""}},"ast-content-background-meta":{"desktop":{"background-color":"var(--ast-global-color-5)","background-image":"","background-repeat":"repeat","background-position":"center center","background-size":"auto","background-attachment":"scroll","background-type":"","background-media":"","overlay-type":"","overlay-color":"","overlay-opacity":"","overlay-gradient":""},"tablet":{"background-color":"var(--ast-global-color-5)","background-image":"","background-repeat":"repeat","background-position":"center center","background-size":"auto","background-attachment":"scroll","background-type":"","background-media":"","overlay-type":"","overlay-color":"","overlay-opacity":"","overlay-gradient":""},"mobile":{"background-color":"var(--ast-global-color-5)","background-image":"","background-repeat":"repeat","background-position":"center center","background-size":"auto","background-attachment":"scroll","background-type":"","background-media":"","overlay-type":"","overlay-color":"","overlay-opacity":"","overlay-gradient":""}},"footnotes":""},"class_list":["post-832","page","type-page","status-publish","hentry"],"yoast_head":"<!-- This site is optimized with the Yoast SEO plugin v23.3 - https:\/\/yoast.com\/wordpress\/plugins\/seo\/ -->\n<title>Terms of Use - Blazevue<\/title>\n<meta name=\"robots\" content=\"index, follow, max-snippet:-1, max-image-preview:large, max-video-preview:-1\" \/>\n<link rel=\"canonical\" href=\"https:\/\/blazevuedigi.com\/es\/terms-of-use\/\" \/>\n<meta property=\"og:locale\" content=\"es_ES\" \/>\n<meta property=\"og:type\" content=\"article\" \/>\n<meta property=\"og:title\" content=\"Terms of Use - Blazevue\" \/>\n<meta property=\"og:description\" content=\"Terms of Use By accessing or using the services of Blazevue Digi Solutions, you agree to the following terms and conditions. Please read them carefully before proceeding. SERVICES At Blazevue Digi Solutions, we provide Software Development Services, Digital Marketing, and Branding Design services to assist our clients in achieving their objectives. Our services are geared [&hellip;]\" \/>\n<meta property=\"og:url\" content=\"https:\/\/blazevuedigi.com\/es\/terms-of-use\/\" \/>\n<meta property=\"og:site_name\" content=\"Blazevue\" \/>\n<meta property=\"article:publisher\" content=\"https:\/\/www.facebook.com\/profile.php?id=100089035842494\" \/>\n<meta property=\"article:modified_time\" content=\"2023-04-16T04:03:19+00:00\" \/>\n<meta property=\"og:image\" content=\"https:\/\/blazevuedigi.com\/wp-content\/uploads\/2023\/01\/illustrationletstalk.png\" \/>\n<meta name=\"twitter:card\" content=\"summary_large_image\" \/>\n<meta name=\"twitter:site\" content=\"@blazevue\" \/>\n<meta name=\"twitter:label1\" content=\"Tiempo de lectura\" \/>\n\t<meta name=\"twitter:data1\" content=\"3 minutos\" \/>\n<script type=\"application\/ld+json\" class=\"yoast-schema-graph\">{\"@context\":\"https:\/\/schema.org\",\"@graph\":[{\"@type\":\"WebPage\",\"@id\":\"https:\/\/blazevuedigi.com\/terms-of-use\/\",\"url\":\"https:\/\/blazevuedigi.com\/terms-of-use\/\",\"name\":\"Terms of Use - Blazevue\",\"isPartOf\":{\"@id\":\"https:\/\/blazevuedigi.com\/#website\"},\"primaryImageOfPage\":{\"@id\":\"https:\/\/blazevuedigi.com\/terms-of-use\/#primaryimage\"},\"image\":{\"@id\":\"https:\/\/blazevuedigi.com\/terms-of-use\/#primaryimage\"},\"thumbnailUrl\":\"https:\/\/blazevuedigi.com\/wp-content\/uploads\/2023\/01\/illustrationletstalk.png\",\"datePublished\":\"2023-03-16T16:29:10+00:00\",\"dateModified\":\"2023-04-16T04:03:19+00:00\",\"breadcrumb\":{\"@id\":\"https:\/\/blazevuedigi.com\/terms-of-use\/#breadcrumb\"},\"inLanguage\":\"es\",\"potentialAction\":[{\"@type\":\"ReadAction\",\"target\":[\"https:\/\/blazevuedigi.com\/terms-of-use\/\"]}]},{\"@type\":\"ImageObject\",\"inLanguage\":\"es\",\"@id\":\"https:\/\/blazevuedigi.com\/terms-of-use\/#primaryimage\",\"url\":\"https:\/\/blazevuedigi.com\/wp-content\/uploads\/2023\/01\/illustrationletstalk.png\",\"contentUrl\":\"https:\/\/blazevuedigi.com\/wp-content\/uploads\/2023\/01\/illustrationletstalk.png\"},{\"@type\":\"BreadcrumbList\",\"@id\":\"https:\/\/blazevuedigi.com\/terms-of-use\/#breadcrumb\",\"itemListElement\":[{\"@type\":\"ListItem\",\"position\":1,\"name\":\"Home\",\"item\":\"https:\/\/blazevuedigi.com\/\"},{\"@type\":\"ListItem\",\"position\":2,\"name\":\"Terms of Use\"}]},{\"@type\":\"WebSite\",\"@id\":\"https:\/\/blazevuedigi.com\/#website\",\"url\":\"https:\/\/blazevuedigi.com\/\",\"name\":\"Blazevue\",\"description\":\"\",\"publisher\":{\"@id\":\"https:\/\/blazevuedigi.com\/#organization\"},\"potentialAction\":[{\"@type\":\"SearchAction\",\"target\":{\"@type\":\"EntryPoint\",\"urlTemplate\":\"https:\/\/blazevuedigi.com\/?s={search_term_string}\"},\"query-input\":\"required name=search_term_string\"}],\"inLanguage\":\"es\"},{\"@type\":\"Organization\",\"@id\":\"https:\/\/blazevuedigi.com\/#organization\",\"name\":\"Blazevue\",\"url\":\"https:\/\/blazevuedigi.com\/\",\"logo\":{\"@type\":\"ImageObject\",\"inLanguage\":\"es\",\"@id\":\"https:\/\/blazevuedigi.com\/#\/schema\/logo\/image\/\",\"url\":\"https:\/\/blazevuedigi.com\/wp-content\/uploads\/2023\/05\/blazevuedigi-logo.svg\",\"contentUrl\":\"https:\/\/blazevuedigi.com\/wp-content\/uploads\/2023\/05\/blazevuedigi-logo.svg\",\"width\":161,\"height\":50,\"caption\":\"Blazevue\"},\"image\":{\"@id\":\"https:\/\/blazevuedigi.com\/#\/schema\/logo\/image\/\"},\"sameAs\":[\"https:\/\/www.facebook.com\/profile.php?id=100089035842494\",\"https:\/\/x.com\/blazevue\",\"https:\/\/medium.com\/@blazevue4u\",\"https:\/\/www.linkedin.com\/in\/blazevue-inc-10846726b\/\"]}]}<\/script>\n<!-- \/ Yoast SEO plugin. -->","yoast_head_json":{"title":"Terms of Use - Blazevue","robots":{"index":"index","follow":"follow","max-snippet":"max-snippet:-1","max-image-preview":"max-image-preview:large","max-video-preview":"max-video-preview:-1"},"canonical":"https:\/\/blazevuedigi.com\/es\/terms-of-use\/","og_locale":"es_ES","og_type":"article","og_title":"Terms of Use - Blazevue","og_description":"Terms of Use By accessing or using the services of Blazevue Digi Solutions, you agree to the following terms and conditions. Please read them carefully before proceeding. SERVICES At Blazevue Digi Solutions, we provide Software Development Services, Digital Marketing, and Branding Design services to assist our clients in achieving their objectives. Our services are geared [&hellip;]","og_url":"https:\/\/blazevuedigi.com\/es\/terms-of-use\/","og_site_name":"Blazevue","article_publisher":"https:\/\/www.facebook.com\/profile.php?id=100089035842494","article_modified_time":"2023-04-16T04:03:19+00:00","og_image":[{"url":"https:\/\/blazevuedigi.com\/wp-content\/uploads\/2023\/01\/illustrationletstalk.png"}],"twitter_card":"summary_large_image","twitter_site":"@blazevue","twitter_misc":{"Tiempo de lectura":"3 minutos"},"schema":{"@context":"https:\/\/schema.org","@graph":[{"@type":"WebPage","@id":"https:\/\/blazevuedigi.com\/terms-of-use\/","url":"https:\/\/blazevuedigi.com\/terms-of-use\/","name":"Terms of Use - Blazevue","isPartOf":{"@id":"https:\/\/blazevuedigi.com\/#website"},"primaryImageOfPage":{"@id":"https:\/\/blazevuedigi.com\/terms-of-use\/#primaryimage"},"image":{"@id":"https:\/\/blazevuedigi.com\/terms-of-use\/#primaryimage"},"thumbnailUrl":"https:\/\/blazevuedigi.com\/wp-content\/uploads\/2023\/01\/illustrationletstalk.png","datePublished":"2023-03-16T16:29:10+00:00","dateModified":"2023-04-16T04:03:19+00:00","breadcrumb":{"@id":"https:\/\/blazevuedigi.com\/terms-of-use\/#breadcrumb"},"inLanguage":"es","potentialAction":[{"@type":"ReadAction","target":["https:\/\/blazevuedigi.com\/terms-of-use\/"]}]},{"@type":"ImageObject","inLanguage":"es","@id":"https:\/\/blazevuedigi.com\/terms-of-use\/#primaryimage","url":"https:\/\/blazevuedigi.com\/wp-content\/uploads\/2023\/01\/illustrationletstalk.png","contentUrl":"https:\/\/blazevuedigi.com\/wp-content\/uploads\/2023\/01\/illustrationletstalk.png"},{"@type":"BreadcrumbList","@id":"https:\/\/blazevuedigi.com\/terms-of-use\/#breadcrumb","itemListElement":[{"@type":"ListItem","position":1,"name":"Home","item":"https:\/\/blazevuedigi.com\/"},{"@type":"ListItem","position":2,"name":"Terms of Use"}]},{"@type":"WebSite","@id":"https:\/\/blazevuedigi.com\/#website","url":"https:\/\/blazevuedigi.com\/","name":"Blazevue","description":"","publisher":{"@id":"https:\/\/blazevuedigi.com\/#organization"},"potentialAction":[{"@type":"SearchAction","target":{"@type":"EntryPoint","urlTemplate":"https:\/\/blazevuedigi.com\/?s={search_term_string}"},"query-input":"required name=search_term_string"}],"inLanguage":"es"},{"@type":"Organization","@id":"https:\/\/blazevuedigi.com\/#organization","name":"Blazevue","url":"https:\/\/blazevuedigi.com\/","logo":{"@type":"ImageObject","inLanguage":"es","@id":"https:\/\/blazevuedigi.com\/#\/schema\/logo\/image\/","url":"https:\/\/blazevuedigi.com\/wp-content\/uploads\/2023\/05\/blazevuedigi-logo.svg","contentUrl":"https:\/\/blazevuedigi.com\/wp-content\/uploads\/2023\/05\/blazevuedigi-logo.svg","width":161,"height":50,"caption":"Blazevue"},"image":{"@id":"https:\/\/blazevuedigi.com\/#\/schema\/logo\/image\/"},"sameAs":["https:\/\/www.facebook.com\/profile.php?id=100089035842494","https:\/\/x.com\/blazevue","https:\/\/medium.com\/@blazevue4u","https:\/\/www.linkedin.com\/in\/blazevue-inc-10846726b\/"]}]}},"_links":{"self":[{"href":"https:\/\/blazevuedigi.com\/es\/wp-json\/wp\/v2\/pages\/832"}],"collection":[{"href":"https:\/\/blazevuedigi.com\/es\/wp-json\/wp\/v2\/pages"}],"about":[{"href":"https:\/\/blazevuedigi.com\/es\/wp-json\/wp\/v2\/types\/page"}],"author":[{"embeddable":true,"href":"https:\/\/blazevuedigi.com\/es\/wp-json\/wp\/v2\/users\/1"}],"replies":[{"embeddable":true,"href":"https:\/\/blazevuedigi.com\/es\/wp-json\/wp\/v2\/comments?post=832"}],"version-history":[{"count":7,"href":"https:\/\/blazevuedigi.com\/es\/wp-json\/wp\/v2\/pages\/832\/revisions"}],"predecessor-version":[{"id":1520,"href":"https:\/\/blazevuedigi.com\/es\/wp-json\/wp\/v2\/pages\/832\/revisions\/1520"}],"wp:attachment":[{"href":"https:\/\/blazevuedigi.com\/es\/wp-json\/wp\/v2\/media?parent=832"}],"curies":[{"name":"wp","href":"https:\/\/api.w.org\/{rel}","templated":true}]}}