{"id":832,"date":"2023-03-16T16:29:10","date_gmt":"2023-03-16T16:29:10","guid":{"rendered":"https:\/\/blazevuedigi.com\/?page_id=832"},"modified":"2023-04-16T04:03:19","modified_gmt":"2023-04-16T04:03:19","slug":"terms-of-use","status":"publish","type":"page","link":"https:\/\/blazevuedigi.com\/fr\/terms-of-use\/","title":{"rendered":"Conditions d&#039;utilisation"},"content":{"rendered":"<div data-elementor-type=\"wp-page\" data-elementor-id=\"832\" class=\"elementor elementor-832\">\n\t\t\t\t\t\t<section class=\"elementor-section elementor-top-section elementor-element elementor-element-69b2a105 elementor-section-boxed elementor-section-height-default elementor-section-height-default\" data-id=\"69b2a105\" data-element_type=\"section\">\n\t\t\t\t\t\t<div class=\"elementor-container elementor-column-gap-default\">\n\t\t\t\t\t<div class=\"elementor-column elementor-col-100 elementor-top-column elementor-element elementor-element-33fa8d7d\" data-id=\"33fa8d7d\" data-element_type=\"column\">\n\t\t\t<div class=\"elementor-widget-wrap elementor-element-populated\">\n\t\t\t\t\t\t<div class=\"elementor-element elementor-element-6bcf3b03 elementor-widget elementor-widget-text-editor\" data-id=\"6bcf3b03\" data-element_type=\"widget\" data-widget_type=\"text-editor.default\">\n\t\t\t\t<div class=\"elementor-widget-container\">\n\t\t\t<style>\/*! elementor - v3.23.0 - 05-08-2024 *\/\n.elementor-widget-text-editor.elementor-drop-cap-view-stacked .elementor-drop-cap{background-color:#69727d;color:#fff}.elementor-widget-text-editor.elementor-drop-cap-view-framed .elementor-drop-cap{color:#69727d;border:3px solid;background-color:transparent}.elementor-widget-text-editor:not(.elementor-drop-cap-view-default) .elementor-drop-cap{margin-top:8px}.elementor-widget-text-editor:not(.elementor-drop-cap-view-default) .elementor-drop-cap-letter{width:1em;height:1em}.elementor-widget-text-editor .elementor-drop-cap{float:left;text-align:center;line-height:1;font-size:50px}.elementor-widget-text-editor .elementor-drop-cap-letter{display:inline-block}<\/style>\t\t\t\t<h1>Conditions d&#039;utilisation<\/h1><p><span style=\"font-style: inherit; font-weight: inherit; color: var( --e-global-color-text ); background-color: var(--ast-global-color-5);\">En acc\u00e9dant ou en utilisant les services de Blazevue Digi Solutions, vous acceptez les termes et conditions suivants. Veuillez les lire attentivement avant de continuer.<\/span><\/p><h4>PRESTATIONS DE SERVICE<\/h4><p><span style=\"font-style: inherit; font-weight: inherit; color: var( --e-global-color-text ); background-color: var(--ast-global-color-5);\">Chez Blazevue Digi Solutions, nous fournissons des services de d\u00e9veloppement de logiciels, de marketing num\u00e9rique et de conception de marque pour aider nos clients \u00e0 atteindre leurs objectifs. Nos services visent \u00e0 accro\u00eetre la pr\u00e9sence en ligne de nos clients, \u00e0 renforcer la reconnaissance de la marque et \u00e0 faciliter la r\u00e9alisation de leurs objectifs commerciaux.<\/span><\/p><h4>PRIX<\/h4><p>Tous les projets et services sont tarif\u00e9s en fonction de l&#039;\u00e9tendue des travaux requis. Blazevue Digi Solutions vous fournira une estimation d\u00e9taill\u00e9e ou un devis pour les services dont vous avez besoin. Des travaux suppl\u00e9mentaires au-del\u00e0 de la port\u00e9e de l&#039;estimation peuvent entra\u00eener des frais suppl\u00e9mentaires.<\/p><h4>PAIEMENT<\/h4><p>Blazevue Digi Solutions accepte les paiements par virement bancaire direct ou passerelle de paiement. Tous les soldes impay\u00e9s doivent \u00eatre pay\u00e9s en totalit\u00e9 avant que les livrables finaux ne soient fournis.<\/p><h4>D\u00c9LAI<\/h4><p>Apr\u00e8s avoir examin\u00e9 votre projet, Blazevue Digi Solutions vous fournira une estimation du d\u00e9lai de r\u00e9alisation. Veuillez noter que ce d\u00e9lai est susceptible de changer en fonction de l&#039;\u00e9tendue des travaux et de la communication entre les deux parties. Notre \u00e9quipe fera tous les efforts raisonnables pour r\u00e9aliser votre projet dans les d\u00e9lais estim\u00e9s.<\/p><h4>CONFIDENTIALIT\u00c9<\/h4><p>Blazevue Digi Solutions s&#039;engage \u00e0 garder toutes les informations et tous les documents des clients confidentiels. Nous ne divulguerons aucune information confidentielle concernant nos clients ou leurs projets \u00e0 des tiers sans l&#039;autorisation pr\u00e9alable du client.<\/p><h4>DROITS D&#039;AUTEUR<\/h4><p>Pendant la dur\u00e9e du projet, Blazevue Digi Solutions d\u00e9tient les droits d&#039;auteur sur toutes les conceptions produites pour nos clients. Cependant, une fois tous les soldes impay\u00e9s r\u00e9gl\u00e9s, le client obtiendra la propri\u00e9t\u00e9 compl\u00e8te des conceptions.<\/p><h4>COMMENTAIRES<\/h4><p>Blazevue Digi Solutions peut demander un examen client de nos services \u00e0 la fin du projet. Nous utilisons les avis pour am\u00e9liorer nos services et nous assurer que nous fournissons le meilleur service possible \u00e0 nos clients.<\/p><h4><span style=\"font-style: inherit; font-weight: inherit; color: var( --e-global-color-text ); background-color: var(--ast-global-color-5);\">R\u00c9SILIATION<\/span><\/h4><p>Chacune des parties peut r\u00e9silier le service \u00e0 tout moment moyennant un pr\u00e9avis \u00e9crit. Si Blazevue Digi Solutions r\u00e9silie le service en raison d&#039;une rupture de contrat du client, le client sera responsable de tous les soldes impay\u00e9s.<\/p><h4>LIMITATION DE RESPONSABILIT\u00c9<\/h4><p>Blazevue Digi Solutions n&#039;est pas responsable des dommages, pertes ou d\u00e9penses r\u00e9sultant de l&#039;utilisation ou de la mauvaise utilisation par le client des services fournis. Le client s&#039;engage \u00e0 indemniser Blazevue Digi Solutions et \u00e0 nous d\u00e9gager de toute r\u00e9clamation ou dommage li\u00e9 \u00e0 nos services.<\/p><h4>LOI APPLICABLE<\/h4><p>Ces conditions d&#039;utilisation et tout litige en d\u00e9coulant sont r\u00e9gis et interpr\u00e9t\u00e9s conform\u00e9ment aux lois du pays de l&#039;Inde.<\/p><h4>MODIFICATIONS<\/h4><p>Blazevue Digi Solutions se r\u00e9serve le droit de modifier nos conditions d&#039;utilisation \u00e0 tout moment. Nous fournirons un avis sur notre site Web ou par e-mail si des modifications ont \u00e9t\u00e9 apport\u00e9es.<\/p><h4>CONTACTEZ-NOUS<\/h4><p><span style=\"font-style: inherit; font-weight: inherit; color: var( --e-global-color-text ); background-color: var(--ast-global-color-5);\">Si vous avez des questions sur nos conditions d&#039;utilisation ou nos services, veuillez nous contacter \u00e0 contact@blazevuedigi.com<\/span><\/p>\t\t\t\t\t\t<\/div>\n\t\t\t\t<\/div>\n\t\t\t\t\t<\/div>\n\t\t<\/div>\n\t\t\t\t\t<\/div>\n\t\t<\/section>\n\t\t\t\t<section class=\"elementor-section elementor-top-section elementor-element elementor-element-8a80a24 elementor-section-boxed elementor-section-height-default elementor-section-height-default\" data-id=\"8a80a24\" data-element_type=\"section\">\n\t\t\t\t\t\t<div class=\"elementor-container elementor-column-gap-default\">\n\t\t\t\t\t<div class=\"elementor-column elementor-col-100 elementor-top-column elementor-element elementor-element-02b0aee\" data-id=\"02b0aee\" data-element_type=\"column\">\n\t\t\t<div class=\"elementor-widget-wrap elementor-element-populated\">\n\t\t\t\t\t\t<section class=\"elementor-section elementor-inner-section elementor-element elementor-element-3ce41bdb evaluate_cta elementor-section-content-middle elementor-section-boxed elementor-section-height-default elementor-section-height-default\" data-id=\"3ce41bdb\" data-element_type=\"section\" data-settings=\"{&quot;background_background&quot;:&quot;classic&quot;}\">\n\t\t\t\t\t\t<div class=\"elementor-container elementor-column-gap-default\">\n\t\t\t\t\t<div class=\"elementor-column elementor-col-50 elementor-inner-column elementor-element elementor-element-36a6b238\" data-id=\"36a6b238\" data-element_type=\"column\">\n\t\t\t<div class=\"elementor-widget-wrap elementor-element-populated\">\n\t\t\t\t\t\t<div class=\"elementor-element elementor-element-50fd9a44 elementor-widget elementor-widget-image\" data-id=\"50fd9a44\" data-element_type=\"widget\" data-widget_type=\"image.default\">\n\t\t\t\t<div class=\"elementor-widget-container\">\n\t\t\t<style>\/*! elementor - v3.23.0 - 05-08-2024 *\/\n.elementor-widget-image{text-align:center}.elementor-widget-image a{display:inline-block}.elementor-widget-image a img[src$=\".svg\"]{width:48px}.elementor-widget-image img{vertical-align:middle;display:inline-block}<\/style>\t\t\t\t\t\t\t\t\t\t<img decoding=\"async\" width=\"127\" height=\"122\" src=\"https:\/\/blazevuedigi.com\/wp-content\/uploads\/2023\/01\/illustrationletstalk.png\" class=\"attachment-large size-large wp-image-202\" alt=\"\" \/>\t\t\t\t\t\t\t\t\t\t\t\t\t<\/div>\n\t\t\t\t<\/div>\n\t\t\t\t\t<\/div>\n\t\t<\/div>\n\t\t\t\t<div class=\"elementor-column elementor-col-50 elementor-inner-column elementor-element elementor-element-53007b24\" data-id=\"53007b24\" data-element_type=\"column\">\n\t\t\t<div class=\"elementor-widget-wrap elementor-element-populated\">\n\t\t\t\t\t\t<div class=\"elementor-element elementor-element-212df88e elementor-widget elementor-widget-heading\" data-id=\"212df88e\" data-element_type=\"widget\" data-widget_type=\"heading.default\">\n\t\t\t\t<div class=\"elementor-widget-container\">\n\t\t\t<style>\/*! elementor - v3.23.0 - 05-08-2024 *\/\n.elementor-heading-title{padding:0;margin:0;line-height:1}.elementor-widget-heading .elementor-heading-title[class*=elementor-size-]>a{color:inherit;font-size:inherit;line-height:inherit}.elementor-widget-heading .elementor-heading-title.elementor-size-small{font-size:15px}.elementor-widget-heading .elementor-heading-title.elementor-size-medium{font-size:19px}.elementor-widget-heading .elementor-heading-title.elementor-size-large{font-size:29px}.elementor-widget-heading .elementor-heading-title.elementor-size-xl{font-size:39px}.elementor-widget-heading .elementor-heading-title.elementor-size-xxl{font-size:59px}<\/style><h5 class=\"elementor-heading-title elementor-size-default\">Vous souhaitez \u00e9valuer Blazevue ?<\/h5>\t\t<\/div>\n\t\t\t\t<\/div>\n\t\t\t\t<div class=\"elementor-element elementor-element-696020ff elementor-widget elementor-widget-text-editor\" data-id=\"696020ff\" data-element_type=\"widget\" data-widget_type=\"text-editor.default\">\n\t\t\t\t<div class=\"elementor-widget-container\">\n\t\t\t\t\t\t\t<p>Contactez-nous et nous pouvons vous aider \u00e0 d\u00e9marrer en un rien de temps. C&#039;est si facile!<\/p>\t\t\t\t\t\t<\/div>\n\t\t\t\t<\/div>\n\t\t\t\t<div class=\"elementor-element elementor-element-3c8840f3 elementor-widget elementor-widget-button\" data-id=\"3c8840f3\" data-element_type=\"widget\" data-widget_type=\"button.default\">\n\t\t\t\t<div class=\"elementor-widget-container\">\n\t\t\t\t\t<div class=\"elementor-button-wrapper\">\n\t\t\t<a class=\"elementor-button elementor-button-link elementor-size-md\" href=\"https:\/\/blazevuedigi.com\/fr\/contact-us\/\">\n\t\t\t\t\t\t<span class=\"elementor-button-content-wrapper\">\n\t\t\t\t\t\t\t\t\t<span class=\"elementor-button-text\">Parlons<\/span>\n\t\t\t\t\t<\/span>\n\t\t\t\t\t<\/a>\n\t\t<\/div>\n\t\t\t\t<\/div>\n\t\t\t\t<\/div>\n\t\t\t\t\t<\/div>\n\t\t<\/div>\n\t\t\t\t\t<\/div>\n\t\t<\/section>\n\t\t\t\t\t<\/div>\n\t\t<\/div>\n\t\t\t\t\t<\/div>\n\t\t<\/section>\n\t\t\t\t<\/div>","protected":false},"excerpt":{"rendered":"<p>Terms of Use By accessing or using the services of Blazevue Digi Solutions, you agree to the following terms and conditions. Please read them carefully before proceeding. SERVICES At Blazevue Digi Solutions, we provide Software Development Services, Digital Marketing, and Branding Design services to assist our clients in achieving their objectives. Our services are geared [&hellip;]<\/p>","protected":false},"author":1,"featured_media":0,"parent":0,"menu_order":0,"comment_status":"closed","ping_status":"closed","template":"","meta":{"inline_featured_image":false,"site-sidebar-layout":"no-sidebar","site-content-layout":"page-builder","ast-site-content-layout":"","site-content-style":"default","site-sidebar-style":"default","ast-global-header-display":"","ast-banner-title-visibility":"","ast-main-header-display":"","ast-hfb-above-header-display":"","ast-hfb-below-header-display":"","ast-hfb-mobile-header-display":"","site-post-title":"disabled","ast-breadcrumbs-content":"","ast-featured-img":"disabled","footer-sml-layout":"","theme-transparent-header-meta":"","adv-header-id-meta":"","stick-header-meta":"","header-above-stick-meta":"","header-main-stick-meta":"","header-below-stick-meta":"","astra-migrate-meta-layouts":"default","ast-page-background-enabled":"default","ast-page-background-meta":{"desktop":{"background-color":"var(--ast-global-color-4)","background-image":"","background-repeat":"repeat","background-position":"center center","background-size":"auto","background-attachment":"scroll","background-type":"","background-media":"","overlay-type":"","overlay-color":"","overlay-opacity":"","overlay-gradient":""},"tablet":{"background-color":"","background-image":"","background-repeat":"repeat","background-position":"center center","background-size":"auto","background-attachment":"scroll","background-type":"","background-media":"","overlay-type":"","overlay-color":"","overlay-opacity":"","overlay-gradient":""},"mobile":{"background-color":"","background-image":"","background-repeat":"repeat","background-position":"center center","background-size":"auto","background-attachment":"scroll","background-type":"","background-media":"","overlay-type":"","overlay-color":"","overlay-opacity":"","overlay-gradient":""}},"ast-content-background-meta":{"desktop":{"background-color":"var(--ast-global-color-5)","background-image":"","background-repeat":"repeat","background-position":"center center","background-size":"auto","background-attachment":"scroll","background-type":"","background-media":"","overlay-type":"","overlay-color":"","overlay-opacity":"","overlay-gradient":""},"tablet":{"background-color":"var(--ast-global-color-5)","background-image":"","background-repeat":"repeat","background-position":"center center","background-size":"auto","background-attachment":"scroll","background-type":"","background-media":"","overlay-type":"","overlay-color":"","overlay-opacity":"","overlay-gradient":""},"mobile":{"background-color":"var(--ast-global-color-5)","background-image":"","background-repeat":"repeat","background-position":"center center","background-size":"auto","background-attachment":"scroll","background-type":"","background-media":"","overlay-type":"","overlay-color":"","overlay-opacity":"","overlay-gradient":""}},"footnotes":""},"class_list":["post-832","page","type-page","status-publish","hentry"],"yoast_head":"<!-- This site is optimized with the Yoast SEO plugin v23.3 - https:\/\/yoast.com\/wordpress\/plugins\/seo\/ -->\n<title>Terms of Use - Blazevue<\/title>\n<meta name=\"robots\" content=\"index, follow, max-snippet:-1, max-image-preview:large, max-video-preview:-1\" \/>\n<link rel=\"canonical\" href=\"https:\/\/blazevuedigi.com\/fr\/terms-of-use\/\" \/>\n<meta property=\"og:locale\" content=\"fr_FR\" \/>\n<meta property=\"og:type\" content=\"article\" \/>\n<meta property=\"og:title\" content=\"Terms of Use - Blazevue\" \/>\n<meta property=\"og:description\" content=\"Terms of Use By accessing or using the services of Blazevue Digi Solutions, you agree to the following terms and conditions. Please read them carefully before proceeding. SERVICES At Blazevue Digi Solutions, we provide Software Development Services, Digital Marketing, and Branding Design services to assist our clients in achieving their objectives. Our services are geared [&hellip;]\" \/>\n<meta property=\"og:url\" content=\"https:\/\/blazevuedigi.com\/fr\/terms-of-use\/\" \/>\n<meta property=\"og:site_name\" content=\"Blazevue\" \/>\n<meta property=\"article:publisher\" content=\"https:\/\/www.facebook.com\/profile.php?id=100089035842494\" \/>\n<meta property=\"article:modified_time\" content=\"2023-04-16T04:03:19+00:00\" \/>\n<meta property=\"og:image\" content=\"https:\/\/blazevuedigi.com\/wp-content\/uploads\/2023\/01\/illustrationletstalk.png\" \/>\n<meta name=\"twitter:card\" content=\"summary_large_image\" \/>\n<meta name=\"twitter:site\" content=\"@blazevue\" \/>\n<meta name=\"twitter:label1\" content=\"Dur\u00e9e de lecture estim\u00e9e\" \/>\n\t<meta name=\"twitter:data1\" content=\"3 minutes\" \/>\n<script type=\"application\/ld+json\" class=\"yoast-schema-graph\">{\"@context\":\"https:\/\/schema.org\",\"@graph\":[{\"@type\":\"WebPage\",\"@id\":\"https:\/\/blazevuedigi.com\/terms-of-use\/\",\"url\":\"https:\/\/blazevuedigi.com\/terms-of-use\/\",\"name\":\"Terms of Use - Blazevue\",\"isPartOf\":{\"@id\":\"https:\/\/blazevuedigi.com\/#website\"},\"primaryImageOfPage\":{\"@id\":\"https:\/\/blazevuedigi.com\/terms-of-use\/#primaryimage\"},\"image\":{\"@id\":\"https:\/\/blazevuedigi.com\/terms-of-use\/#primaryimage\"},\"thumbnailUrl\":\"https:\/\/blazevuedigi.com\/wp-content\/uploads\/2023\/01\/illustrationletstalk.png\",\"datePublished\":\"2023-03-16T16:29:10+00:00\",\"dateModified\":\"2023-04-16T04:03:19+00:00\",\"breadcrumb\":{\"@id\":\"https:\/\/blazevuedigi.com\/terms-of-use\/#breadcrumb\"},\"inLanguage\":\"fr-FR\",\"potentialAction\":[{\"@type\":\"ReadAction\",\"target\":[\"https:\/\/blazevuedigi.com\/terms-of-use\/\"]}]},{\"@type\":\"ImageObject\",\"inLanguage\":\"fr-FR\",\"@id\":\"https:\/\/blazevuedigi.com\/terms-of-use\/#primaryimage\",\"url\":\"https:\/\/blazevuedigi.com\/wp-content\/uploads\/2023\/01\/illustrationletstalk.png\",\"contentUrl\":\"https:\/\/blazevuedigi.com\/wp-content\/uploads\/2023\/01\/illustrationletstalk.png\"},{\"@type\":\"BreadcrumbList\",\"@id\":\"https:\/\/blazevuedigi.com\/terms-of-use\/#breadcrumb\",\"itemListElement\":[{\"@type\":\"ListItem\",\"position\":1,\"name\":\"Home\",\"item\":\"https:\/\/blazevuedigi.com\/\"},{\"@type\":\"ListItem\",\"position\":2,\"name\":\"Terms of Use\"}]},{\"@type\":\"WebSite\",\"@id\":\"https:\/\/blazevuedigi.com\/#website\",\"url\":\"https:\/\/blazevuedigi.com\/\",\"name\":\"Blazevue\",\"description\":\"\",\"publisher\":{\"@id\":\"https:\/\/blazevuedigi.com\/#organization\"},\"potentialAction\":[{\"@type\":\"SearchAction\",\"target\":{\"@type\":\"EntryPoint\",\"urlTemplate\":\"https:\/\/blazevuedigi.com\/?s={search_term_string}\"},\"query-input\":\"required name=search_term_string\"}],\"inLanguage\":\"fr-FR\"},{\"@type\":\"Organization\",\"@id\":\"https:\/\/blazevuedigi.com\/#organization\",\"name\":\"Blazevue\",\"url\":\"https:\/\/blazevuedigi.com\/\",\"logo\":{\"@type\":\"ImageObject\",\"inLanguage\":\"fr-FR\",\"@id\":\"https:\/\/blazevuedigi.com\/#\/schema\/logo\/image\/\",\"url\":\"https:\/\/blazevuedigi.com\/wp-content\/uploads\/2023\/05\/blazevuedigi-logo.svg\",\"contentUrl\":\"https:\/\/blazevuedigi.com\/wp-content\/uploads\/2023\/05\/blazevuedigi-logo.svg\",\"width\":161,\"height\":50,\"caption\":\"Blazevue\"},\"image\":{\"@id\":\"https:\/\/blazevuedigi.com\/#\/schema\/logo\/image\/\"},\"sameAs\":[\"https:\/\/www.facebook.com\/profile.php?id=100089035842494\",\"https:\/\/x.com\/blazevue\",\"https:\/\/medium.com\/@blazevue4u\",\"https:\/\/www.linkedin.com\/in\/blazevue-inc-10846726b\/\"]}]}<\/script>\n<!-- \/ Yoast SEO plugin. -->","yoast_head_json":{"title":"Terms of Use - Blazevue","robots":{"index":"index","follow":"follow","max-snippet":"max-snippet:-1","max-image-preview":"max-image-preview:large","max-video-preview":"max-video-preview:-1"},"canonical":"https:\/\/blazevuedigi.com\/fr\/terms-of-use\/","og_locale":"fr_FR","og_type":"article","og_title":"Terms of Use - Blazevue","og_description":"Terms of Use By accessing or using the services of Blazevue Digi Solutions, you agree to the following terms and conditions. Please read them carefully before proceeding. SERVICES At Blazevue Digi Solutions, we provide Software Development Services, Digital Marketing, and Branding Design services to assist our clients in achieving their objectives. Our services are geared [&hellip;]","og_url":"https:\/\/blazevuedigi.com\/fr\/terms-of-use\/","og_site_name":"Blazevue","article_publisher":"https:\/\/www.facebook.com\/profile.php?id=100089035842494","article_modified_time":"2023-04-16T04:03:19+00:00","og_image":[{"url":"https:\/\/blazevuedigi.com\/wp-content\/uploads\/2023\/01\/illustrationletstalk.png"}],"twitter_card":"summary_large_image","twitter_site":"@blazevue","twitter_misc":{"Dur\u00e9e de lecture estim\u00e9e":"3 minutes"},"schema":{"@context":"https:\/\/schema.org","@graph":[{"@type":"WebPage","@id":"https:\/\/blazevuedigi.com\/terms-of-use\/","url":"https:\/\/blazevuedigi.com\/terms-of-use\/","name":"Terms of Use - Blazevue","isPartOf":{"@id":"https:\/\/blazevuedigi.com\/#website"},"primaryImageOfPage":{"@id":"https:\/\/blazevuedigi.com\/terms-of-use\/#primaryimage"},"image":{"@id":"https:\/\/blazevuedigi.com\/terms-of-use\/#primaryimage"},"thumbnailUrl":"https:\/\/blazevuedigi.com\/wp-content\/uploads\/2023\/01\/illustrationletstalk.png","datePublished":"2023-03-16T16:29:10+00:00","dateModified":"2023-04-16T04:03:19+00:00","breadcrumb":{"@id":"https:\/\/blazevuedigi.com\/terms-of-use\/#breadcrumb"},"inLanguage":"fr-FR","potentialAction":[{"@type":"ReadAction","target":["https:\/\/blazevuedigi.com\/terms-of-use\/"]}]},{"@type":"ImageObject","inLanguage":"fr-FR","@id":"https:\/\/blazevuedigi.com\/terms-of-use\/#primaryimage","url":"https:\/\/blazevuedigi.com\/wp-content\/uploads\/2023\/01\/illustrationletstalk.png","contentUrl":"https:\/\/blazevuedigi.com\/wp-content\/uploads\/2023\/01\/illustrationletstalk.png"},{"@type":"BreadcrumbList","@id":"https:\/\/blazevuedigi.com\/terms-of-use\/#breadcrumb","itemListElement":[{"@type":"ListItem","position":1,"name":"Home","item":"https:\/\/blazevuedigi.com\/"},{"@type":"ListItem","position":2,"name":"Terms of Use"}]},{"@type":"WebSite","@id":"https:\/\/blazevuedigi.com\/#website","url":"https:\/\/blazevuedigi.com\/","name":"Blazevue","description":"","publisher":{"@id":"https:\/\/blazevuedigi.com\/#organization"},"potentialAction":[{"@type":"SearchAction","target":{"@type":"EntryPoint","urlTemplate":"https:\/\/blazevuedigi.com\/?s={search_term_string}"},"query-input":"required name=search_term_string"}],"inLanguage":"fr-FR"},{"@type":"Organization","@id":"https:\/\/blazevuedigi.com\/#organization","name":"Blazevue","url":"https:\/\/blazevuedigi.com\/","logo":{"@type":"ImageObject","inLanguage":"fr-FR","@id":"https:\/\/blazevuedigi.com\/#\/schema\/logo\/image\/","url":"https:\/\/blazevuedigi.com\/wp-content\/uploads\/2023\/05\/blazevuedigi-logo.svg","contentUrl":"https:\/\/blazevuedigi.com\/wp-content\/uploads\/2023\/05\/blazevuedigi-logo.svg","width":161,"height":50,"caption":"Blazevue"},"image":{"@id":"https:\/\/blazevuedigi.com\/#\/schema\/logo\/image\/"},"sameAs":["https:\/\/www.facebook.com\/profile.php?id=100089035842494","https:\/\/x.com\/blazevue","https:\/\/medium.com\/@blazevue4u","https:\/\/www.linkedin.com\/in\/blazevue-inc-10846726b\/"]}]}},"_links":{"self":[{"href":"https:\/\/blazevuedigi.com\/fr\/wp-json\/wp\/v2\/pages\/832"}],"collection":[{"href":"https:\/\/blazevuedigi.com\/fr\/wp-json\/wp\/v2\/pages"}],"about":[{"href":"https:\/\/blazevuedigi.com\/fr\/wp-json\/wp\/v2\/types\/page"}],"author":[{"embeddable":true,"href":"https:\/\/blazevuedigi.com\/fr\/wp-json\/wp\/v2\/users\/1"}],"replies":[{"embeddable":true,"href":"https:\/\/blazevuedigi.com\/fr\/wp-json\/wp\/v2\/comments?post=832"}],"version-history":[{"count":7,"href":"https:\/\/blazevuedigi.com\/fr\/wp-json\/wp\/v2\/pages\/832\/revisions"}],"predecessor-version":[{"id":1520,"href":"https:\/\/blazevuedigi.com\/fr\/wp-json\/wp\/v2\/pages\/832\/revisions\/1520"}],"wp:attachment":[{"href":"https:\/\/blazevuedigi.com\/fr\/wp-json\/wp\/v2\/media?parent=832"}],"curies":[{"name":"wp","href":"https:\/\/api.w.org\/{rel}","templated":true}]}}